{"id":28900,"date":"2020-05-04T21:22:21","date_gmt":"2020-05-04T19:22:21","guid":{"rendered":"https:\/\/papierblau.ch\/?page_id=28900"},"modified":"2025-08-07T21:14:40","modified_gmt":"2025-08-07T19:14:40","slug":"agb","status":"publish","type":"page","link":"https:\/\/papierblau.ch\/en\/agb\/","title":{"rendered":"General terms and conditions"},"content":{"rendered":"<p>[et_pb_section fb_built=&#8220;1&#8243; admin_label=&#8220;section&#8220; _builder_version=&#8220;4.16&#8243; global_colors_info=&#8220;{}&#8220;][et_pb_row admin_label=&#8220;row&#8220; _builder_version=&#8220;4.16&#8243; background_size=&#8220;initial&#8220; background_position=&#8220;top_left&#8220; background_repeat=&#8220;repeat&#8220; global_colors_info=&#8220;{}&#8220;][et_pb_column type=&#8220;4_4&#8243; _builder_version=&#8220;4.16&#8243; custom_padding=&#8220;|||&#8220; global_colors_info=&#8220;{}&#8220; custom_padding__hover=&#8220;|||&#8220;][et_pb_text admin_label=&#8220;Text&#8220; _builder_version=&#8220;4.21.0&#8243; background_size=&#8220;initial&#8220; background_position=&#8220;top_left&#8220; background_repeat=&#8220;repeat&#8220; hover_enabled=&#8220;0&#8243; global_colors_info=&#8220;{}&#8220; sticky_enabled=&#8220;0&#8243;]<\/p>\n<p><!-- divi:heading {\"level\":1} --><\/p>\n<h1>ALLGEMEINE GESCH\u00c4FTSBEDINGUNGEN (AGB)<\/h1>\n<p><!-- divi:heading --><\/p>\n<h2>Geltungsbereich<\/h2>\n<p><!-- divi:paragraph -->F\u00fcr s\u00e4mtliche Bestellungen \u00fcber den Online-Shop von Papierblau gelten diese AGB in der zum Zeitpunkt der Bestellung g\u00fcltigen Fassung. Abweichende Regelungen bed\u00fcrfen der Schriftform.<\/p>\n<p><!-- divi:paragraph -->Das Angebot auf dieser Website richtet sich ausschliesslich an Kunden mit Wohnsitz in der Schweiz. Als Kunde wird jede nat\u00fcrliche und juristische Person bezeichnet.<\/p>\n<p><!-- divi:heading --><\/p>\n<h2>Informationen auf dieser Webseite<\/h2>\n<p><!-- divi:paragraph -->S\u00e4mtliche Angebote auf dieser Webseite gelten als freibleibend und sind nicht als verbindliche Offerte zu verstehen.\u00a0Angaben zu Verf\u00fcgbarkeit und Lieferzeiten sind ohne Gew\u00e4hr und k\u00f6nnen sich jederzeit und ohne Ank\u00fcndigung \u00e4ndern.<\/p>\n<p><!-- divi:heading --><\/p>\n<h2>Vertragsabschluss<\/h2>\n<p><!-- divi:paragraph -->Durch das Anklicken des Buttons\u00a0\u00abJetzt kaufen\u00bb\u00a0gibt der Kunde eine verbindliche Bestellung ab. Der Kunde erh\u00e4lt daraufhin umgehend eine Bestellbest\u00e4tigung von Papierblau per E-Mail. Mit deren Empfang kommt der Vertrag zustande. Die Annahme erfolgt unter Vorbehalt der Verf\u00fcgbarkeit des\/r bestellten Produkts\/e.<\/p>\n<p><!-- divi:heading --><\/p>\n<h2>Preis<\/h2>\n<p><!-- divi:paragraph -->Die Preise im Shop sind ausschliesslich in CHF ausgewiesen. Nicht inbegriffen im Preis sind die Kosten f\u00fcr den Versand und allf\u00e4llige Bearbeitungsgeb\u00fchren. Die Kosten f\u00fcr den Versand und allf\u00e4lligen weiteren Geb\u00fchren werden im Warenkorb separat ausgewiesen. Die Preise beinhalten keine Mehrwertsteuer, da Papierblau nicht mehrwertsteuerpflichtig ist. Die Bezahlung s\u00e4mtlicher Bestellungen erfolgt ausschliesslich in Schweizer Franken (CHF).<\/p>\n<p><!-- divi:heading --><\/p>\n<h2>Zahlung<\/h2>\n<p><!-- divi:paragraph -->\u00dcberweisung bitte per PayPal (Kreditkarte) oder per Vorkasse auf das angegebene Konto innerhalb von 7 Tagen seit Empfang der Bestellbest\u00e4tigung.<\/p>\n<p><!-- divi:heading --><\/p>\n<h2>Versand<\/h2>\n<p><!-- divi:paragraph -->Ihre Ware wird in der Regel mit der Schweizerischen Post versandt. Falls nichts anders vereinbart, wird die Ware mit B-Post\u00a0verschickt.<\/p>\n<p><!-- divi:paragraph -->Papierblau ist ein One-Women-Betrieb. Es kann deshalb sein, dass Lieferungen nicht umgehend verschickt werden k\u00f6nnen. Die Lieferung erfolgt aber immer so schnell wie m\u00f6glich innert 14 Tagen nach Zahlungseingang. Mit \u00dcbergabe an das eingesetzte Transportunternehmen ist die Leistung von Papierblau erf\u00fcllt. Nach der Versendung geht die Gefahr der zuf\u00e4lligen Verschlechterung und des zuf\u00e4lligen Untergangs der Ware auf den Kunden \u00fcber. F\u00fcr das Verschulden des eingesetzten Transportunternehmens tr\u00e4gt Papierblau keine Haftung.<\/p>\n<p><!-- divi:heading --><\/p>\n<h2>Storno der Bestellung<\/h2>\n<p><!-- divi:paragraph -->Eine Stornierung der Bestellung ist nur vor der Lieferung m\u00f6glich.<\/p>\n<p><!-- divi:heading --><\/p>\n<h2>Widerrufsrecht<\/h2>\n<p><!-- divi:paragraph -->R\u00fccksendung von nicht personalisierter Ware ist innert 10 Tagen nach Erhalt ohne Angabe von Gr\u00fcnden m\u00f6glich. Der Artikel muss unbenutzt und in einwandfreiem Zustand sein, ansonsten findet keine R\u00fcckzahlung statt. Zur\u00fcckerstattet wird der Gesamtkaufbetrag abz\u00fcglich der angefallenen Spesen f\u00fcr den Versand. Die R\u00fcckgabe von personalisierter Ware und von digitalen Produkten ist nicht m\u00f6glich. Aktions- und Rabattgutscheine werden ebenso nicht zur\u00fcckerstattet.<\/p>\n<p><!-- divi:paragraph -->Die R\u00fccksendung hat an folgende Adresse unter Angabe der Bestellnummer zu erfolgen:<\/p>\n<p><!-- divi:paragraph -->Manuela N\u00e4f<br \/>Papierblau<br \/>Schriberweidstrasse 22<br \/>8330 Pf\u00e4ffikon<\/p>\n<p><!-- divi:heading --><\/p>\n<h2>M\u00e4ngel\/Umtausch<\/h2>\n<p><!-- divi:paragraph -->Reklamationen m\u00fcssen innerhalb von 14 Tagen nach Erhalt der Sendung erfolgen. Bei berechtigten Reklamationen stehen dem Kunden einer der gesetzlichen Gew\u00e4hrleistungsanspr\u00fcche nach alleinigem Ermessen von Papierblau zu (R\u00fccknahme, Minderung, Ersatzlieferung).<\/p>\n<p><!-- divi:paragraph -->Das Porto f\u00fcr eine allf\u00e4llige R\u00fccksendung, zwecks Umtausches oder Behebung der M\u00e4ngel, \u00fcbernimmt der Kunde.<\/p>\n<p><!-- divi:paragraph -->Umtausch\/R\u00fcckgabe ist nur bei M\u00e4ngeln, falscher Lieferung oder defekter Ware m\u00f6glich.<\/p>\n<p><!-- divi:paragraph -->Farbabweichungen zu den Produktbildern im Online-Shop gelten nicht als Mangel. Die Abbildungen im Online-Shop sind unverbindlich und dienen nur der Illustration.<\/p>\n<p><!-- divi:paragraph -->R\u00fccksendungen haben unter Angabe der Bestellnummer und des Reklamationsgrundes an folgende Adresse zu erfolgen:<\/p>\n<p><!-- divi:paragraph -->Manuela N\u00e4f<br \/>Papierblau<br \/>Schriberweidstrasse 22<br \/>8330 Pf\u00e4ffikon\u00a0<\/p>\n<p><!-- divi:heading --><\/p>\n<h2>Datenschutz<\/h2>\n<p><!-- divi:paragraph --><\/p>\n<div><span lang=\"EN-US\">Willigt der Kunde beim Bestellprozess ein, den Newsletter von Papierblau zu erhalten, werden seine Daten f\u00fcr den Versand des Newsletters verwendet. Ausserdem werden die Daten f\u00fcr die Erf\u00fcllung des Vertrages verwendet und in diesem Zusammenhang allenfalls an Dienstleistungspartner weitergegeben (z.B. Logistikpartner). Ausserdem wird eine einmalige Aufforderung zur Bewertung von Produkten oder dem Shop per E-Mail versendet. <\/span>Die weiteren Datenschutzbestimmungen entnehmen Sie bitte der <a href=\"https:\/\/papierblau.ch\/datenschutzerklaerung\">Datenschutzerkl\u00e4rung<\/a>.<\/div>\n<p><!-- divi:heading --><\/p>\n<h2>Eigentumsvorbehalt\u00a0<\/h2>\n<p><!-- divi:paragraph -->Bis zur vollst\u00e4ndigen (d. h. endg\u00fcltigen und vorbehaltslosen) Bezahlung des Gesamtkaufpreises bleibt die Ware im Eigentum von Papierblau.<\/p>\n<p><!-- divi:heading --><\/p>\n<h2>Immaterialg\u00fcterrechte<\/h2>\n<p>Das Urheberrecht an kreativen und gestalterischen Leistungen richtet sich nach den gesetzlichen Bestimmungen. Anderweitige als die im Vertrag vereinbarten Verwendungen bed\u00fcrfen der ausdr\u00fccklichen Zustimmung von Papierblau.<\/p>\n<p><!-- divi:heading --><\/p>\n<h2>Haftungsbeschr\u00e4nkung<\/h2>\n<p><!-- divi:paragraph -->Alle F\u00e4lle von Vertragsverletzungen und deren Rechtsfolgen sowie alle Anspr\u00fcche des Kunden unabh\u00e4ngig des Rechtsgrundes sind in diesem AGB abschliessend geregelt. Papierblau\u00a0haftet sodann nur f\u00fcr Sch\u00e4den, die am Liefergegenstand (direkte Sch\u00e4den) entstanden sind. F\u00fcr Sch\u00e4den, die nicht am Liefergegenstand selbst entstanden sind (indirekte Sch\u00e4den), insbesondere nicht f\u00fcr den entgangenen Gewinn oder sonstige Verm\u00f6genssch\u00e4den des Kunden, ist die Haftung ausgeschlossen. In jedem Fall haftet\u00a0Papierblau\u00a0nur f\u00fcr Sch\u00e4den, die auf vors\u00e4tzliches oder grob fahrl\u00e4ssiges Verhalten zur\u00fcckzuf\u00fchren sind. Die Haftung ist auf die H\u00f6he des Gesamtkaufbetrages beschr\u00e4nkt.<\/p>\n<p><!-- divi:heading --><\/p>\n<h2>Gerichtsstand<\/h2>\n<p><!-- divi:paragraph -->Als Gerichtsstand wird Pf\u00e4ffikon ZH vereinbart. Zwingende Gerichtst\u00e4nde bleiben vorbehalten. Im Falle von Streitigkeiten kommt ausschliesslich Schweizer Recht zur Anwendung unter Ausschluss der kollisionsrechtlichen Normen des Wiener Kaufrechts.<\/p>\n<p><!-- divi:paragraph --><\/p>\n<div>\n<p><span>Pf\u00e4ffikon, 19. September 2023<o:p><\/o:p><\/span><\/p>\n<\/div>\n<p>&nbsp;<\/p>\n<p><!-- \/divi:paragraph --><\/p>\n<p>[\/et_pb_text][et_pb_text _module_preset=&#8220;default&#8220;]<\/p>\n<div class=\"woocommerce woocommerce-gzd woocommerce-gzd-complaints-shortcode\">\n\t\t\t<h3>Alternative Dispute Resolution in accordance with Art. 14 (1) ODR-VO and \u00a7 36 VSBG:<\/h3>\n\t\nZur Teilnahme an einem Streitbeilegungsverfahren vor einer Verbraucherschlichtungsstelle sind wir nicht verpflichtet und nicht bereit.<\/div>\n<p>[\/et_pb_text][\/et_pb_column][\/et_pb_row][\/et_pb_section]<\/p>\n","protected":false},"excerpt":{"rendered":"<p>ALLGEMEINE GESCH\u00c4FTSBEDINGUNGEN (AGB) Geltungsbereich F\u00fcr s\u00e4mtliche Bestellungen \u00fcber den Online-Shop von Papierblau gelten diese AGB in der zum Zeitpunkt der Bestellung g\u00fcltigen Fassung. Abweichende Regelungen bed\u00fcrfen der Schriftform. Das Angebot auf dieser Website richtet sich ausschliesslich an Kunden mit Wohnsitz in der Schweiz. Als Kunde wird jede nat\u00fcrliche und juristische Person bezeichnet. Informationen auf dieser [&hellip;]<\/p>\n","protected":false},"author":1,"featured_media":0,"parent":0,"menu_order":0,"comment_status":"closed","ping_status":"open","template":"","meta":{"_et_pb_use_builder":"on","_et_pb_old_content":"<!-- wp:heading {\"level\":1} -->\n<h1>ALLGEMEINE GESCH\u00c4FTSBEDINGUNGEN (AGB)<\/h1>\n<!-- \/wp:heading -->\n\n<!-- wp:heading -->\n<h2>Geltungsbereich<\/h2>\n<!-- \/wp:heading -->\n\n<!-- wp:paragraph -->\n<p>F\u00fcr s\u00e4mtliche Bestellungen \u00fcber den Online-Shop von Papierblau gelten diese AGB in der zum Zeitpunkt der Bestellung g\u00fcltigen Fassung. Abweichende Regelungen bed\u00fcrfen der Schriftform.<\/p>\n<!-- \/wp:paragraph -->\n\n<!-- wp:paragraph -->\n<p>Das Angebot auf dieser Website richtet sich ausschliesslich an Kunden mit Wohnsitz in der Schweiz, Deutschland und \u00d6sterreich. Als Kunde wird jede nat\u00fcrliche und juristische Person bezeichnet.<\/p>\n<!-- \/wp:paragraph -->\n\n<!-- wp:heading -->\n<h2>Informationen auf dieser Webseite<\/h2>\n<!-- \/wp:heading -->\n\n<!-- wp:paragraph -->\n<p>S\u00e4mtliche Angebote auf dieser Webseite gelten als freibleibend und sind nicht als verbindliche Offerte zu verstehen.&nbsp;Angaben zu Verf\u00fcgbarkeit und Lieferzeiten sind ohne Gew\u00e4hr und k\u00f6nnen sich jederzeit und ohne Ank\u00fcndigung \u00e4ndern.<\/p>\n<!-- \/wp:paragraph -->\n\n<!-- wp:heading -->\n<h2>Vertragsabschluss<\/h2>\n<!-- \/wp:heading -->\n\n<!-- wp:paragraph -->\n<p>Durch das Anklicken des Buttons&nbsp;\u00abBestellung abschicken\u00bb&nbsp;gibt der Kunde eine verbindliche Bestellung ab. Der Kunde erh\u00e4lt daraufhin umgehend eine Bestellbest\u00e4tigung von Papierblau per E-Mail. Mit deren Empfang kommt der Vertrag zustande. Die Annahme erfolgt unter Vorbehalt der Verf\u00fcgbarkeit des\/r bestellten Produkts\/e.<\/p>\n<!-- \/wp:paragraph -->\n\n<!-- wp:heading -->\n<h2>Preis<\/h2>\n<!-- \/wp:heading -->\n\n<!-- wp:paragraph -->\n<p>Die Preise im Shop sind ausschliesslich in CHF ausgewiesen. Nicht inbegriffen im Preis sind die Kosten f\u00fcr den Versand und allf\u00e4llige Bearbeitungsgeb\u00fchren. Die Kosten f\u00fcr den Versand und allf\u00e4lligen weiteren Geb\u00fchren werden im Warenkorb separat ausgewiesen. Die Preise beinhalten keine Mehrwertsteuer, da Papierblau nicht mehrwertsteuerpflichtig ist. Die Bezahlung s\u00e4mtlicher Bestellungen erfolgt ausschliesslich in Schweizer Franken (CHF).<\/p>\n<!-- \/wp:paragraph -->\n\n<!-- wp:heading -->\n<h2>Zahlung &nbsp;<\/h2>\n<!-- \/wp:heading -->\n\n<!-- wp:paragraph -->\n<p>\u00dcberweisung bitte per PayPal (Kreditkarte) oder per Vorkasse auf das angegebene Konto innerhalb von 7 Tagen seit Empfang der Bestellbest\u00e4tigung.<\/p>\n<!-- \/wp:paragraph -->\n\n<!-- wp:heading -->\n<h2>Versand &nbsp;<\/h2>\n<!-- \/wp:heading -->\n\n<!-- wp:paragraph -->\n<p>Ihre Ware wird in der Regel mit der Schweizerischen Post versandt. Falls nichts anders vereinbart, wird die Ware mit B-Post&nbsp;verschickt.<\/p>\n<!-- \/wp:paragraph -->\n\n<!-- wp:paragraph -->\n<p>Papierblau ist ein One-Women-Betrieb. Es kann deshalb sein, dass Lieferungen nicht umgehend verschickt werden k\u00f6nnen. Die Lieferung erfolgt aber immer so schnell wie m\u00f6glich innert 14 Tagen nach Zahlungseingang. Mit \u00dcbergabe an das eingesetzte Transportunternehmen ist die Leistung von Papierblau erf\u00fcllt. Nach der Versendung geht die Gefahr der zuf\u00e4lligen Verschlechterung und des zuf\u00e4lligen Untergangs der Ware auf den Kunden \u00fcber. F\u00fcr das Verschulden des eingesetzten Transportunternehmens tr\u00e4gt Papierblau keine Haftung.<\/p>\n<!-- \/wp:paragraph -->\n\n<!-- wp:heading -->\n<h2>Storno der Bestellung&nbsp;<\/h2>\n<!-- \/wp:heading -->\n\n<!-- wp:paragraph -->\n<p>Eine Stornierung der Bestellung ist nur vor der Lieferung m\u00f6glich.<\/p>\n<!-- \/wp:paragraph -->\n\n<!-- wp:heading -->\n<h2>Widerrufsrecht<\/h2>\n<!-- \/wp:heading -->\n\n<!-- wp:paragraph -->\n<p>R\u00fccksendung von nicht personalisierter Ware ist innert 10 Tagen nach Erhalt ohne Angabe von Gr\u00fcnden m\u00f6glich. Der Artikel muss unbenutzt und in einwandfreiem Zustand sein, ansonsten findet keine R\u00fcckzahlung statt. Zur\u00fcckerstattet wird der Gesamtkaufbetrag abz\u00fcglich der angefallenen Spesen f\u00fcr den Versand. Die R\u00fcckgabe von personalisierter Ware ist nicht m\u00f6glich. Aktions- und Rabattgutscheine werden ebenso nicht zur\u00fcckerstattet.<\/p>\n<!-- \/wp:paragraph -->\n\n<!-- wp:paragraph -->\n<p>Die R\u00fccksendung hat an folgende Adresse unter Angabe der Bestellnummer zu erfolgen:<\/p>\n<!-- \/wp:paragraph -->\n\n<!-- wp:paragraph -->\n<p>Manuela N\u00e4f<br>Papierblau<br>Schriberweidstrasse 22<br>8330 Pf\u00e4ffikon<\/p>\n<!-- \/wp:paragraph -->\n\n<!-- wp:heading -->\n<h2>M\u00e4ngel\/Umtausch<\/h2>\n<!-- \/wp:heading -->\n\n<!-- wp:paragraph -->\n<p>Reklamationen m\u00fcssen innerhalb von 14 Tagen nach Erhalt der Sendung erfolgen. Bei berechtigten Reklamationen stehen dem Kunden einer der gesetzlichen Gew\u00e4hrleistungsanspr\u00fcche nach alleinigem Ermessen von Papierblau zu (R\u00fccknahme, Minderung, Ersatzlieferung).<\/p>\n<!-- \/wp:paragraph -->\n\n<!-- wp:paragraph -->\n<p>Das Porto f\u00fcr eine allf\u00e4llige R\u00fccksendung, zwecks Umtausches oder Behebung der M\u00e4ngel, \u00fcbernimmt der Kunde.<\/p>\n<!-- \/wp:paragraph -->\n\n<!-- wp:paragraph -->\n<p>Umtausch\/R\u00fcckgabe ist nur bei M\u00e4ngeln, falscher Lieferung oder defekter Ware m\u00f6glich.<\/p>\n<!-- \/wp:paragraph -->\n\n<!-- wp:paragraph -->\n<p>Farbabweichungen zu den Produktbildern im Online-Shop gelten nicht als Mangel. Die Abbildungen im Online-Shop sind unverbindlich und dienen nur der Illustration.<\/p>\n<!-- \/wp:paragraph -->\n\n<!-- wp:paragraph -->\n<p>R\u00fccksendungen haben unter Angabe der Bestellnummer und des Reklamationsgrundes an folgende Adresse zu erfolgen:<\/p>\n<!-- \/wp:paragraph -->\n\n<!-- wp:paragraph -->\n<p>Manuela N\u00e4f<br>Papierblau<br>Schriberweidstrasse 22<br>8330 Pf\u00e4ffikon<\/p>\n<!-- \/wp:paragraph -->\n\n<!-- wp:heading -->\n<h2>Datenschutz<\/h2>\n<!-- \/wp:heading -->\n\n<!-- wp:paragraph -->\n<p>Willigt der Kunde beim Bestellprozess ein, den Newsletter von Papierblau zu erhalten, werden seine Daten f\u00fcr den Versand des Newsletters verwendet. Ausserdem werden die Daten f\u00fcr die Erf\u00fcllung des Vertrages verwendet und in diesem Zusammenhang allenfalls an Dienstleistungspartner weitergegeben (z.B. Logistikpartner). Die weiteren Datenschutzbestimmungen entnehmen Sie bitte der\u00a0<a href=\"https:\/\/papierblau.ch\/datenschutzerklaerung\">Datenschutzerkl\u00e4rung<\/a>.<\/p>\n<!-- \/wp:paragraph -->\n\n<!-- wp:heading -->\n<h2>Eigentumsvorbehalt<\/h2>\n<!-- \/wp:heading -->\n\n<!-- wp:paragraph -->\n<p>Bis zur vollst\u00e4ndigen (d.h. endg\u00fcltigen und vorbehaltslosen) Bezahlung des Gesamtkaufpreises bleibt die Ware im Eigentum von Papierblau.<\/p>\n<!-- \/wp:paragraph -->\n\n<!-- wp:heading -->\n<h2>Immaterialg\u00fcterrechte<\/h2>\n<!-- \/wp:heading -->\n\n<!-- wp:paragraph -->\n<p>Das Urheberrecht an kreativen und gestalterischen Leistungen richtet sich nach den gesetzlichen Bestimmungen. Anderweitige als die im Vertrag vereinbarten Verwendungen bed\u00fcrfen der ausdr\u00fccklichen Zustimmung von&nbsp;Papierblau.<\/p>\n<!-- \/wp:paragraph -->\n\n<!-- wp:heading -->\n<h2>Haftungsbeschr\u00e4nkung<\/h2>\n<!-- \/wp:heading -->\n\n<!-- wp:paragraph -->\n<p>Alle F\u00e4lle von Vertragsverletzungen und deren Rechtsfolgen sowie alle Anspr\u00fcche des Kunden unabh\u00e4ngig des Rechtsgrundes sind in diesem AGB abschliessend geregelt. Papierblau&nbsp;haftet sodann nur f\u00fcr Sch\u00e4den, die am Liefergegenstand (direkte Sch\u00e4den) entstanden sind. F\u00fcr Sch\u00e4den, die nicht am Liefergegenstand selbst entstanden sind (indirekte Sch\u00e4den), insbesondere nicht f\u00fcr den entgangenen Gewinn oder sonstige Verm\u00f6genssch\u00e4den des Kunden, ist die Haftung ausgeschlossen. In jedem Fall haftet&nbsp;Papierblau&nbsp;nur f\u00fcr Sch\u00e4den, die auf vors\u00e4tzliches oder grob fahrl\u00e4ssiges Verhalten zur\u00fcckzuf\u00fchren sind. Die Haftung ist auf die H\u00f6he des Gesamtkaufbetrages beschr\u00e4nkt.<\/p>\n<!-- \/wp:paragraph -->\n\n<!-- wp:heading -->\n<h2>Gerichtsstand<\/h2>\n<!-- \/wp:heading -->\n\n<!-- wp:paragraph -->\n<p>Als Gerichtsstand wird Pf\u00e4ffikon ZH vereinbart. Zwingende Gerichtst\u00e4nde bleiben vorbehalten. Im Falle von Streitigkeiten kommt ausschliesslich Schweizer Recht zur Anwendung unter Ausschluss der kollisionsrechtlichen Normen des Wiener Kaufrechts.<\/p>\n<!-- \/wp:paragraph -->\n\n<!-- wp:paragraph -->\n<p>Pf\u00e4ffikon, 4. Mai 2020<\/p>\n<!-- \/wp:paragraph -->","_et_gb_content_width":"793","footnotes":""},"class_list":["post-28900","page","type-page","status-publish","hentry"],"yoast_head":"<!-- This site is optimized with the Yoast SEO plugin v27.4 - https:\/\/yoast.com\/product\/yoast-seo-wordpress\/ -->\n<title>Allgemeine Gesch\u00e4ftsbedingungen | Papierblau<\/title>\n<meta name=\"description\" content=\"Im Folgenden findest du die allgemeinen Gesch\u00e4ftsbedingungen von Papierblau\" \/>\n<meta name=\"robots\" content=\"noindex, nofollow\" \/>\n<meta property=\"og:locale\" content=\"en_GB\" \/>\n<meta property=\"og:type\" content=\"article\" \/>\n<meta property=\"og:title\" content=\"Allgemeine Gesch\u00e4ftsbedingungen | Papierblau\" \/>\n<meta property=\"og:description\" content=\"Im Folgenden findest du die allgemeinen Gesch\u00e4ftsbedingungen von Papierblau\" \/>\n<meta property=\"og:url\" content=\"https:\/\/papierblau.ch\/en\/agb\/\" \/>\n<meta property=\"og:site_name\" content=\"Papierblau\" \/>\n<meta property=\"article:publisher\" content=\"https:\/\/facebook.com\/papierblau.ch\" \/>\n<meta property=\"article:modified_time\" content=\"2025-08-07T19:14:40+00:00\" \/>\n<meta name=\"twitter:label1\" content=\"Estimated reading time\" \/>\n\t<meta name=\"twitter:data1\" content=\"5 minutes\" \/>\n<script type=\"application\/ld+json\" class=\"yoast-schema-graph\">{\"@context\":\"https:\\\/\\\/schema.org\",\"@graph\":[{\"@type\":\"WebPage\",\"@id\":\"https:\\\/\\\/papierblau.ch\\\/agb\\\/\",\"url\":\"https:\\\/\\\/papierblau.ch\\\/agb\\\/\",\"name\":\"Allgemeine Gesch\u00e4ftsbedingungen | Papierblau\",\"isPartOf\":{\"@id\":\"https:\\\/\\\/papierblau.ch\\\/#website\"},\"datePublished\":\"2020-05-04T19:22:21+00:00\",\"dateModified\":\"2025-08-07T19:14:40+00:00\",\"description\":\"Im Folgenden findest du die allgemeinen Gesch\u00e4ftsbedingungen von Papierblau\",\"breadcrumb\":{\"@id\":\"https:\\\/\\\/papierblau.ch\\\/agb\\\/#breadcrumb\"},\"inLanguage\":\"en-GB\",\"potentialAction\":[{\"@type\":\"ReadAction\",\"target\":[\"https:\\\/\\\/papierblau.ch\\\/agb\\\/\"]}]},{\"@type\":\"BreadcrumbList\",\"@id\":\"https:\\\/\\\/papierblau.ch\\\/agb\\\/#breadcrumb\",\"itemListElement\":[{\"@type\":\"ListItem\",\"position\":1,\"name\":\"Startseite\",\"item\":\"https:\\\/\\\/papierblau.ch\\\/\"},{\"@type\":\"ListItem\",\"position\":2,\"name\":\"Allgemeinen Gesch\u00e4ftsbedingungen\"}]},{\"@type\":\"WebSite\",\"@id\":\"https:\\\/\\\/papierblau.ch\\\/#website\",\"url\":\"https:\\\/\\\/papierblau.ch\\\/\",\"name\":\"Papierblau\",\"description\":\"Karten, Sticker und mehr\",\"publisher\":{\"@id\":\"https:\\\/\\\/papierblau.ch\\\/#organization\"},\"potentialAction\":[{\"@type\":\"SearchAction\",\"target\":{\"@type\":\"EntryPoint\",\"urlTemplate\":\"https:\\\/\\\/papierblau.ch\\\/?s={search_term_string}\"},\"query-input\":{\"@type\":\"PropertyValueSpecification\",\"valueRequired\":true,\"valueName\":\"search_term_string\"}}],\"inLanguage\":\"en-GB\"},{\"@type\":\"Organization\",\"@id\":\"https:\\\/\\\/papierblau.ch\\\/#organization\",\"name\":\"Papierblau\",\"url\":\"https:\\\/\\\/papierblau.ch\\\/\",\"logo\":{\"@type\":\"ImageObject\",\"inLanguage\":\"en-GB\",\"@id\":\"https:\\\/\\\/papierblau.ch\\\/#\\\/schema\\\/logo\\\/image\\\/\",\"url\":\"https:\\\/\\\/papierblau.ch\\\/wp-content\\\/uploads\\\/2020\\\/05\\\/cropped-Logo_bild.png\",\"contentUrl\":\"https:\\\/\\\/papierblau.ch\\\/wp-content\\\/uploads\\\/2020\\\/05\\\/cropped-Logo_bild.png\",\"width\":512,\"height\":512,\"caption\":\"Papierblau\"},\"image\":{\"@id\":\"https:\\\/\\\/papierblau.ch\\\/#\\\/schema\\\/logo\\\/image\\\/\"},\"sameAs\":[\"https:\\\/\\\/facebook.com\\\/papierblau.ch\",\"https:\\\/\\\/instagram.com\\\/papierblau\"]}]}<\/script>\n<!-- \/ Yoast SEO plugin. -->","yoast_head_json":{"title":"Allgemeine Gesch\u00e4ftsbedingungen | Papierblau","description":"Im Folgenden findest du die allgemeinen Gesch\u00e4ftsbedingungen von Papierblau","robots":{"index":"noindex","follow":"nofollow"},"og_locale":"en_GB","og_type":"article","og_title":"Allgemeine Gesch\u00e4ftsbedingungen | Papierblau","og_description":"Im Folgenden findest du die allgemeinen Gesch\u00e4ftsbedingungen von Papierblau","og_url":"https:\/\/papierblau.ch\/en\/agb\/","og_site_name":"Papierblau","article_publisher":"https:\/\/facebook.com\/papierblau.ch","article_modified_time":"2025-08-07T19:14:40+00:00","twitter_misc":{"Estimated reading time":"5 minutes"},"schema":{"@context":"https:\/\/schema.org","@graph":[{"@type":"WebPage","@id":"https:\/\/papierblau.ch\/agb\/","url":"https:\/\/papierblau.ch\/agb\/","name":"Allgemeine Gesch\u00e4ftsbedingungen | Papierblau","isPartOf":{"@id":"https:\/\/papierblau.ch\/#website"},"datePublished":"2020-05-04T19:22:21+00:00","dateModified":"2025-08-07T19:14:40+00:00","description":"Im Folgenden findest du die allgemeinen Gesch\u00e4ftsbedingungen von Papierblau","breadcrumb":{"@id":"https:\/\/papierblau.ch\/agb\/#breadcrumb"},"inLanguage":"en-GB","potentialAction":[{"@type":"ReadAction","target":["https:\/\/papierblau.ch\/agb\/"]}]},{"@type":"BreadcrumbList","@id":"https:\/\/papierblau.ch\/agb\/#breadcrumb","itemListElement":[{"@type":"ListItem","position":1,"name":"Startseite","item":"https:\/\/papierblau.ch\/"},{"@type":"ListItem","position":2,"name":"Allgemeinen Gesch\u00e4ftsbedingungen"}]},{"@type":"WebSite","@id":"https:\/\/papierblau.ch\/#website","url":"https:\/\/papierblau.ch\/","name":"Papierblau","description":"Karten, Sticker und mehr","publisher":{"@id":"https:\/\/papierblau.ch\/#organization"},"potentialAction":[{"@type":"SearchAction","target":{"@type":"EntryPoint","urlTemplate":"https:\/\/papierblau.ch\/?s={search_term_string}"},"query-input":{"@type":"PropertyValueSpecification","valueRequired":true,"valueName":"search_term_string"}}],"inLanguage":"en-GB"},{"@type":"Organization","@id":"https:\/\/papierblau.ch\/#organization","name":"Papierblau","url":"https:\/\/papierblau.ch\/","logo":{"@type":"ImageObject","inLanguage":"en-GB","@id":"https:\/\/papierblau.ch\/#\/schema\/logo\/image\/","url":"https:\/\/papierblau.ch\/wp-content\/uploads\/2020\/05\/cropped-Logo_bild.png","contentUrl":"https:\/\/papierblau.ch\/wp-content\/uploads\/2020\/05\/cropped-Logo_bild.png","width":512,"height":512,"caption":"Papierblau"},"image":{"@id":"https:\/\/papierblau.ch\/#\/schema\/logo\/image\/"},"sameAs":["https:\/\/facebook.com\/papierblau.ch","https:\/\/instagram.com\/papierblau"]}]}},"_links":{"self":[{"href":"https:\/\/papierblau.ch\/en\/wp-json\/wp\/v2\/pages\/28900","targetHints":{"allow":["GET"]}}],"collection":[{"href":"https:\/\/papierblau.ch\/en\/wp-json\/wp\/v2\/pages"}],"about":[{"href":"https:\/\/papierblau.ch\/en\/wp-json\/wp\/v2\/types\/page"}],"author":[{"embeddable":true,"href":"https:\/\/papierblau.ch\/en\/wp-json\/wp\/v2\/users\/1"}],"replies":[{"embeddable":true,"href":"https:\/\/papierblau.ch\/en\/wp-json\/wp\/v2\/comments?post=28900"}],"version-history":[{"count":1,"href":"https:\/\/papierblau.ch\/en\/wp-json\/wp\/v2\/pages\/28900\/revisions"}],"predecessor-version":[{"id":33739,"href":"https:\/\/papierblau.ch\/en\/wp-json\/wp\/v2\/pages\/28900\/revisions\/33739"}],"wp:attachment":[{"href":"https:\/\/papierblau.ch\/en\/wp-json\/wp\/v2\/media?parent=28900"}],"curies":[{"name":"wp","href":"https:\/\/api.w.org\/{rel}","templated":true}]}}