{"id":29104,"date":"2020-05-04T21:04:07","date_gmt":"2020-05-04T19:04:07","guid":{"rendered":"https:\/\/papierblau.ch\/versandarten\/"},"modified":"2025-06-16T14:45:37","modified_gmt":"2025-06-16T12:45:37","slug":"versand","status":"publish","type":"page","link":"https:\/\/papierblau.ch\/en\/versand\/","title":{"rendered":"Shipping"},"content":{"rendered":"<p>[et_pb_section fb_built=&#8220;1&#8243; admin_label=&#8220;section&#8220; _builder_version=&#8220;4.16&#8243; global_colors_info=&#8220;{}&#8220;][et_pb_row admin_label=&#8220;row&#8220; _builder_version=&#8220;4.16&#8243; background_size=&#8220;initial&#8220; background_position=&#8220;top_left&#8220; background_repeat=&#8220;repeat&#8220; global_colors_info=&#8220;{}&#8220;][et_pb_column type=&#8220;4_4&#8243; _builder_version=&#8220;4.16&#8243; custom_padding=&#8220;|||&#8220; global_colors_info=&#8220;{}&#8220; custom_padding__hover=&#8220;|||&#8220;][et_pb_text admin_label=&#8220;Text&#8220; _builder_version=&#8220;4.27.4&#8243; background_size=&#8220;initial&#8220; background_position=&#8220;top_left&#8220; background_repeat=&#8220;repeat&#8220; custom_padding=&#8220;||50px|||&#8220; hover_enabled=&#8220;0&#8243; global_colors_info=&#8220;{}&#8220; sticky_enabled=&#8220;0&#8243;]<\/p>\n<h1><!-- divi:heading --><span style=\"color: #333333; font-family: 'Covered By Your Grace', handwriting; font-size: 26px;\">Versand<\/span><\/h1>\n<p>Versand in die Schweiz:<\/p>\n<p>Bis CHF 9.95 Bestellwert (Kleinmengen-Zuschlag): CHF 7.50<\/p>\n<p>Ab CHF 10.\u2013 Bestellwert: CHF 5.\u2013<\/p>\n<p>Ab CHF 75.\u2013 Bestellwert: kostenlos<\/p>\n<p>Kostenlos bei Abholung in Pf\u00e4ffikon ZH.<\/p>\n<p><!-- divi:paragraph --><span style=\"font-size: 18px;\">Weitere L\u00e4nder: Es ist nur m\u00f6glich, digitale Produkte zu kaufen. Kein Versand von physischen Produkten in weitere L\u00e4nder.<\/span><\/p>\n<p><!-- divi:paragraph -->Ihre Ware wird in der Regel mit der Schweizerischen Post versandt. Falls nichts anders vereinbart, wird die Ware mit B-Post\u00a0verschickt.<\/p>\n<h2>Lieferfristen<\/h2>\n<p>Papierblau ist ein One-Women-Betrieb. Es kann deshalb sein, dass Lieferungen nicht umgehend verschickt werden k\u00f6nnen. Die Lieferung erfolgt aber immer so schnell wie m\u00f6glich innert 14 Tagen nach Zahlungseingang.<\/p>\n<p>&nbsp;<\/p>\n<p>&nbsp;<\/p>\n<p>&nbsp;<\/p>\n<p>&nbsp;<\/p>\n<p><!-- \/divi:paragraph --><!-- divi:paragraph --><!-- \/divi:paragraph --><\/p>\n<p>[\/et_pb_text][\/et_pb_column][\/et_pb_row][\/et_pb_section]<\/p>\n","protected":false},"excerpt":{"rendered":"<p>Versand Versand in die Schweiz: Bis CHF 9.95 Bestellwert (Kleinmengen-Zuschlag): CHF 7.50 Ab CHF 10.\u2013 Bestellwert: CHF 5.\u2013 Ab CHF 75.\u2013 Bestellwert: kostenlos Kostenlos bei Abholung in Pf\u00e4ffikon ZH. Weitere L\u00e4nder: Es ist nur m\u00f6glich, digitale Produkte zu kaufen. Kein Versand von physischen Produkten in weitere L\u00e4nder. Ihre Ware wird in der Regel mit der [&hellip;]<\/p>\n","protected":false},"author":1,"featured_media":0,"parent":0,"menu_order":0,"comment_status":"closed","ping_status":"closed","template":"","meta":{"_et_pb_use_builder":"on","_et_pb_old_content":"<!-- wp:heading -->\n<h2>Versand &nbsp;<\/h2>\n<!-- \/wp:heading -->\n\n<!-- wp:paragraph -->\n<p>Ihre Ware wird in der Regel mit der Schweizerischen Post versandt. Falls nichts anders vereinbart, wird die Ware mit B-Post&nbsp;verschickt.<\/p>\n<!-- \/wp:paragraph -->\n\n<!-- wp:paragraph -->\n<p>Papierblau ist ein One-Women-Betrieb. Es kann deshalb sein, dass Lieferungen nicht umgehend verschickt werden k\u00f6nnen. Die Lieferung erfolgt aber immer so schnell wie m\u00f6glich innert 14 Tagen nach Zahlungseingang. <\/p>\n<!-- \/wp:paragraph -->\n\n<!-- wp:paragraph -->\n<p>Versand in die Schweiz: kostenloser Versand<\/p>\n<!-- \/wp:paragraph -->\n\n<!-- wp:paragraph -->\n<p>Versand nach Deutschland oder \u00d6sterreich: CHF 5.90<\/p>\n<!-- \/wp:paragraph -->\n\n<!-- wp:paragraph -->\n<p>Weitere L\u00e4nder: kein Versand in weitere L\u00e4nder<\/p>\n<!-- \/wp:paragraph -->\n\n<!-- wp:paragraph -->\n<p><\/p>\n<!-- \/wp:paragraph -->","_et_gb_content_width":"793","footnotes":""},"class_list":["post-29104","page","type-page","status-publish","hentry"],"yoast_head":"<!-- This site is optimized with the Yoast SEO plugin v27.3 - https:\/\/yoast.com\/product\/yoast-seo-wordpress\/ -->\n<title>Versand | Informationen zu Preisen und Lieferzeit | Papierblau<\/title>\n<meta name=\"description\" content=\"Deine Bestellung wird so schnell wie m\u00f6glich sorgf\u00e4lltig verpackt verschickt. Hier findest du mehr Informationen zum Versand.\" \/>\n<meta name=\"robots\" content=\"index, follow, max-snippet:-1, max-image-preview:large, max-video-preview:-1\" \/>\n<link rel=\"canonical\" href=\"https:\/\/papierblau.ch\/en\/versand\/\" \/>\n<meta property=\"og:locale\" content=\"en_GB\" \/>\n<meta property=\"og:type\" content=\"article\" \/>\n<meta property=\"og:title\" content=\"Versand | Informationen zu Preisen und Lieferzeit | Papierblau\" \/>\n<meta property=\"og:description\" content=\"Deine Bestellung wird so schnell wie m\u00f6glich sorgf\u00e4lltig verpackt verschickt. Hier findest du mehr Informationen zum Versand.\" \/>\n<meta property=\"og:url\" content=\"https:\/\/papierblau.ch\/en\/versand\/\" \/>\n<meta property=\"og:site_name\" content=\"Papierblau\" \/>\n<meta property=\"article:publisher\" content=\"https:\/\/facebook.com\/papierblau.ch\" \/>\n<meta property=\"article:modified_time\" content=\"2025-06-16T12:45:37+00:00\" \/>\n<meta name=\"twitter:label1\" content=\"Estimated reading time\" \/>\n\t<meta name=\"twitter:data1\" content=\"1 minute\" \/>\n<script type=\"application\/ld+json\" class=\"yoast-schema-graph\">{\"@context\":\"https:\\\/\\\/schema.org\",\"@graph\":[{\"@type\":\"WebPage\",\"@id\":\"https:\\\/\\\/papierblau.ch\\\/versand\\\/\",\"url\":\"https:\\\/\\\/papierblau.ch\\\/versand\\\/\",\"name\":\"Versand | Informationen zu Preisen und Lieferzeit | Papierblau\",\"isPartOf\":{\"@id\":\"https:\\\/\\\/papierblau.ch\\\/#website\"},\"datePublished\":\"2020-05-04T19:04:07+00:00\",\"dateModified\":\"2025-06-16T12:45:37+00:00\",\"description\":\"Deine Bestellung wird so schnell wie m\u00f6glich sorgf\u00e4lltig verpackt verschickt. Hier findest du mehr Informationen zum Versand.\",\"breadcrumb\":{\"@id\":\"https:\\\/\\\/papierblau.ch\\\/versand\\\/#breadcrumb\"},\"inLanguage\":\"en-GB\",\"potentialAction\":[{\"@type\":\"ReadAction\",\"target\":[\"https:\\\/\\\/papierblau.ch\\\/versand\\\/\"]}]},{\"@type\":\"BreadcrumbList\",\"@id\":\"https:\\\/\\\/papierblau.ch\\\/versand\\\/#breadcrumb\",\"itemListElement\":[{\"@type\":\"ListItem\",\"position\":1,\"name\":\"Startseite\",\"item\":\"https:\\\/\\\/papierblau.ch\\\/\"},{\"@type\":\"ListItem\",\"position\":2,\"name\":\"Versand\"}]},{\"@type\":\"WebSite\",\"@id\":\"https:\\\/\\\/papierblau.ch\\\/#website\",\"url\":\"https:\\\/\\\/papierblau.ch\\\/\",\"name\":\"Papierblau\",\"description\":\"Karten, Sticker und mehr\",\"publisher\":{\"@id\":\"https:\\\/\\\/papierblau.ch\\\/#organization\"},\"potentialAction\":[{\"@type\":\"SearchAction\",\"target\":{\"@type\":\"EntryPoint\",\"urlTemplate\":\"https:\\\/\\\/papierblau.ch\\\/?s={search_term_string}\"},\"query-input\":{\"@type\":\"PropertyValueSpecification\",\"valueRequired\":true,\"valueName\":\"search_term_string\"}}],\"inLanguage\":\"en-GB\"},{\"@type\":\"Organization\",\"@id\":\"https:\\\/\\\/papierblau.ch\\\/#organization\",\"name\":\"Papierblau\",\"url\":\"https:\\\/\\\/papierblau.ch\\\/\",\"logo\":{\"@type\":\"ImageObject\",\"inLanguage\":\"en-GB\",\"@id\":\"https:\\\/\\\/papierblau.ch\\\/#\\\/schema\\\/logo\\\/image\\\/\",\"url\":\"https:\\\/\\\/papierblau.ch\\\/wp-content\\\/uploads\\\/2020\\\/05\\\/cropped-Logo_bild.png\",\"contentUrl\":\"https:\\\/\\\/papierblau.ch\\\/wp-content\\\/uploads\\\/2020\\\/05\\\/cropped-Logo_bild.png\",\"width\":512,\"height\":512,\"caption\":\"Papierblau\"},\"image\":{\"@id\":\"https:\\\/\\\/papierblau.ch\\\/#\\\/schema\\\/logo\\\/image\\\/\"},\"sameAs\":[\"https:\\\/\\\/facebook.com\\\/papierblau.ch\",\"https:\\\/\\\/instagram.com\\\/papierblau\"]}]}<\/script>\n<!-- \/ Yoast SEO plugin. -->","yoast_head_json":{"title":"Versand | Informationen zu Preisen und Lieferzeit | Papierblau","description":"Deine Bestellung wird so schnell wie m\u00f6glich sorgf\u00e4lltig verpackt verschickt. Hier findest du mehr Informationen zum Versand.","robots":{"index":"index","follow":"follow","max-snippet":"max-snippet:-1","max-image-preview":"max-image-preview:large","max-video-preview":"max-video-preview:-1"},"canonical":"https:\/\/papierblau.ch\/en\/versand\/","og_locale":"en_GB","og_type":"article","og_title":"Versand | Informationen zu Preisen und Lieferzeit | Papierblau","og_description":"Deine Bestellung wird so schnell wie m\u00f6glich sorgf\u00e4lltig verpackt verschickt. Hier findest du mehr Informationen zum Versand.","og_url":"https:\/\/papierblau.ch\/en\/versand\/","og_site_name":"Papierblau","article_publisher":"https:\/\/facebook.com\/papierblau.ch","article_modified_time":"2025-06-16T12:45:37+00:00","twitter_misc":{"Estimated reading time":"1 minute"},"schema":{"@context":"https:\/\/schema.org","@graph":[{"@type":"WebPage","@id":"https:\/\/papierblau.ch\/versand\/","url":"https:\/\/papierblau.ch\/versand\/","name":"Versand | Informationen zu Preisen und Lieferzeit | Papierblau","isPartOf":{"@id":"https:\/\/papierblau.ch\/#website"},"datePublished":"2020-05-04T19:04:07+00:00","dateModified":"2025-06-16T12:45:37+00:00","description":"Deine Bestellung wird so schnell wie m\u00f6glich sorgf\u00e4lltig verpackt verschickt. Hier findest du mehr Informationen zum Versand.","breadcrumb":{"@id":"https:\/\/papierblau.ch\/versand\/#breadcrumb"},"inLanguage":"en-GB","potentialAction":[{"@type":"ReadAction","target":["https:\/\/papierblau.ch\/versand\/"]}]},{"@type":"BreadcrumbList","@id":"https:\/\/papierblau.ch\/versand\/#breadcrumb","itemListElement":[{"@type":"ListItem","position":1,"name":"Startseite","item":"https:\/\/papierblau.ch\/"},{"@type":"ListItem","position":2,"name":"Versand"}]},{"@type":"WebSite","@id":"https:\/\/papierblau.ch\/#website","url":"https:\/\/papierblau.ch\/","name":"Papierblau","description":"Karten, Sticker und mehr","publisher":{"@id":"https:\/\/papierblau.ch\/#organization"},"potentialAction":[{"@type":"SearchAction","target":{"@type":"EntryPoint","urlTemplate":"https:\/\/papierblau.ch\/?s={search_term_string}"},"query-input":{"@type":"PropertyValueSpecification","valueRequired":true,"valueName":"search_term_string"}}],"inLanguage":"en-GB"},{"@type":"Organization","@id":"https:\/\/papierblau.ch\/#organization","name":"Papierblau","url":"https:\/\/papierblau.ch\/","logo":{"@type":"ImageObject","inLanguage":"en-GB","@id":"https:\/\/papierblau.ch\/#\/schema\/logo\/image\/","url":"https:\/\/papierblau.ch\/wp-content\/uploads\/2020\/05\/cropped-Logo_bild.png","contentUrl":"https:\/\/papierblau.ch\/wp-content\/uploads\/2020\/05\/cropped-Logo_bild.png","width":512,"height":512,"caption":"Papierblau"},"image":{"@id":"https:\/\/papierblau.ch\/#\/schema\/logo\/image\/"},"sameAs":["https:\/\/facebook.com\/papierblau.ch","https:\/\/instagram.com\/papierblau"]}]}},"_links":{"self":[{"href":"https:\/\/papierblau.ch\/en\/wp-json\/wp\/v2\/pages\/29104","targetHints":{"allow":["GET"]}}],"collection":[{"href":"https:\/\/papierblau.ch\/en\/wp-json\/wp\/v2\/pages"}],"about":[{"href":"https:\/\/papierblau.ch\/en\/wp-json\/wp\/v2\/types\/page"}],"author":[{"embeddable":true,"href":"https:\/\/papierblau.ch\/en\/wp-json\/wp\/v2\/users\/1"}],"replies":[{"embeddable":true,"href":"https:\/\/papierblau.ch\/en\/wp-json\/wp\/v2\/comments?post=29104"}],"version-history":[{"count":6,"href":"https:\/\/papierblau.ch\/en\/wp-json\/wp\/v2\/pages\/29104\/revisions"}],"predecessor-version":[{"id":33593,"href":"https:\/\/papierblau.ch\/en\/wp-json\/wp\/v2\/pages\/29104\/revisions\/33593"}],"wp:attachment":[{"href":"https:\/\/papierblau.ch\/en\/wp-json\/wp\/v2\/media?parent=29104"}],"curies":[{"name":"wp","href":"https:\/\/api.w.org\/{rel}","templated":true}]}}