{"id":32975,"date":"2024-01-01T06:00:00","date_gmt":"2024-01-01T05:00:00","guid":{"rendered":"https:\/\/papierblau.ch\/?page_id=32975"},"modified":"2024-01-01T23:03:03","modified_gmt":"2024-01-01T22:03:03","slug":"download-me-time","status":"publish","type":"page","link":"https:\/\/papierblau.ch\/en\/download-me-time\/","title":{"rendered":"Download Kreative Auszeit"},"content":{"rendered":"<p>[et_pb_section fb_built=&#8220;1&#8243; _builder_version=&#8220;4.23.1&#8243; _module_preset=&#8220;default&#8220; custom_margin=&#8220;-60px||-112px||false|false&#8220; global_colors_info=&#8220;{}&#8220;][et_pb_row _builder_version=&#8220;4.23.1&#8243; _module_preset=&#8220;default&#8220; hover_enabled=&#8220;0&#8243; global_colors_info=&#8220;{}&#8220; column_structure=&#8220;3_4,1_4&#8243; sticky_enabled=&#8220;0&#8243;][et_pb_column type=&#8220;3_4&#8243; _builder_version=&#8220;4.23.1&#8243; _module_preset=&#8220;default&#8220; global_colors_info=&#8220;{}&#8220;][et_pb_image _builder_version=&#8220;4.23.1&#8243; _module_preset=&#8220;default&#8220; title_text=&#8220;Logo_text_mail_signatur&#8220; src=&#8220;https:\/\/papierblau.ch\/wp-content\/uploads\/2022\/02\/Logo_text_mail_signatur.png&#8220; hover_enabled=&#8220;0&#8243; sticky_enabled=&#8220;0&#8243; width=&#8220;14%&#8220; width_last_edited=&#8220;on|tablet&#8220; width_tablet=&#8220;16%&#8220; width_phone=&#8220;24%&#8220; align_last_edited=&#8220;on|phone&#8220; align_tablet=&#8220;center&#8220; align_phone=&#8220;center&#8220;][\/et_pb_image][\/et_pb_column][et_pb_column type=&#8220;1_4&#8243; _builder_version=&#8220;4.23.1&#8243; _module_preset=&#8220;default&#8220; global_colors_info=&#8220;{}&#8220;][et_pb_menu menu_id=&#8220;252&#8243; active_link_color=&#8220;#228e9b&#8220; logo_width=&#8220;14%&#8220; module_class=&#8220;pg-hide-mobile-menu&#8220; _builder_version=&#8220;4.23.1&#8243; _module_preset=&#8220;default&#8220; menu_font=&#8220;|700|||||||&#8220; menu_text_color=&#8220;#228e9b&#8220; menu_font_size=&#8220;15px&#8220; custom_margin=&#8220;21px||||false|false&#8220; hover_enabled=&#8220;0&#8243; custom_css_free_form=&#8220;.pg-hide-mobile-menu.et_pb_menu .et_pb_menu__menu,.pg-hide-mobile-menu.et_pb_fullwidth_menu .et_pb_menu__menu {||display: flex!important;||}|| ||.pg-hide-mobile-menu .et_mobile_nav_menu {||display: none;||}&#8220; global_colors_info=&#8220;{}&#8220; theme_builder_area=&#8220;post_content&#8220; sticky_enabled=&#8220;0&#8243; menu_style=&#8220;centered&#8220; logo_width_last_edited=&#8220;on|desktop&#8220; custom_margin_last_edited=&#8220;on|phone&#8220; custom_margin_tablet=&#8220;-20px||||false|false&#8220; custom_margin_phone=&#8220;-21px||||false|false&#8220; logo_width_tablet=&#8220;14%&#8220; logo_width_phone=&#8220;14%&#8220;][\/et_pb_menu][\/et_pb_column][\/et_pb_row][\/et_pb_section][et_pb_section fb_built=&#8220;1&#8243; admin_label=&#8220;Services&#8220; _builder_version=&#8220;4.23.1&#8243; _module_preset=&#8220;default&#8220; collapsed=&#8220;off&#8220; global_colors_info=&#8220;{}&#8220;][et_pb_row _builder_version=&#8220;4.23.1&#8243; _module_preset=&#8220;default&#8220; custom_margin=&#8220;|auto||auto|false|false&#8220; global_colors_info=&#8220;{}&#8220;][et_pb_column type=&#8220;4_4&#8243; _builder_version=&#8220;4.23.1&#8243; _module_preset=&#8220;default&#8220; background_enable_image=&#8220;off&#8220; background_size=&#8220;contain&#8220; custom_padding=&#8220;0vw||1vw|11%|false|false&#8220; global_colors_info=&#8220;{}&#8220;][et_pb_text _builder_version=&#8220;4.23.1&#8243; _module_preset=&#8220;239db4f4-eef9-48d6-a377-18f155ef3546&#8243; header_font=&#8220;Covered By Your Grace||||||||&#8220; header_font_size=&#8220;62px&#8220; background_enable_image=&#8220;off&#8220; background_position=&#8220;center_right&#8220; custom_margin=&#8220;|250px|10px||false|false&#8220; custom_margin_tablet=&#8220;|0px|||false|false&#8220; custom_margin_phone=&#8220;|0px|10px||false|false&#8220; custom_margin_last_edited=&#8220;on|tablet&#8220; global_colors_info=&#8220;{}&#8220;]<\/p>\n<h1><strong>Fast geschafft!<\/strong><\/h1>\n<p>[\/et_pb_text][et_pb_text _builder_version=&#8220;4.23.1&#8243; _module_preset=&#8220;1bcdd15d-ca92-4a47-b553-18af2b1ed62c&#8220; text_font=&#8220;Sulphur Point||||||||&#8220; custom_padding=&#8220;||0px|||&#8220; global_colors_info=&#8220;{}&#8220;]<\/p>\n<p><span>Melde dich zum Newsletter an und erhalte deine kostenlose Vorlage mit einer Schritt-f\u00fcr-Schritt-Anleitung gleich in der ersten E-Mail.<\/span><\/p>\n<p>[\/et_pb_text][\/et_pb_column][\/et_pb_row][et_pb_row column_structure=&#8220;1_2,1_2&#8243; _builder_version=&#8220;4.23.1&#8243; _module_preset=&#8220;default&#8220; custom_margin=&#8220;0px|auto||auto|false|false&#8220; global_colors_info=&#8220;{}&#8220;][et_pb_column type=&#8220;1_2&#8243; _builder_version=&#8220;4.23.1&#8243; _module_preset=&#8220;default&#8220; background_enable_image=&#8220;off&#8220; background_size=&#8220;contain&#8220; custom_padding=&#8220;0vw||1vw|11%|false|false&#8220; global_colors_info=&#8220;{}&#8220;][et_pb_code _builder_version=&#8220;4.23.1&#8243; text_orientation=&#8220;center&#8220; module_alignment=&#8220;center&#8220; custom_padding=&#8220;0px||||false|false&#8220; global_colors_info=&#8220;{}&#8220;]<!-- Begin Mailchimp Signup Form --><!-- [et_pb_line_break_holder] --><link href=\"\/\/cdn-images.mailchimp.com\/embedcode\/classic-10_7.css\" rel=\"stylesheet\" type=\"text\/css\"><!-- [et_pb_line_break_holder] --><\/p>\n<style type=\"text\/css\"><!-- [et_pb_line_break_holder] -->\t#mc_embed_signup{background:#fff; clear:left; font:14px Helvetica,Arial,sans-serif; }<!-- [et_pb_line_break_holder] -->\t\/* Add your own Mailchimp form style overrides in your site stylesheet or in this style block.<!-- [et_pb_line_break_holder] -->\t   We recommend moving this block and the preceding CSS link to the HEAD of your HTML file. *\/<!-- [et_pb_line_break_holder] --><\/style>\n<p><!-- [et_pb_line_break_holder] --><\/p>\n<div id=\"mc_embed_signup\"><!-- [et_pb_line_break_holder] --><\/p>\n<form action=\"https:\/\/papierblau.us20.list-manage.com\/subscribe\/post?u=40fa2348a0b269d45bfe05fa5&#038;id=f152a61a91\" method=\"post\" id=\"mc-embedded-subscribe-form\" name=\"mc-embedded-subscribe-form\" class=\"validate\" target=\"_blank\" novalidate><!-- [et_pb_line_break_holder] -->    <\/p>\n<div id=\"mc_embed_signup_scroll\"><!-- [et_pb_line_break_holder] --><\/p>\n<div class=\"indicates-required\"><span class=\"asterisk\">*<\/span> Pflichtfeld<\/div>\n<p><!-- [et_pb_line_break_holder] --><\/p>\n<div class=\"mc-field-group\"><!-- [et_pb_line_break_holder] -->\t<label for=\"mce-FNAME\">Vorname  <span class=\"asterisk\">*<\/span><!-- [et_pb_line_break_holder] --><\/label><!-- [et_pb_line_break_holder] -->\t<input type=\"text\" value=\"\" name=\"FNAME\" class=\"required\" id=\"mce-FNAME\"><!-- [et_pb_line_break_holder] --><\/div>\n<p><!-- [et_pb_line_break_holder] --><\/p>\n<div class=\"mc-field-group\"><!-- [et_pb_line_break_holder] -->\t<label for=\"mce-NAME\">Name  <span class=\"asterisk\">*<\/span><!-- [et_pb_line_break_holder] --><\/label><!-- [et_pb_line_break_holder] -->\t<input type=\"text\" value=\"\" name=\"NAME\" class=\"required\" id=\"mce-NAME\"><!-- [et_pb_line_break_holder] --><\/div>\n<p><!-- [et_pb_line_break_holder] --><\/p>\n<div class=\"mc-field-group\"><!-- [et_pb_line_break_holder] -->\t<label for=\"mce-EMAIL\">E-Mail-Adresse  <span class=\"asterisk\">*<\/span><!-- [et_pb_line_break_holder] --><\/label><!-- [et_pb_line_break_holder] -->\t<input type=\"email\" value=\"\" name=\"EMAIL\" class=\"required email\" id=\"mce-EMAIL\"><!-- [et_pb_line_break_holder] --><\/div>\n<p><!-- [et_pb_line_break_holder] --><\/p>\n<div class=\"mc-field-group\"><label for=\"mce-MMERGE2\">Sprache <span class=\"asterisk\">*<\/span><\/label><select name=\"MMERGE2\" class=\"required\" id=\"mce-MMERGE2\"><option value=\"\"><\/option><option value=\"Deutsch\">Deutsch<\/option><option value=\"English\">English<\/option><\/select><\/div>\n<p><!-- [et_pb_line_break_holder] -->      <\/p>\n<div hidden=\"\"><input name=\"tags\" type=\"hidden\" value=\"3921733\" \/><\/div>\n<p><!-- [et_pb_line_break_holder] -->\t<\/p>\n<div id=\"mce-responses\" class=\"clear\"><!-- [et_pb_line_break_holder] -->\t\t<\/p>\n<div class=\"response\" id=\"mce-error-response\" style=\"display:none\"><\/div>\n<p><!-- [et_pb_line_break_holder] -->\t\t<\/p>\n<div class=\"response\" id=\"mce-success-response\" style=\"display:none\"><\/div>\n<p><!-- [et_pb_line_break_holder] -->\t<\/div>\n<p>    <!-- real people should not fill this in and expect good things - do not remove this or risk form bot signups--><!-- [et_pb_line_break_holder] -->    <\/p>\n<div style=\"position: absolute; left: -5000px;\" aria-hidden=\"true\"><input type=\"text\" name=\"b_40fa2348a0b269d45bfe05fa5_f152a61a91\" tabindex=\"-1\" value=\"\"><\/div>\n<p><!-- [et_pb_line_break_holder] -->    <\/p>\n<div class=\"clear\"><input type=\"submit\" value=\"Anmelden\" name=\"subscribe\" id=\"mc-embedded-subscribe\" class=\"button\"><\/div>\n<p><!-- [et_pb_line_break_holder] -->    <\/div>\n<p><!-- [et_pb_line_break_holder] --><\/form>\n<p><!-- [et_pb_line_break_holder] --><\/div>\n<p><!-- [et_pb_line_break_holder] --><script type='text\/javascript' src='\/\/s3.amazonaws.com\/downloads.mailchimp.com\/js\/mc-validate.js'><\/script><script type='text\/javascript'>(function($) {window.fnames = new Array(); window.ftypes = new Array();fnames[1]='FNAME';ftypes[1]='text';fnames[8]='NAME';ftypes[8]='text';fnames[0]='EMAIL';ftypes[0]='email';fnames[3]='ADDRESS';ftypes[3]='address';fnames[5]='BIRTHDAY';ftypes[5]='birthday';fnames[4]='PHONE';ftypes[4]='phone';fnames[2]='ANHAENGER';ftypes[2]='text';fnames[6]='BRUSH';ftypes[6]='text';fnames[7]='AUSMALEN';ftypes[7]='text';fnames[9]='WELCOME';ftypes[9]='text'; \/*<!-- [et_pb_line_break_holder] --> * Translated default messages for the $ validation plugin.<!-- [et_pb_line_break_holder] --> *\/<!-- [et_pb_line_break_holder] -->$.extend($.validator.messages, {<!-- [et_pb_line_break_holder] -->\trequired: \"Dieses Feld ist ein Pflichtfeld.\",<!-- [et_pb_line_break_holder] -->\tmaxlength: $.validator.format(\"Geben Sie bitte maximal {0} Zeichen ein.\"),<!-- [et_pb_line_break_holder] -->\tminlength: $.validator.format(\"Geben Sie bitte mindestens {0} Zeichen ein.\"),<!-- [et_pb_line_break_holder] -->\trangelength: $.validator.format(\"Geben Sie bitte mindestens {0} und maximal {1} Zeichen ein.\"),<!-- [et_pb_line_break_holder] -->\temail: \"Geben Sie bitte eine g\u00fcltige E-Mail Adresse ein.\",<!-- [et_pb_line_break_holder] -->\turl: \"Geben Sie bitte eine g\u00fcltige URL ein.\",<!-- [et_pb_line_break_holder] -->\tdate: \"Bitte geben Sie ein g\u00fcltiges Datum ein.\",<!-- [et_pb_line_break_holder] -->\tnumber: \"Geben Sie bitte eine Nummer ein.\",<!-- [et_pb_line_break_holder] -->\tdigits: \"Geben Sie bitte nur Ziffern ein.\",<!-- [et_pb_line_break_holder] -->\tequalTo: \"Bitte denselben Wert wiederholen.\",<!-- [et_pb_line_break_holder] -->\trange: $.validator.format(\"Geben Sie bitten einen Wert zwischen {0} und {1}.\"),<!-- [et_pb_line_break_holder] -->\tmax: $.validator.format(\"Geben Sie bitte einen Wert kleiner oder gleich {0} ein.\"),<!-- [et_pb_line_break_holder] -->\tmin: $.validator.format(\"Geben Sie bitte einen Wert gr\u00f6\u00dfer oder gleich {0} ein.\"),<!-- [et_pb_line_break_holder] -->\tcreditcard: \"Geben Sie bitte ein g\u00fcltige Kreditkarten-Nummer ein.\"<!-- [et_pb_line_break_holder] -->});}(jQuery));var $mcj = jQuery.noConflict(true);<\/script><!-- [et_pb_line_break_holder] --><!--End mc_embed_signup-->[\/et_pb_code][\/et_pb_column][et_pb_column type=&#8220;1_2&#8243; _builder_version=&#8220;4.23.1&#8243; _module_preset=&#8220;default&#8220; global_colors_info=&#8220;{}&#8220;][et_pb_image src=&#8220;https:\/\/papierblau.ch\/wp-content\/uploads\/2023\/12\/2.png&#8220; alt=&#8220;Kostenlose Vorlage zum Malen, auch du kannst malen&#8220; title_text=&#8220;2&#8243; show_bottom_space=&#8220;off&#8220; align=&#8220;center&#8220; _builder_version=&#8220;4.23.1&#8243; _module_preset=&#8220;default&#8220; custom_margin=&#8220;-66px||-41px||false|false&#8220; custom_margin_tablet=&#8220;-33px||-69px||false|false&#8220; custom_margin_phone=&#8220;-27px||-66px||false|false&#8220; custom_margin_last_edited=&#8220;on|tablet&#8220; border_radii=&#8220;on|20px|20px|20px|20px&#8220; global_colors_info=&#8220;{}&#8220;][\/et_pb_image][\/et_pb_column][\/et_pb_row][et_pb_row _builder_version=&#8220;4.23.1&#8243; _module_preset=&#8220;default&#8220; custom_margin=&#8220;|auto||auto|false|false&#8220; global_colors_info=&#8220;{}&#8220;][et_pb_column type=&#8220;4_4&#8243; _builder_version=&#8220;4.23.1&#8243; _module_preset=&#8220;default&#8220; background_enable_image=&#8220;off&#8220; background_size=&#8220;contain&#8220; custom_padding=&#8220;0vw|||11%|false|false&#8220; global_colors_info=&#8220;{}&#8220;][et_pb_text _builder_version=&#8220;4.23.1&#8243; _module_preset=&#8220;41bc8463-423e-49e3-a6b2-6a5109647f6c&#8220; text_font_size=&#8220;12px&#8220; text_line_height=&#8220;1.6em&#8220; text_orientation=&#8220;center&#8220; global_colors_info=&#8220;{}&#8220;]<\/p>\n<p style=\"text-align: left;\"><span>Keine Angst, ich \u00fcberh\u00e4ufe dich nicht mit E-Mails. Du bekommst praktische Tipps und Tricks f\u00fcr deine kreative Reise direkt in dein Postfach. Du kannst dich jederzeit mit nur einem Klick abmelden. F\u00fcr das Versenden der E-Mails nutze ich Mailchimp. Deine Daten werden f\u00fcr keine anderen Zwecke verwenden und nicht weitergegeben.<\/span><\/p>\n<p style=\"text-align: left;\">Wenn du nach der Anmeldung keine E-Mail bekommst, schau bitte in deinem Spam-Order nach.<\/p>\n<p>[\/et_pb_text][\/et_pb_column][\/et_pb_row][\/et_pb_section][et_pb_section fb_built=&#8220;1&#8243; _builder_version=&#8220;4.23.1&#8243; _module_preset=&#8220;default&#8220; background_color=&#8220;#2e4873&#8243; max_height=&#8220;137px&#8220; custom_margin=&#8220;0px||||false|false&#8220; global_colors_info=&#8220;{}&#8220;][et_pb_row _builder_version=&#8220;4.23.1&#8243; _module_preset=&#8220;default&#8220; custom_margin=&#8220;-29px||||false|false&#8220; global_colors_info=&#8220;{}&#8220;][et_pb_column type=&#8220;4_4&#8243; _builder_version=&#8220;4.23.1&#8243; _module_preset=&#8220;default&#8220; global_colors_info=&#8220;{}&#8220;][et_pb_text _builder_version=&#8220;4.23.1&#8243; _module_preset=&#8220;default&#8220; link_text_color=&#8220;#FFFFFF&#8220; global_colors_info=&#8220;{}&#8220;]<\/p>\n<p style=\"text-align: center;\"><a href=\"https:\/\/papierblau.ch\/impressum\/\" target=\"_blank\" rel=\"noopener\">Impressum<\/a> | <a href=\"https:\/\/papierblau.ch\/datenschutzerklaerung\/\" target=\"_blank\" rel=\"noopener\">Datenschutz<\/a><\/p>\n<p>[\/et_pb_text][\/et_pb_column][\/et_pb_row][\/et_pb_section]<\/p>\n","protected":false},"excerpt":{"rendered":"<p>Fast geschafft!Melde dich zum Newsletter an und erhalte deine kostenlose Vorlage mit einer Schritt-f\u00fcr-Schritt-Anleitung gleich in der ersten E-Mail.Keine Angst, ich \u00fcberh\u00e4ufe dich nicht mit E-Mails. Du bekommst praktische Tipps und Tricks f\u00fcr deine kreative Reise direkt in dein Postfach. Du kannst dich jederzeit mit nur einem Klick abmelden. F\u00fcr das Versenden der E-Mails nutze [&hellip;]<\/p>\n","protected":false},"author":1,"featured_media":0,"parent":0,"menu_order":0,"comment_status":"closed","ping_status":"closed","template":"page-template-blank.php","meta":{"_et_pb_use_builder":"on","_et_pb_old_content":"","_et_gb_content_width":"","footnotes":""},"class_list":["post-32975","page","type-page","status-publish","hentry"],"yoast_head":"<!-- This site is optimized with the Yoast SEO plugin v27.4 - https:\/\/yoast.com\/product\/yoast-seo-wordpress\/ -->\n<title>Kreative Me-Time | Jede Person kann malen | Papierblau<\/title>\n<meta name=\"description\" content=\"Fast geschafft! Melde dich zum Newsletter an und lade dir deine Vorlage f\u00fcr eine kreative ME-Time herunter. Jede Person kann malen!\" \/>\n<meta name=\"robots\" content=\"noindex, follow\" \/>\n<meta property=\"og:locale\" content=\"en_GB\" \/>\n<meta property=\"og:type\" content=\"article\" \/>\n<meta property=\"og:title\" content=\"Kreative Me-Time | Jede Person kann malen | Papierblau\" \/>\n<meta property=\"og:description\" content=\"Fast geschafft! Melde dich zum Newsletter an und lade dir deine Vorlage f\u00fcr eine kreative ME-Time herunter. Jede Person kann malen!\" \/>\n<meta property=\"og:url\" content=\"https:\/\/papierblau.ch\/en\/download-me-time\/\" \/>\n<meta property=\"og:site_name\" content=\"Papierblau\" \/>\n<meta property=\"article:publisher\" content=\"https:\/\/facebook.com\/papierblau.ch\" \/>\n<meta property=\"article:modified_time\" content=\"2024-01-01T22:03:03+00:00\" \/>\n<meta name=\"twitter:label1\" content=\"Estimated reading time\" \/>\n\t<meta name=\"twitter:data1\" content=\"2 minutes\" \/>\n<script type=\"application\/ld+json\" class=\"yoast-schema-graph\">{\"@context\":\"https:\\\/\\\/schema.org\",\"@graph\":[{\"@type\":\"WebPage\",\"@id\":\"https:\\\/\\\/papierblau.ch\\\/download-me-time\\\/\",\"url\":\"https:\\\/\\\/papierblau.ch\\\/download-me-time\\\/\",\"name\":\"Kreative Me-Time | Jede Person kann malen | Papierblau\",\"isPartOf\":{\"@id\":\"https:\\\/\\\/papierblau.ch\\\/#website\"},\"datePublished\":\"2024-01-01T05:00:00+00:00\",\"dateModified\":\"2024-01-01T22:03:03+00:00\",\"description\":\"Fast geschafft! Melde dich zum Newsletter an und lade dir deine Vorlage f\u00fcr eine kreative ME-Time herunter. Jede Person kann malen!\",\"breadcrumb\":{\"@id\":\"https:\\\/\\\/papierblau.ch\\\/download-me-time\\\/#breadcrumb\"},\"inLanguage\":\"en-GB\",\"potentialAction\":[{\"@type\":\"ReadAction\",\"target\":[\"https:\\\/\\\/papierblau.ch\\\/download-me-time\\\/\"]}]},{\"@type\":\"BreadcrumbList\",\"@id\":\"https:\\\/\\\/papierblau.ch\\\/download-me-time\\\/#breadcrumb\",\"itemListElement\":[{\"@type\":\"ListItem\",\"position\":1,\"name\":\"Startseite\",\"item\":\"https:\\\/\\\/papierblau.ch\\\/\"},{\"@type\":\"ListItem\",\"position\":2,\"name\":\"Download Kreative Auszeit\"}]},{\"@type\":\"WebSite\",\"@id\":\"https:\\\/\\\/papierblau.ch\\\/#website\",\"url\":\"https:\\\/\\\/papierblau.ch\\\/\",\"name\":\"Papierblau\",\"description\":\"Karten, Sticker und mehr\",\"publisher\":{\"@id\":\"https:\\\/\\\/papierblau.ch\\\/#organization\"},\"potentialAction\":[{\"@type\":\"SearchAction\",\"target\":{\"@type\":\"EntryPoint\",\"urlTemplate\":\"https:\\\/\\\/papierblau.ch\\\/?s={search_term_string}\"},\"query-input\":{\"@type\":\"PropertyValueSpecification\",\"valueRequired\":true,\"valueName\":\"search_term_string\"}}],\"inLanguage\":\"en-GB\"},{\"@type\":\"Organization\",\"@id\":\"https:\\\/\\\/papierblau.ch\\\/#organization\",\"name\":\"Papierblau\",\"url\":\"https:\\\/\\\/papierblau.ch\\\/\",\"logo\":{\"@type\":\"ImageObject\",\"inLanguage\":\"en-GB\",\"@id\":\"https:\\\/\\\/papierblau.ch\\\/#\\\/schema\\\/logo\\\/image\\\/\",\"url\":\"https:\\\/\\\/papierblau.ch\\\/wp-content\\\/uploads\\\/2020\\\/05\\\/cropped-Logo_bild.png\",\"contentUrl\":\"https:\\\/\\\/papierblau.ch\\\/wp-content\\\/uploads\\\/2020\\\/05\\\/cropped-Logo_bild.png\",\"width\":512,\"height\":512,\"caption\":\"Papierblau\"},\"image\":{\"@id\":\"https:\\\/\\\/papierblau.ch\\\/#\\\/schema\\\/logo\\\/image\\\/\"},\"sameAs\":[\"https:\\\/\\\/facebook.com\\\/papierblau.ch\",\"https:\\\/\\\/instagram.com\\\/papierblau\"]}]}<\/script>\n<!-- \/ Yoast SEO plugin. -->","yoast_head_json":{"title":"Kreative Me-Time | Jede Person kann malen | Papierblau","description":"Fast geschafft! Melde dich zum Newsletter an und lade dir deine Vorlage f\u00fcr eine kreative ME-Time herunter. Jede Person kann malen!","robots":{"index":"noindex","follow":"follow"},"og_locale":"en_GB","og_type":"article","og_title":"Kreative Me-Time | Jede Person kann malen | Papierblau","og_description":"Fast geschafft! Melde dich zum Newsletter an und lade dir deine Vorlage f\u00fcr eine kreative ME-Time herunter. Jede Person kann malen!","og_url":"https:\/\/papierblau.ch\/en\/download-me-time\/","og_site_name":"Papierblau","article_publisher":"https:\/\/facebook.com\/papierblau.ch","article_modified_time":"2024-01-01T22:03:03+00:00","twitter_misc":{"Estimated reading time":"2 minutes"},"schema":{"@context":"https:\/\/schema.org","@graph":[{"@type":"WebPage","@id":"https:\/\/papierblau.ch\/download-me-time\/","url":"https:\/\/papierblau.ch\/download-me-time\/","name":"Kreative Me-Time | Jede Person kann malen | Papierblau","isPartOf":{"@id":"https:\/\/papierblau.ch\/#website"},"datePublished":"2024-01-01T05:00:00+00:00","dateModified":"2024-01-01T22:03:03+00:00","description":"Fast geschafft! Melde dich zum Newsletter an und lade dir deine Vorlage f\u00fcr eine kreative ME-Time herunter. Jede Person kann malen!","breadcrumb":{"@id":"https:\/\/papierblau.ch\/download-me-time\/#breadcrumb"},"inLanguage":"en-GB","potentialAction":[{"@type":"ReadAction","target":["https:\/\/papierblau.ch\/download-me-time\/"]}]},{"@type":"BreadcrumbList","@id":"https:\/\/papierblau.ch\/download-me-time\/#breadcrumb","itemListElement":[{"@type":"ListItem","position":1,"name":"Startseite","item":"https:\/\/papierblau.ch\/"},{"@type":"ListItem","position":2,"name":"Download Kreative Auszeit"}]},{"@type":"WebSite","@id":"https:\/\/papierblau.ch\/#website","url":"https:\/\/papierblau.ch\/","name":"Papierblau","description":"Karten, Sticker und mehr","publisher":{"@id":"https:\/\/papierblau.ch\/#organization"},"potentialAction":[{"@type":"SearchAction","target":{"@type":"EntryPoint","urlTemplate":"https:\/\/papierblau.ch\/?s={search_term_string}"},"query-input":{"@type":"PropertyValueSpecification","valueRequired":true,"valueName":"search_term_string"}}],"inLanguage":"en-GB"},{"@type":"Organization","@id":"https:\/\/papierblau.ch\/#organization","name":"Papierblau","url":"https:\/\/papierblau.ch\/","logo":{"@type":"ImageObject","inLanguage":"en-GB","@id":"https:\/\/papierblau.ch\/#\/schema\/logo\/image\/","url":"https:\/\/papierblau.ch\/wp-content\/uploads\/2020\/05\/cropped-Logo_bild.png","contentUrl":"https:\/\/papierblau.ch\/wp-content\/uploads\/2020\/05\/cropped-Logo_bild.png","width":512,"height":512,"caption":"Papierblau"},"image":{"@id":"https:\/\/papierblau.ch\/#\/schema\/logo\/image\/"},"sameAs":["https:\/\/facebook.com\/papierblau.ch","https:\/\/instagram.com\/papierblau"]}]}},"_links":{"self":[{"href":"https:\/\/papierblau.ch\/en\/wp-json\/wp\/v2\/pages\/32975","targetHints":{"allow":["GET"]}}],"collection":[{"href":"https:\/\/papierblau.ch\/en\/wp-json\/wp\/v2\/pages"}],"about":[{"href":"https:\/\/papierblau.ch\/en\/wp-json\/wp\/v2\/types\/page"}],"author":[{"embeddable":true,"href":"https:\/\/papierblau.ch\/en\/wp-json\/wp\/v2\/users\/1"}],"replies":[{"embeddable":true,"href":"https:\/\/papierblau.ch\/en\/wp-json\/wp\/v2\/comments?post=32975"}],"version-history":[{"count":0,"href":"https:\/\/papierblau.ch\/en\/wp-json\/wp\/v2\/pages\/32975\/revisions"}],"wp:attachment":[{"href":"https:\/\/papierblau.ch\/en\/wp-json\/wp\/v2\/media?parent=32975"}],"curies":[{"name":"wp","href":"https:\/\/api.w.org\/{rel}","templated":true}]}}