{"id":31420,"date":"2022-03-06T14:11:15","date_gmt":"2022-03-06T13:11:15","guid":{"rendered":"https:\/\/papierblau.ch\/?post_type=product&#038;p=31420"},"modified":"2026-02-13T12:51:00","modified_gmt":"2026-02-13T11:51:00","slug":"geburtstagskalender","status":"publish","type":"product","link":"https:\/\/papierblau.ch\/en\/product\/geburtstagskalender\/","title":{"rendered":"Birthday Calendar Feathers"},"content":{"rendered":"<p>[et_pb_section fb_built=&#8220;1&#8243; _builder_version=&#8220;4.16&#8243; custom_padding=&#8220;0px||||false|false&#8220; global_colors_info=&#8220;{}&#8220;][et_pb_row _builder_version=&#8220;4.16&#8243; background_size=&#8220;initial&#8220; background_position=&#8220;top_left&#8220; background_repeat=&#8220;repeat&#8220; width=&#8220;100%&#8220; custom_padding=&#8220;0px||0px||false|false&#8220; global_colors_info=&#8220;{}&#8220;][et_pb_column type=&#8220;4_4&#8243; _builder_version=&#8220;4.16&#8243; custom_padding=&#8220;|||&#8220; global_colors_info=&#8220;{}&#8220; custom_padding__hover=&#8220;|||&#8220;][et_pb_wc_breadcrumb breadcrumb_home_text=&#8220;Produkte&#8220; breadcrumb_home_url=&#8220;https:\/\/papierblau.ch\/produkt-kategorie\/produkte\/&#8220; _builder_version=&#8220;4.16&#8243; _module_preset=&#8220;default&#8220; global_colors_info=&#8220;{}&#8220;][\/et_pb_wc_breadcrumb][et_pb_wc_cart_notice _builder_version=&#8220;4.16&#8243; global_colors_info=&#8220;{}&#8220;][\/et_pb_wc_cart_notice][\/et_pb_column][\/et_pb_row][et_pb_row column_structure=&#8220;1_2,1_2&#8243; _builder_version=&#8220;4.16&#8243; background_size=&#8220;initial&#8220; background_position=&#8220;top_left&#8220; background_repeat=&#8220;repeat&#8220; width=&#8220;100%&#8220; custom_padding=&#8220;0px||||false|false&#8220; global_colors_info=&#8220;{}&#8220;][et_pb_column type=&#8220;1_2&#8243; _builder_version=&#8220;4.16&#8243; custom_padding=&#8220;|||&#8220; global_colors_info=&#8220;{}&#8220; custom_padding__hover=&#8220;|||&#8220;][et_pb_wc_images _builder_version=&#8220;4.16&#8243; global_colors_info=&#8220;{}&#8220;][\/et_pb_wc_images][\/et_pb_column][et_pb_column type=&#8220;1_2&#8243; _builder_version=&#8220;4.16&#8243; custom_padding=&#8220;|||&#8220; global_colors_info=&#8220;{}&#8220; custom_padding__hover=&#8220;|||&#8220;][et_pb_wc_title _builder_version=&#8220;4.16&#8243; global_colors_info=&#8220;{}&#8220;][\/et_pb_wc_title][et_pb_wc_rating _builder_version=&#8220;4.16&#8243; global_colors_info=&#8220;{}&#8220;][\/et_pb_wc_rating][et_pb_wc_price _builder_version=&#8220;4.16&#8243; global_colors_info=&#8220;{}&#8220;][\/et_pb_wc_price][et_pb_wc_description _builder_version=&#8220;4.16&#8243; global_colors_info=&#8220;{}&#8220;][\/et_pb_wc_description][et_pb_wc_add_to_cart _builder_version=&#8220;4.16&#8243; global_colors_info=&#8220;{}&#8220;][\/et_pb_wc_add_to_cart][\/et_pb_column][\/et_pb_row][et_pb_row _builder_version=&#8220;4.16&#8243; background_size=&#8220;initial&#8220; background_position=&#8220;top_left&#8220; background_repeat=&#8220;repeat&#8220; width=&#8220;100%&#8220; global_colors_info=&#8220;{}&#8220;][et_pb_column type=&#8220;4_4&#8243; _builder_version=&#8220;4.16&#8243; custom_padding=&#8220;|||&#8220; global_colors_info=&#8220;{}&#8220; custom_padding__hover=&#8220;|||&#8220;][et_pb_wc_tabs _builder_version=&#8220;4.16&#8243; global_colors_info=&#8220;{}&#8220;]\t\t\t\t\t[\/et_pb_wc_tabs][et_pb_text _builder_version=&#8220;4.16&#8243; _module_preset=&#8220;default&#8220; global_colors_info=&#8220;{}&#8220;]<\/p>\n<h3>Das k\u00f6nnte dir auch gefallen<\/h3>\n<p>[\/et_pb_text][et_pb_shop type=&#8220;product_category&#8220; posts_number=&#8220;3&#8243; include_categories=&#8220;34&#8243; _builder_version=&#8220;4.16&#8243; _module_preset=&#8220;default&#8220; global_colors_info=&#8220;{}&#8220;][\/et_pb_shop][\/et_pb_column][\/et_pb_row][\/et_pb_section]<\/p>\n","protected":false},"excerpt":{"rendered":"<p>Never forget an important birthday again with this simple birthday calendar. It's easy to forget in the hustle and bustle of everyday life, but with this birthday calendar you can keep track of your loved ones' birthdays at a glance. You can print it out and hang it up where you can easily see it, or you can use it on your computer with a free app like Adobe Acrobat Reader. Of course, you can also use it on your tablet in an app like GoodNotes.<\/p>","protected":false},"featured_media":32661,"comment_status":"open","ping_status":"closed","template":"","meta":{"_et_pb_use_builder":"on","_et_pb_old_content":"Dein Download enth\u00e4lt eine hochwertige PDF-Datei, die du direkt nach dem Kauf herunterladen kannst.\r\n\r\nDu kannst den Kalender ausdrucken und von Hand ausf\u00fcllen. Wenn du es lieber digital magst, kannst du den Kalender auch auf deinem iPad mit einer App wie GoodNotes oder auf deinem Computer mit einer PDF-Anmerkungs-App wie Adobe Acrobat Reader verwenden. Du kannst Adobe Acrobat Reader kostenlos unter <a href=\"https:\/\/www.adobe.com\/ch_de\/acrobat\/pdf-reader.html\">www.adobe.com<\/a> herunterladen.\r\n\r\nWICHTIGE INFORMATIONEN:\r\nDer Kalender ist f\u00fcr das Format A4 gedacht. Ausdrucken auf zwei A4-Seiten. Beim Ausdrucken solltest du darauf achten, dass du in den Druckeinstellungen die Gr\u00f6sse an die Seitengr\u00f6sse anpasst. Ansonsten kann es sein, dass der Rand abgeschnitten wird.\r\n\r\nBitte beachte, dass die Anzeige auf deinem Bildschirm und der tats\u00e4chliche Druck Farbabweichungen aufweisen k\u00f6nnen. Die endg\u00fcltige Druckqualit\u00e4t h\u00e4ngt vom verwendeten Drucker und dem Papier ab. Denke daran, dass es sich um ein digitales Produkt handelt, es werden also keine physischen Artikel versandt. Nimm dir die Zeit, die Beschreibung und die Produktdetails sorgf\u00e4ltig zu lesen, bevor du deinen Kauf abschliesst, denn digitale Produkte k\u00f6nnen nicht zur\u00fcckgenommen werden.\r\n\r\nLIEFERUNG:\r\nWenn du per Kreditkarte \/ Twint bezahlst bekommst du den Link zum Download sofort nach dem Kauf, bei Bank\u00fcberweisung nach Zahlungseingang.\r\n\r\nNUTZUNGSBEDINGUNGEN\r\n<ul>\r\n \t<li style=\"list-style-type: none\">\r\n<ul>\r\n \t<li>F\u00fcr den privaten Gebrauch oder als Geschenk kannst du so viele Exemplare wie n\u00f6tig drucken.<\/li>\r\n \t<li>Eine kommerzielle Weitergabe an Dritte oder eine kommerzielle Nutzung ist nicht gestattet.<\/li>\r\n \t<li>Digitale Artikel sind vom Umtausch ausgeschlossen.<\/li>\r\n \t<li>Es ist nicht gestattet, die Dateien auf irgendeine Art und Weise zu teilen (per E-Mail, Filesharing-Websites oder auf andere Weise) oder zu verschenken.<\/li>\r\n \t<li>Die Dateien d\u00fcrfen nicht in digitaler oder physischer Form weiterverkauft werden.<\/li>\r\n \t<li>Die Dateien d\u00fcrfen nicht zur Herstellung von Produkten oder Werbematerial verwendet werden.<\/li>\r\n \t<li>Die Dateien d\u00fcrfen nicht auf Websites, Blogs, Logos, Banners etc. verwendet oder hochgeladen werden.<\/li>\r\n<\/ul>\r\n<\/li>\r\n<\/ul>","_et_gb_content_width":""},"product_brand":[],"product_cat":[144,226,234],"product_tag":[],"class_list":{"0":"post-31420","1":"product","2":"type-product","3":"status-publish","4":"has-post-thumbnail","6":"product_cat-produkte","7":"product_cat-digitale-produkte","8":"product_cat-geburtstagskalender","10":"first","11":"instock","12":"shipping-taxable","13":"purchasable","14":"product-type-variable"},"yoast_head":"<!-- This site is optimized with the Yoast SEO plugin v27.3 - https:\/\/yoast.com\/product\/yoast-seo-wordpress\/ -->\n<title>Geburtstagskalender Federn | Papierblau<\/title>\n<meta name=\"description\" content=\"Geburtstagskalender zum Ausdrucken oder digital nutzen, z. B. in Goodnotes. Download direkt nach dem Kauf. Behalte die Geburtstage im Blick.\" \/>\n<meta name=\"robots\" content=\"index, follow, max-snippet:-1, max-image-preview:large, max-video-preview:-1\" \/>\n<link rel=\"canonical\" href=\"https:\/\/papierblau.ch\/en\/product\/geburtstagskalender\/\" \/>\n<meta property=\"og:locale\" content=\"en_GB\" \/>\n<meta property=\"og:type\" content=\"article\" \/>\n<meta property=\"og:title\" content=\"Geburtstagskalender Federn | Papierblau\" \/>\n<meta property=\"og:description\" content=\"Geburtstagskalender zum Ausdrucken oder digital nutzen, z. B. in Goodnotes. Download direkt nach dem Kauf. Behalte die Geburtstage im Blick.\" \/>\n<meta property=\"og:url\" content=\"https:\/\/papierblau.ch\/en\/product\/geburtstagskalender\/\" \/>\n<meta property=\"og:site_name\" content=\"Papierblau\" \/>\n<meta property=\"article:publisher\" content=\"https:\/\/facebook.com\/papierblau.ch\" \/>\n<meta property=\"article:modified_time\" content=\"2026-02-13T11:51:00+00:00\" \/>\n<meta property=\"og:image\" content=\"https:\/\/papierblau.ch\/wp-content\/uploads\/2022\/03\/1-Kopie.jpg\" \/>\n\t<meta property=\"og:image:width\" content=\"2500\" \/>\n\t<meta property=\"og:image:height\" content=\"2000\" \/>\n\t<meta property=\"og:image:type\" content=\"image\/jpeg\" \/>\n<meta name=\"twitter:label1\" content=\"Estimated reading time\" \/>\n\t<meta name=\"twitter:data1\" content=\"1 minute\" \/>\n<script type=\"application\/ld+json\" class=\"yoast-schema-graph\">{\"@context\":\"https:\\\/\\\/schema.org\",\"@graph\":[{\"@type\":\"WebPage\",\"@id\":\"https:\\\/\\\/papierblau.ch\\\/produkt\\\/geburtstagskalender\\\/\",\"url\":\"https:\\\/\\\/papierblau.ch\\\/produkt\\\/geburtstagskalender\\\/\",\"name\":\"Geburtstagskalender Federn | Papierblau\",\"isPartOf\":{\"@id\":\"https:\\\/\\\/papierblau.ch\\\/#website\"},\"primaryImageOfPage\":{\"@id\":\"https:\\\/\\\/papierblau.ch\\\/produkt\\\/geburtstagskalender\\\/#primaryimage\"},\"image\":{\"@id\":\"https:\\\/\\\/papierblau.ch\\\/produkt\\\/geburtstagskalender\\\/#primaryimage\"},\"thumbnailUrl\":\"https:\\\/\\\/papierblau.ch\\\/wp-content\\\/uploads\\\/2022\\\/03\\\/1-Kopie.jpg\",\"datePublished\":\"2022-03-06T13:11:15+00:00\",\"dateModified\":\"2026-02-13T11:51:00+00:00\",\"description\":\"Geburtstagskalender zum Ausdrucken oder digital nutzen, z. B. in Goodnotes. Download direkt nach dem Kauf. Behalte die Geburtstage im Blick.\",\"breadcrumb\":{\"@id\":\"https:\\\/\\\/papierblau.ch\\\/produkt\\\/geburtstagskalender\\\/#breadcrumb\"},\"inLanguage\":\"en-GB\",\"potentialAction\":[{\"@type\":\"ReadAction\",\"target\":[\"https:\\\/\\\/papierblau.ch\\\/produkt\\\/geburtstagskalender\\\/\"]}]},{\"@type\":\"ImageObject\",\"inLanguage\":\"en-GB\",\"@id\":\"https:\\\/\\\/papierblau.ch\\\/produkt\\\/geburtstagskalender\\\/#primaryimage\",\"url\":\"https:\\\/\\\/papierblau.ch\\\/wp-content\\\/uploads\\\/2022\\\/03\\\/1-Kopie.jpg\",\"contentUrl\":\"https:\\\/\\\/papierblau.ch\\\/wp-content\\\/uploads\\\/2022\\\/03\\\/1-Kopie.jpg\",\"width\":2500,\"height\":2000,\"caption\":\"geburtstagskalender federn\"},{\"@type\":\"BreadcrumbList\",\"@id\":\"https:\\\/\\\/papierblau.ch\\\/produkt\\\/geburtstagskalender\\\/#breadcrumb\",\"itemListElement\":[{\"@type\":\"ListItem\",\"position\":1,\"name\":\"Startseite\",\"item\":\"https:\\\/\\\/papierblau.ch\\\/\"},{\"@type\":\"ListItem\",\"position\":2,\"name\":\"Produkte\",\"item\":\"https:\\\/\\\/papierblau.ch\\\/produkte\\\/\"},{\"@type\":\"ListItem\",\"position\":3,\"name\":\"Geburtstagskalender Federn\"}]},{\"@type\":\"WebSite\",\"@id\":\"https:\\\/\\\/papierblau.ch\\\/#website\",\"url\":\"https:\\\/\\\/papierblau.ch\\\/\",\"name\":\"Papierblau\",\"description\":\"Karten, Sticker und mehr\",\"publisher\":{\"@id\":\"https:\\\/\\\/papierblau.ch\\\/#organization\"},\"potentialAction\":[{\"@type\":\"SearchAction\",\"target\":{\"@type\":\"EntryPoint\",\"urlTemplate\":\"https:\\\/\\\/papierblau.ch\\\/?s={search_term_string}\"},\"query-input\":{\"@type\":\"PropertyValueSpecification\",\"valueRequired\":true,\"valueName\":\"search_term_string\"}}],\"inLanguage\":\"en-GB\"},{\"@type\":\"Organization\",\"@id\":\"https:\\\/\\\/papierblau.ch\\\/#organization\",\"name\":\"Papierblau\",\"url\":\"https:\\\/\\\/papierblau.ch\\\/\",\"logo\":{\"@type\":\"ImageObject\",\"inLanguage\":\"en-GB\",\"@id\":\"https:\\\/\\\/papierblau.ch\\\/#\\\/schema\\\/logo\\\/image\\\/\",\"url\":\"https:\\\/\\\/papierblau.ch\\\/wp-content\\\/uploads\\\/2020\\\/05\\\/cropped-Logo_bild.png\",\"contentUrl\":\"https:\\\/\\\/papierblau.ch\\\/wp-content\\\/uploads\\\/2020\\\/05\\\/cropped-Logo_bild.png\",\"width\":512,\"height\":512,\"caption\":\"Papierblau\"},\"image\":{\"@id\":\"https:\\\/\\\/papierblau.ch\\\/#\\\/schema\\\/logo\\\/image\\\/\"},\"sameAs\":[\"https:\\\/\\\/facebook.com\\\/papierblau.ch\",\"https:\\\/\\\/instagram.com\\\/papierblau\"]}]}<\/script>\n<!-- \/ Yoast SEO plugin. -->","yoast_head_json":{"title":"Geburtstagskalender Federn | Papierblau","description":"Geburtstagskalender zum Ausdrucken oder digital nutzen, z. B. in Goodnotes. Download direkt nach dem Kauf. Behalte die Geburtstage im Blick.","robots":{"index":"index","follow":"follow","max-snippet":"max-snippet:-1","max-image-preview":"max-image-preview:large","max-video-preview":"max-video-preview:-1"},"canonical":"https:\/\/papierblau.ch\/en\/product\/geburtstagskalender\/","og_locale":"en_GB","og_type":"article","og_title":"Geburtstagskalender Federn | Papierblau","og_description":"Geburtstagskalender zum Ausdrucken oder digital nutzen, z. B. in Goodnotes. Download direkt nach dem Kauf. Behalte die Geburtstage im Blick.","og_url":"https:\/\/papierblau.ch\/en\/product\/geburtstagskalender\/","og_site_name":"Papierblau","article_publisher":"https:\/\/facebook.com\/papierblau.ch","article_modified_time":"2026-02-13T11:51:00+00:00","og_image":[{"width":2500,"height":2000,"url":"https:\/\/papierblau.ch\/wp-content\/uploads\/2022\/03\/1-Kopie.jpg","type":"image\/jpeg"}],"twitter_misc":{"Estimated reading time":"1 minute"},"schema":{"@context":"https:\/\/schema.org","@graph":[{"@type":"WebPage","@id":"https:\/\/papierblau.ch\/produkt\/geburtstagskalender\/","url":"https:\/\/papierblau.ch\/produkt\/geburtstagskalender\/","name":"Geburtstagskalender Federn | Papierblau","isPartOf":{"@id":"https:\/\/papierblau.ch\/#website"},"primaryImageOfPage":{"@id":"https:\/\/papierblau.ch\/produkt\/geburtstagskalender\/#primaryimage"},"image":{"@id":"https:\/\/papierblau.ch\/produkt\/geburtstagskalender\/#primaryimage"},"thumbnailUrl":"https:\/\/papierblau.ch\/wp-content\/uploads\/2022\/03\/1-Kopie.jpg","datePublished":"2022-03-06T13:11:15+00:00","dateModified":"2026-02-13T11:51:00+00:00","description":"Geburtstagskalender zum Ausdrucken oder digital nutzen, z. B. in Goodnotes. Download direkt nach dem Kauf. Behalte die Geburtstage im Blick.","breadcrumb":{"@id":"https:\/\/papierblau.ch\/produkt\/geburtstagskalender\/#breadcrumb"},"inLanguage":"en-GB","potentialAction":[{"@type":"ReadAction","target":["https:\/\/papierblau.ch\/produkt\/geburtstagskalender\/"]}]},{"@type":"ImageObject","inLanguage":"en-GB","@id":"https:\/\/papierblau.ch\/produkt\/geburtstagskalender\/#primaryimage","url":"https:\/\/papierblau.ch\/wp-content\/uploads\/2022\/03\/1-Kopie.jpg","contentUrl":"https:\/\/papierblau.ch\/wp-content\/uploads\/2022\/03\/1-Kopie.jpg","width":2500,"height":2000,"caption":"geburtstagskalender federn"},{"@type":"BreadcrumbList","@id":"https:\/\/papierblau.ch\/produkt\/geburtstagskalender\/#breadcrumb","itemListElement":[{"@type":"ListItem","position":1,"name":"Startseite","item":"https:\/\/papierblau.ch\/"},{"@type":"ListItem","position":2,"name":"Produkte","item":"https:\/\/papierblau.ch\/produkte\/"},{"@type":"ListItem","position":3,"name":"Geburtstagskalender Federn"}]},{"@type":"WebSite","@id":"https:\/\/papierblau.ch\/#website","url":"https:\/\/papierblau.ch\/","name":"Papierblau","description":"Karten, Sticker und mehr","publisher":{"@id":"https:\/\/papierblau.ch\/#organization"},"potentialAction":[{"@type":"SearchAction","target":{"@type":"EntryPoint","urlTemplate":"https:\/\/papierblau.ch\/?s={search_term_string}"},"query-input":{"@type":"PropertyValueSpecification","valueRequired":true,"valueName":"search_term_string"}}],"inLanguage":"en-GB"},{"@type":"Organization","@id":"https:\/\/papierblau.ch\/#organization","name":"Papierblau","url":"https:\/\/papierblau.ch\/","logo":{"@type":"ImageObject","inLanguage":"en-GB","@id":"https:\/\/papierblau.ch\/#\/schema\/logo\/image\/","url":"https:\/\/papierblau.ch\/wp-content\/uploads\/2020\/05\/cropped-Logo_bild.png","contentUrl":"https:\/\/papierblau.ch\/wp-content\/uploads\/2020\/05\/cropped-Logo_bild.png","width":512,"height":512,"caption":"Papierblau"},"image":{"@id":"https:\/\/papierblau.ch\/#\/schema\/logo\/image\/"},"sameAs":["https:\/\/facebook.com\/papierblau.ch","https:\/\/instagram.com\/papierblau"]}]}},"_links":{"self":[{"href":"https:\/\/papierblau.ch\/en\/wp-json\/wp\/v2\/product\/31420","targetHints":{"allow":["GET"]}}],"collection":[{"href":"https:\/\/papierblau.ch\/en\/wp-json\/wp\/v2\/product"}],"about":[{"href":"https:\/\/papierblau.ch\/en\/wp-json\/wp\/v2\/types\/product"}],"replies":[{"embeddable":true,"href":"https:\/\/papierblau.ch\/en\/wp-json\/wp\/v2\/comments?post=31420"}],"wp:featuredmedia":[{"embeddable":true,"href":"https:\/\/papierblau.ch\/en\/wp-json\/wp\/v2\/media\/32661"}],"wp:attachment":[{"href":"https:\/\/papierblau.ch\/en\/wp-json\/wp\/v2\/media?parent=31420"}],"wp:term":[{"taxonomy":"product_brand","embeddable":true,"href":"https:\/\/papierblau.ch\/en\/wp-json\/wp\/v2\/product_brand?post=31420"},{"taxonomy":"product_cat","embeddable":true,"href":"https:\/\/papierblau.ch\/en\/wp-json\/wp\/v2\/product_cat?post=31420"},{"taxonomy":"product_tag","embeddable":true,"href":"https:\/\/papierblau.ch\/en\/wp-json\/wp\/v2\/product_tag?post=31420"}],"curies":[{"name":"wp","href":"https:\/\/api.w.org\/{rel}","templated":true}]}}