{"id":31641,"date":"2022-05-18T21:55:06","date_gmt":"2022-05-18T19:55:06","guid":{"rendered":"https:\/\/papierblau.ch\/?post_type=product&#038;p=31641"},"modified":"2026-02-13T12:51:00","modified_gmt":"2026-02-13T11:51:00","slug":"wochenplaner-pflanzen","status":"publish","type":"product","link":"https:\/\/papierblau.ch\/en\/product\/wochenplaner-pflanzen\/","title":{"rendered":"Weekly Planner Plants"},"content":{"rendered":"<p>[et_pb_section fb_built=&#8220;1&#8243; _builder_version=&#8220;4.16&#8243; custom_padding=&#8220;0px||||false|false&#8220; global_colors_info=&#8220;{}&#8220;][et_pb_row _builder_version=&#8220;4.16&#8243; background_size=&#8220;initial&#8220; background_position=&#8220;top_left&#8220; background_repeat=&#8220;repeat&#8220; width=&#8220;100%&#8220; custom_padding=&#8220;0px||0px||false|false&#8220; global_colors_info=&#8220;{}&#8220;][et_pb_column type=&#8220;4_4&#8243; _builder_version=&#8220;4.16&#8243; custom_padding=&#8220;|||&#8220; global_colors_info=&#8220;{}&#8220; custom_padding__hover=&#8220;|||&#8220;][et_pb_wc_breadcrumb breadcrumb_home_text=&#8220;Produkte&#8220; breadcrumb_home_url=&#8220;https:\/\/papierblau.ch\/produkt-kategorie\/produkte\/&#8220; _builder_version=&#8220;4.16&#8243; _module_preset=&#8220;default&#8220; global_colors_info=&#8220;{}&#8220;][\/et_pb_wc_breadcrumb][et_pb_wc_cart_notice _builder_version=&#8220;4.16&#8243; global_colors_info=&#8220;{}&#8220;][\/et_pb_wc_cart_notice][\/et_pb_column][\/et_pb_row][et_pb_row column_structure=&#8220;1_2,1_2&#8243; _builder_version=&#8220;4.16&#8243; background_size=&#8220;initial&#8220; background_position=&#8220;top_left&#8220; background_repeat=&#8220;repeat&#8220; width=&#8220;100%&#8220; custom_padding=&#8220;0px||||false|false&#8220; global_colors_info=&#8220;{}&#8220;][et_pb_column type=&#8220;1_2&#8243; _builder_version=&#8220;4.16&#8243; custom_padding=&#8220;|||&#8220; global_colors_info=&#8220;{}&#8220; custom_padding__hover=&#8220;|||&#8220;][et_pb_wc_images _builder_version=&#8220;4.16&#8243; global_colors_info=&#8220;{}&#8220;][\/et_pb_wc_images][\/et_pb_column][et_pb_column type=&#8220;1_2&#8243; _builder_version=&#8220;4.16&#8243; custom_padding=&#8220;|||&#8220; global_colors_info=&#8220;{}&#8220; custom_padding__hover=&#8220;|||&#8220;][et_pb_wc_title _builder_version=&#8220;4.16&#8243; global_colors_info=&#8220;{}&#8220;][\/et_pb_wc_title][et_pb_wc_rating _builder_version=&#8220;4.16&#8243; global_colors_info=&#8220;{}&#8220;][\/et_pb_wc_rating][et_pb_wc_price _builder_version=&#8220;4.16&#8243; global_colors_info=&#8220;{}&#8220;][\/et_pb_wc_price][et_pb_wc_description _builder_version=&#8220;4.16&#8243; global_colors_info=&#8220;{}&#8220;][\/et_pb_wc_description][et_pb_wc_add_to_cart _builder_version=&#8220;4.16&#8243; global_colors_info=&#8220;{}&#8220;][\/et_pb_wc_add_to_cart][\/et_pb_column][\/et_pb_row][et_pb_row _builder_version=&#8220;4.16&#8243; background_size=&#8220;initial&#8220; background_position=&#8220;top_left&#8220; background_repeat=&#8220;repeat&#8220; width=&#8220;100%&#8220; global_colors_info=&#8220;{}&#8220;][et_pb_column type=&#8220;4_4&#8243; _builder_version=&#8220;4.16&#8243; custom_padding=&#8220;|||&#8220; global_colors_info=&#8220;{}&#8220; custom_padding__hover=&#8220;|||&#8220;][et_pb_wc_tabs _builder_version=&#8220;4.16&#8243; global_colors_info=&#8220;{}&#8220;] [\/et_pb_wc_tabs][et_pb_text _builder_version=&#8220;4.16&#8243; _module_preset=&#8220;default&#8220; global_colors_info=&#8220;{}&#8220;]<\/p>\n<h3>Das k\u00f6nnte dir auch gefallen<\/h3>\n<p>[\/et_pb_text][et_pb_shop type=&#8220;product_category&#8220; posts_number=&#8220;3&#8243; include_categories=&#8220;226,230&#8243; _builder_version=&#8220;4.17.3&#8243; _module_preset=&#8220;default&#8220; global_colors_info=&#8220;{}&#8220;][\/et_pb_shop][\/et_pb_column][\/et_pb_row][\/et_pb_section]<\/p>\n","protected":false},"excerpt":{"rendered":"<p>Make your to-do list or menu plan, keep an eye on your children's appointments or make an office schedule. Whatever you use the weekly plan for, this simple plant design makes planning much more fun.<\/p>","protected":false},"featured_media":32672,"comment_status":"open","ping_status":"closed","template":"","meta":{"_et_pb_use_builder":"on","_et_pb_old_content":"<ul>\r\n \t<li>Print-at-home: direkt nach dem Kauf kannst du den Wochenplan herunterladen und ausdrucken. Du erh\u00e4ltst eine PDF-Datei, nat\u00fcrlich ohne das Papierblau-Wasserzeichen. Wenn du per Kreditkarte \/ Twint bezahlst bekommst du den Link zum Download sofort nach dem Kauf, bei Bank\u00fcberweisung nach Zahlungseingang.<\/li>\r\n \t<li>Ausdrucken auf eine A4-Seite<\/li>\r\n \t<li>Bitte beachte, dass die Anzeige auf deinem Bildschirm und der tats\u00e4chliche Druck Farbabweichungen aufweisen k\u00f6nnen. Die endg\u00fcltige Druckqualit\u00e4t h\u00e4ngt vom verwendeten Drucker und dem Papier ab.<\/li>\r\n<\/ul>\r\nDRUCKHINWEIS\r\n\r\nDer Wochenplan ist f\u00fcr das Format A4 gedacht. Beim Ausdrucken solltest du darauf achten, dass du in den Druckeinstellungen die Gr\u00f6sse an die Seitengr\u00f6sse anpasst. Ansonsten kann es sein, dass der Rand abgeschnitten wird.\r\n\r\nNUTZUNGSBEDINGUNGEN\r\n<ul>\r\n \t<li style=\"list-style-type: none\">\r\n<ul>\r\n \t<li>F\u00fcr den privaten Gebrauch oder als Geschenk kannst du so viele Exemplare wie n\u00f6tig drucken.<\/li>\r\n \t<li>Eine kommerzielle Weitergabe an Dritte oder eine kommerzielle Nutzung ist nicht gestattet.<\/li>\r\n \t<li>Digitale Artikel sind vom Umtausch ausgeschlossen.<\/li>\r\n \t<li>Es ist nicht gestattet, die Dateien auf irgendeine Art und Weise zu teilen (per E-Mail, Filesharing-Websites oder auf andere Weise) oder zu verschenken.<\/li>\r\n \t<li>Die Dateien d\u00fcrfen nicht in digitaler oder physischer Form weiterverkauft werden.<\/li>\r\n \t<li>Die Dateien d\u00fcrfen nicht zur Herstellung von Produkten oder Werbematerial verwendet werden.<\/li>\r\n \t<li>Die Dateien d\u00fcrfen nicht auf Websites, Blogs, Logos, Banners etc. verwendet oder hochgeladen werden.<\/li>\r\n<\/ul>\r\n<\/li>\r\n<\/ul>","_et_gb_content_width":""},"product_brand":[],"product_cat":[144,226,233],"product_tag":[],"class_list":{"0":"post-31641","1":"product","2":"type-product","3":"status-publish","4":"has-post-thumbnail","6":"product_cat-produkte","7":"product_cat-digitale-produkte","8":"product_cat-wochenplaner","10":"first","11":"instock","12":"downloadable","13":"virtual","14":"purchasable","15":"product-type-simple"},"yoast_head":"<!-- This site is optimized with the Yoast SEO plugin v27.3 - https:\/\/yoast.com\/product\/yoast-seo-wordpress\/ -->\n<title>Wochenplaner Pflanzen | Papierblau<\/title>\n<meta name=\"description\" content=\"Wochenplan zum Ausdrucken. Auch als Menuplan geeignet. Download direkt nach dem Kauf. Ausdruck auf A4. Planung leicht gemacht.\" \/>\n<meta name=\"robots\" content=\"index, follow, max-snippet:-1, max-image-preview:large, max-video-preview:-1\" \/>\n<link rel=\"canonical\" href=\"https:\/\/papierblau.ch\/en\/product\/wochenplaner-pflanzen\/\" \/>\n<meta property=\"og:locale\" content=\"en_GB\" \/>\n<meta property=\"og:type\" content=\"article\" \/>\n<meta property=\"og:title\" content=\"Wochenplaner Pflanzen | Papierblau\" \/>\n<meta property=\"og:description\" content=\"Wochenplan zum Ausdrucken. Auch als Menuplan geeignet. Download direkt nach dem Kauf. Ausdruck auf A4. Planung leicht gemacht.\" \/>\n<meta property=\"og:url\" content=\"https:\/\/papierblau.ch\/en\/product\/wochenplaner-pflanzen\/\" \/>\n<meta property=\"og:site_name\" content=\"Papierblau\" \/>\n<meta property=\"article:publisher\" content=\"https:\/\/facebook.com\/papierblau.ch\" \/>\n<meta property=\"article:modified_time\" content=\"2026-02-13T11:51:00+00:00\" \/>\n<meta property=\"og:image\" content=\"https:\/\/papierblau.ch\/wp-content\/uploads\/2022\/05\/wochenplan_pflanzen_hero.jpg\" \/>\n\t<meta property=\"og:image:width\" content=\"2500\" \/>\n\t<meta property=\"og:image:height\" content=\"2000\" \/>\n\t<meta property=\"og:image:type\" content=\"image\/jpeg\" \/>\n<meta name=\"twitter:label1\" content=\"Estimated reading time\" \/>\n\t<meta name=\"twitter:data1\" content=\"1 minute\" \/>\n<script type=\"application\/ld+json\" class=\"yoast-schema-graph\">{\"@context\":\"https:\\\/\\\/schema.org\",\"@graph\":[{\"@type\":\"WebPage\",\"@id\":\"https:\\\/\\\/papierblau.ch\\\/produkt\\\/wochenplaner-pflanzen\\\/\",\"url\":\"https:\\\/\\\/papierblau.ch\\\/produkt\\\/wochenplaner-pflanzen\\\/\",\"name\":\"Wochenplaner Pflanzen | Papierblau\",\"isPartOf\":{\"@id\":\"https:\\\/\\\/papierblau.ch\\\/#website\"},\"primaryImageOfPage\":{\"@id\":\"https:\\\/\\\/papierblau.ch\\\/produkt\\\/wochenplaner-pflanzen\\\/#primaryimage\"},\"image\":{\"@id\":\"https:\\\/\\\/papierblau.ch\\\/produkt\\\/wochenplaner-pflanzen\\\/#primaryimage\"},\"thumbnailUrl\":\"https:\\\/\\\/papierblau.ch\\\/wp-content\\\/uploads\\\/2022\\\/05\\\/wochenplan_pflanzen_hero.jpg\",\"datePublished\":\"2022-05-18T19:55:06+00:00\",\"dateModified\":\"2026-02-13T11:51:00+00:00\",\"description\":\"Wochenplan zum Ausdrucken. Auch als Menuplan geeignet. Download direkt nach dem Kauf. Ausdruck auf A4. Planung leicht gemacht.\",\"breadcrumb\":{\"@id\":\"https:\\\/\\\/papierblau.ch\\\/produkt\\\/wochenplaner-pflanzen\\\/#breadcrumb\"},\"inLanguage\":\"en-GB\",\"potentialAction\":[{\"@type\":\"ReadAction\",\"target\":[\"https:\\\/\\\/papierblau.ch\\\/produkt\\\/wochenplaner-pflanzen\\\/\"]}]},{\"@type\":\"ImageObject\",\"inLanguage\":\"en-GB\",\"@id\":\"https:\\\/\\\/papierblau.ch\\\/produkt\\\/wochenplaner-pflanzen\\\/#primaryimage\",\"url\":\"https:\\\/\\\/papierblau.ch\\\/wp-content\\\/uploads\\\/2022\\\/05\\\/wochenplan_pflanzen_hero.jpg\",\"contentUrl\":\"https:\\\/\\\/papierblau.ch\\\/wp-content\\\/uploads\\\/2022\\\/05\\\/wochenplan_pflanzen_hero.jpg\",\"width\":2500,\"height\":2000,\"caption\":\"Wochenplan Pflanzen deutsch\"},{\"@type\":\"BreadcrumbList\",\"@id\":\"https:\\\/\\\/papierblau.ch\\\/produkt\\\/wochenplaner-pflanzen\\\/#breadcrumb\",\"itemListElement\":[{\"@type\":\"ListItem\",\"position\":1,\"name\":\"Startseite\",\"item\":\"https:\\\/\\\/papierblau.ch\\\/\"},{\"@type\":\"ListItem\",\"position\":2,\"name\":\"Produkte\",\"item\":\"https:\\\/\\\/papierblau.ch\\\/produkte\\\/\"},{\"@type\":\"ListItem\",\"position\":3,\"name\":\"Wochenplaner Pflanzen\"}]},{\"@type\":\"WebSite\",\"@id\":\"https:\\\/\\\/papierblau.ch\\\/#website\",\"url\":\"https:\\\/\\\/papierblau.ch\\\/\",\"name\":\"Papierblau\",\"description\":\"Karten, Sticker und mehr\",\"publisher\":{\"@id\":\"https:\\\/\\\/papierblau.ch\\\/#organization\"},\"potentialAction\":[{\"@type\":\"SearchAction\",\"target\":{\"@type\":\"EntryPoint\",\"urlTemplate\":\"https:\\\/\\\/papierblau.ch\\\/?s={search_term_string}\"},\"query-input\":{\"@type\":\"PropertyValueSpecification\",\"valueRequired\":true,\"valueName\":\"search_term_string\"}}],\"inLanguage\":\"en-GB\"},{\"@type\":\"Organization\",\"@id\":\"https:\\\/\\\/papierblau.ch\\\/#organization\",\"name\":\"Papierblau\",\"url\":\"https:\\\/\\\/papierblau.ch\\\/\",\"logo\":{\"@type\":\"ImageObject\",\"inLanguage\":\"en-GB\",\"@id\":\"https:\\\/\\\/papierblau.ch\\\/#\\\/schema\\\/logo\\\/image\\\/\",\"url\":\"https:\\\/\\\/papierblau.ch\\\/wp-content\\\/uploads\\\/2020\\\/05\\\/cropped-Logo_bild.png\",\"contentUrl\":\"https:\\\/\\\/papierblau.ch\\\/wp-content\\\/uploads\\\/2020\\\/05\\\/cropped-Logo_bild.png\",\"width\":512,\"height\":512,\"caption\":\"Papierblau\"},\"image\":{\"@id\":\"https:\\\/\\\/papierblau.ch\\\/#\\\/schema\\\/logo\\\/image\\\/\"},\"sameAs\":[\"https:\\\/\\\/facebook.com\\\/papierblau.ch\",\"https:\\\/\\\/instagram.com\\\/papierblau\"]}]}<\/script>\n<!-- \/ Yoast SEO plugin. -->","yoast_head_json":{"title":"Wochenplaner Pflanzen | Papierblau","description":"Wochenplan zum Ausdrucken. Auch als Menuplan geeignet. Download direkt nach dem Kauf. Ausdruck auf A4. Planung leicht gemacht.","robots":{"index":"index","follow":"follow","max-snippet":"max-snippet:-1","max-image-preview":"max-image-preview:large","max-video-preview":"max-video-preview:-1"},"canonical":"https:\/\/papierblau.ch\/en\/product\/wochenplaner-pflanzen\/","og_locale":"en_GB","og_type":"article","og_title":"Wochenplaner Pflanzen | Papierblau","og_description":"Wochenplan zum Ausdrucken. Auch als Menuplan geeignet. Download direkt nach dem Kauf. Ausdruck auf A4. Planung leicht gemacht.","og_url":"https:\/\/papierblau.ch\/en\/product\/wochenplaner-pflanzen\/","og_site_name":"Papierblau","article_publisher":"https:\/\/facebook.com\/papierblau.ch","article_modified_time":"2026-02-13T11:51:00+00:00","og_image":[{"width":2500,"height":2000,"url":"https:\/\/papierblau.ch\/wp-content\/uploads\/2022\/05\/wochenplan_pflanzen_hero.jpg","type":"image\/jpeg"}],"twitter_misc":{"Estimated reading time":"1 minute"},"schema":{"@context":"https:\/\/schema.org","@graph":[{"@type":"WebPage","@id":"https:\/\/papierblau.ch\/produkt\/wochenplaner-pflanzen\/","url":"https:\/\/papierblau.ch\/produkt\/wochenplaner-pflanzen\/","name":"Wochenplaner Pflanzen | Papierblau","isPartOf":{"@id":"https:\/\/papierblau.ch\/#website"},"primaryImageOfPage":{"@id":"https:\/\/papierblau.ch\/produkt\/wochenplaner-pflanzen\/#primaryimage"},"image":{"@id":"https:\/\/papierblau.ch\/produkt\/wochenplaner-pflanzen\/#primaryimage"},"thumbnailUrl":"https:\/\/papierblau.ch\/wp-content\/uploads\/2022\/05\/wochenplan_pflanzen_hero.jpg","datePublished":"2022-05-18T19:55:06+00:00","dateModified":"2026-02-13T11:51:00+00:00","description":"Wochenplan zum Ausdrucken. Auch als Menuplan geeignet. Download direkt nach dem Kauf. Ausdruck auf A4. Planung leicht gemacht.","breadcrumb":{"@id":"https:\/\/papierblau.ch\/produkt\/wochenplaner-pflanzen\/#breadcrumb"},"inLanguage":"en-GB","potentialAction":[{"@type":"ReadAction","target":["https:\/\/papierblau.ch\/produkt\/wochenplaner-pflanzen\/"]}]},{"@type":"ImageObject","inLanguage":"en-GB","@id":"https:\/\/papierblau.ch\/produkt\/wochenplaner-pflanzen\/#primaryimage","url":"https:\/\/papierblau.ch\/wp-content\/uploads\/2022\/05\/wochenplan_pflanzen_hero.jpg","contentUrl":"https:\/\/papierblau.ch\/wp-content\/uploads\/2022\/05\/wochenplan_pflanzen_hero.jpg","width":2500,"height":2000,"caption":"Wochenplan Pflanzen deutsch"},{"@type":"BreadcrumbList","@id":"https:\/\/papierblau.ch\/produkt\/wochenplaner-pflanzen\/#breadcrumb","itemListElement":[{"@type":"ListItem","position":1,"name":"Startseite","item":"https:\/\/papierblau.ch\/"},{"@type":"ListItem","position":2,"name":"Produkte","item":"https:\/\/papierblau.ch\/produkte\/"},{"@type":"ListItem","position":3,"name":"Wochenplaner Pflanzen"}]},{"@type":"WebSite","@id":"https:\/\/papierblau.ch\/#website","url":"https:\/\/papierblau.ch\/","name":"Papierblau","description":"Karten, Sticker und mehr","publisher":{"@id":"https:\/\/papierblau.ch\/#organization"},"potentialAction":[{"@type":"SearchAction","target":{"@type":"EntryPoint","urlTemplate":"https:\/\/papierblau.ch\/?s={search_term_string}"},"query-input":{"@type":"PropertyValueSpecification","valueRequired":true,"valueName":"search_term_string"}}],"inLanguage":"en-GB"},{"@type":"Organization","@id":"https:\/\/papierblau.ch\/#organization","name":"Papierblau","url":"https:\/\/papierblau.ch\/","logo":{"@type":"ImageObject","inLanguage":"en-GB","@id":"https:\/\/papierblau.ch\/#\/schema\/logo\/image\/","url":"https:\/\/papierblau.ch\/wp-content\/uploads\/2020\/05\/cropped-Logo_bild.png","contentUrl":"https:\/\/papierblau.ch\/wp-content\/uploads\/2020\/05\/cropped-Logo_bild.png","width":512,"height":512,"caption":"Papierblau"},"image":{"@id":"https:\/\/papierblau.ch\/#\/schema\/logo\/image\/"},"sameAs":["https:\/\/facebook.com\/papierblau.ch","https:\/\/instagram.com\/papierblau"]}]}},"_links":{"self":[{"href":"https:\/\/papierblau.ch\/en\/wp-json\/wp\/v2\/product\/31641","targetHints":{"allow":["GET"]}}],"collection":[{"href":"https:\/\/papierblau.ch\/en\/wp-json\/wp\/v2\/product"}],"about":[{"href":"https:\/\/papierblau.ch\/en\/wp-json\/wp\/v2\/types\/product"}],"replies":[{"embeddable":true,"href":"https:\/\/papierblau.ch\/en\/wp-json\/wp\/v2\/comments?post=31641"}],"wp:featuredmedia":[{"embeddable":true,"href":"https:\/\/papierblau.ch\/en\/wp-json\/wp\/v2\/media\/32672"}],"wp:attachment":[{"href":"https:\/\/papierblau.ch\/en\/wp-json\/wp\/v2\/media?parent=31641"}],"wp:term":[{"taxonomy":"product_brand","embeddable":true,"href":"https:\/\/papierblau.ch\/en\/wp-json\/wp\/v2\/product_brand?post=31641"},{"taxonomy":"product_cat","embeddable":true,"href":"https:\/\/papierblau.ch\/en\/wp-json\/wp\/v2\/product_cat?post=31641"},{"taxonomy":"product_tag","embeddable":true,"href":"https:\/\/papierblau.ch\/en\/wp-json\/wp\/v2\/product_tag?post=31641"}],"curies":[{"name":"wp","href":"https:\/\/api.w.org\/{rel}","templated":true}]}}