{"id":32688,"date":"2023-07-13T10:57:24","date_gmt":"2023-07-13T08:57:24","guid":{"rendered":"https:\/\/papierblau.ch\/?post_type=product&#038;p=32688"},"modified":"2026-02-13T12:51:00","modified_gmt":"2026-02-13T11:51:00","slug":"to-do-liste-federn","status":"publish","type":"product","link":"https:\/\/papierblau.ch\/en\/product\/to-do-liste-federn\/","title":{"rendered":"To Do List with Feathers"},"content":{"rendered":"<p>[et_pb_section fb_built=&#8220;1&#8243; _builder_version=&#8220;4.16&#8243; custom_padding=&#8220;0px||||false|false&#8220; global_colors_info=&#8220;{}&#8220;][et_pb_row _builder_version=&#8220;4.16&#8243; background_size=&#8220;initial&#8220; background_position=&#8220;top_left&#8220; background_repeat=&#8220;repeat&#8220; width=&#8220;100%&#8220; custom_padding=&#8220;0px||0px||false|false&#8220; global_colors_info=&#8220;{}&#8220;][et_pb_column type=&#8220;4_4&#8243; _builder_version=&#8220;4.16&#8243; custom_padding=&#8220;|||&#8220; global_colors_info=&#8220;{}&#8220; custom_padding__hover=&#8220;|||&#8220;][et_pb_wc_breadcrumb breadcrumb_home_text=&#8220;Produkte&#8220; breadcrumb_home_url=&#8220;https:\/\/papierblau.ch\/produkt-kategorie\/produkte\/&#8220; _builder_version=&#8220;4.16&#8243; _module_preset=&#8220;default&#8220; global_colors_info=&#8220;{}&#8220;][\/et_pb_wc_breadcrumb][et_pb_wc_cart_notice _builder_version=&#8220;4.16&#8243; global_colors_info=&#8220;{}&#8220;][\/et_pb_wc_cart_notice][\/et_pb_column][\/et_pb_row][et_pb_row column_structure=&#8220;1_2,1_2&#8243; _builder_version=&#8220;4.16&#8243; background_size=&#8220;initial&#8220; background_position=&#8220;top_left&#8220; background_repeat=&#8220;repeat&#8220; width=&#8220;100%&#8220; custom_padding=&#8220;0px||||false|false&#8220; global_colors_info=&#8220;{}&#8220;][et_pb_column type=&#8220;1_2&#8243; _builder_version=&#8220;4.16&#8243; custom_padding=&#8220;|||&#8220; global_colors_info=&#8220;{}&#8220; custom_padding__hover=&#8220;|||&#8220;][et_pb_wc_images _builder_version=&#8220;4.16&#8243; global_colors_info=&#8220;{}&#8220;][\/et_pb_wc_images][\/et_pb_column][et_pb_column type=&#8220;1_2&#8243; _builder_version=&#8220;4.16&#8243; custom_padding=&#8220;|||&#8220; global_colors_info=&#8220;{}&#8220; custom_padding__hover=&#8220;|||&#8220;][et_pb_wc_title _builder_version=&#8220;4.16&#8243; global_colors_info=&#8220;{}&#8220;][\/et_pb_wc_title][et_pb_wc_rating _builder_version=&#8220;4.16&#8243; global_colors_info=&#8220;{}&#8220;][\/et_pb_wc_rating][et_pb_wc_price _builder_version=&#8220;4.16&#8243; global_colors_info=&#8220;{}&#8220;][\/et_pb_wc_price][et_pb_wc_description _builder_version=&#8220;4.16&#8243; global_colors_info=&#8220;{}&#8220;][\/et_pb_wc_description][et_pb_wc_add_to_cart _builder_version=&#8220;4.16&#8243; global_colors_info=&#8220;{}&#8220;][\/et_pb_wc_add_to_cart][\/et_pb_column][\/et_pb_row][et_pb_row _builder_version=&#8220;4.16&#8243; background_size=&#8220;initial&#8220; background_position=&#8220;top_left&#8220; background_repeat=&#8220;repeat&#8220; width=&#8220;100%&#8220; global_colors_info=&#8220;{}&#8220;][et_pb_column type=&#8220;4_4&#8243; _builder_version=&#8220;4.16&#8243; custom_padding=&#8220;|||&#8220; global_colors_info=&#8220;{}&#8220; custom_padding__hover=&#8220;|||&#8220;][et_pb_wc_tabs _builder_version=&#8220;4.16&#8243; global_colors_info=&#8220;{}&#8220;]\t\t\t\t\t[\/et_pb_wc_tabs][et_pb_text _builder_version=&#8220;4.16&#8243; _module_preset=&#8220;default&#8220; global_colors_info=&#8220;{}&#8220;]<\/p>\n<h3>Das k\u00f6nnte dir auch gefallen<\/h3>\n<p>[\/et_pb_text][et_pb_shop type=&#8220;product_category&#8220; posts_number=&#8220;3&#8243; include_categories=&#8220;226&#8243; _builder_version=&#8220;4.21.0&#8243; _module_preset=&#8220;default&#8220; hover_enabled=&#8220;0&#8243; global_colors_info=&#8220;{}&#8220; sticky_enabled=&#8220;0&#8243;][\/et_pb_shop][\/et_pb_column][\/et_pb_row][\/et_pb_section]<\/p>\n","protected":false},"excerpt":{"rendered":"<p>Stay on top of things and increase your productivity with this digital to-do list. Simplify your tasks, set priorities and achieve your goals.<\/p>","protected":false},"featured_media":32691,"comment_status":"open","ping_status":"closed","template":"","meta":{"_et_pb_use_builder":"on","_et_pb_old_content":"Hast du manchmal das Gef\u00fchl, dass du dir einfach zu viel merken musst? Hier ist deine L\u00f6sung! Die To-Do-Liste ist hier, um dir den Tag zu retten und dir zu helfen, organisiert zu bleiben. Egal, ob du sie lieber auf deinem iPad, deinem Computer oder zum Ausdrucken verwendest, mit dieser n\u00fctzlichen Liste bist du bestens ger\u00fcstet!\r\n\r\nProduktmerkmale:\r\nDein Download enth\u00e4lt 2 hochwertige PDF-Dateien: eine Datei hat Felder, die am Computer ausgef\u00fcllt werden k\u00f6nnen.\r\n\r\nW\u00e4hle einfach dein Lieblingslayout aus und los gehts.\u00a0Auf jeder Seite der Liste ist gen\u00fcgend Platz zum Lochen, so dass du sie in einem Ordner oder Notizbuch aufbewahren kannst, wenn du m\u00f6chtest. Wenn du lieber A5 hast, passe die Gr\u00f6sse einfach in deinen Druckereinstellungen an.\r\n\r\nDu kannst so viele Seiten ausdrucken, wie du brauchst, damit dir nie der Platz f\u00fcr deine Aufgaben und Ziele ausgeht.\r\n\r\nWenn du es lieber digital magst, kannst du die Aufgabenliste auch auf deinem iPad mit einer App wie GoodNotes oder auf deinem Computer mit einer PDF-Anmerkungs-App wie Adobe Acrobat Reader verwenden. Du kannst Adobe Acrobat Reader kostenlos unter <a href=\"https:\/\/www.adobe.com\/ch_de\/acrobat\/pdf-reader.html\">www.adobe.com<\/a> herunterladen.\r\n\r\nBonus: Du bekommst auch ein einfaches Cover, das du in Apps wie GoodNotes verwenden kannst.\r\n\r\nWICHTIGE INFORMATIONEN:\r\nBitte beachte, dass die Anzeige auf deinem Bildschirm und der tats\u00e4chliche Druck Farbabweichungen aufweisen k\u00f6nnen. Die endg\u00fcltige Druckqualit\u00e4t h\u00e4ngt vom verwendeten Drucker und dem Papier ab. Denke daran, dass es sich um ein digitales Produkt handelt, es werden also keine physischen Artikel versandt. Nimm dir die Zeit, die Beschreibung und die Produktdetails sorgf\u00e4ltig zu lesen, bevor du deinen Kauf abschliesst, denn digitale Produkte k\u00f6nnen nicht zur\u00fcckgenommen werden.\r\n\r\nLieferung:\r\nWenn du per Kreditkarte \/ Twint bezahlst bekommst du den Link zum Download sofort nach dem Kauf, bei Bank\u00fcberweisung nach Zahlungseingang.\r\n\r\nNUTZUNGSBEDINGUNGEN\r\n<ul>\r\n \t<li style=\"list-style-type: none\">\r\n<ul>\r\n \t<li>F\u00fcr den privaten Gebrauch oder als Geschenk kannst du so viele Exemplare wie n\u00f6tig drucken.<\/li>\r\n \t<li>Eine kommerzielle Weitergabe an Dritte oder eine kommerzielle Nutzung ist nicht gestattet.<\/li>\r\n \t<li>Digitale Artikel sind vom Umtausch ausgeschlossen.<\/li>\r\n \t<li>Es ist nicht gestattet, die Dateien auf irgendeine Art und Weise zu teilen (per E-Mail, Filesharing-Websites oder auf andere Weise) oder zu verschenken.<\/li>\r\n \t<li>Die Dateien d\u00fcrfen nicht in digitaler oder physischer Form weiterverkauft werden.<\/li>\r\n \t<li>Die Dateien d\u00fcrfen nicht zur Herstellung von Produkten oder Werbematerial verwendet werden.<\/li>\r\n \t<li>Die Dateien d\u00fcrfen nicht auf Websites, Blogs, Logos, Banners etc. verwendet oder hochgeladen werden.<\/li>\r\n<\/ul>\r\n<\/li>\r\n<\/ul>","_et_gb_content_width":""},"product_brand":[],"product_cat":[144,226],"product_tag":[],"class_list":{"0":"post-32688","1":"product","2":"type-product","3":"status-publish","4":"has-post-thumbnail","6":"product_cat-produkte","7":"product_cat-digitale-produkte","9":"first","10":"instock","11":"downloadable","12":"virtual","13":"purchasable","14":"product-type-simple"},"yoast_head":"<!-- This site is optimized with the Yoast SEO plugin v27.4 - https:\/\/yoast.com\/product\/yoast-seo-wordpress\/ -->\n<title>To Do Liste Federn | Digital Planning | Papierblau<\/title>\n<meta name=\"description\" content=\"To Do Liste zum Ausdrucken oder digital nutzen, z. B. in GoodNotes. To Do List Printable, digitaler Download. Daily Planer\" \/>\n<meta name=\"robots\" content=\"index, follow, max-snippet:-1, max-image-preview:large, max-video-preview:-1\" \/>\n<link rel=\"canonical\" href=\"https:\/\/papierblau.ch\/en\/product\/to-do-liste-federn\/\" \/>\n<meta property=\"og:locale\" content=\"en_GB\" \/>\n<meta property=\"og:type\" content=\"article\" \/>\n<meta property=\"og:title\" content=\"To Do Liste Federn | Digital Planning | Papierblau\" \/>\n<meta property=\"og:description\" content=\"To Do Liste zum Ausdrucken oder digital nutzen, z. B. in GoodNotes. To Do List Printable, digitaler Download. Daily Planer\" \/>\n<meta property=\"og:url\" content=\"https:\/\/papierblau.ch\/en\/product\/to-do-liste-federn\/\" \/>\n<meta property=\"og:site_name\" content=\"Papierblau\" \/>\n<meta property=\"article:publisher\" content=\"https:\/\/facebook.com\/papierblau.ch\" \/>\n<meta property=\"article:modified_time\" content=\"2026-02-13T11:51:00+00:00\" \/>\n<meta property=\"og:image\" content=\"https:\/\/papierblau.ch\/wp-content\/uploads\/2023\/07\/1.jpg\" \/>\n\t<meta property=\"og:image:width\" content=\"2500\" \/>\n\t<meta property=\"og:image:height\" content=\"2500\" \/>\n\t<meta property=\"og:image:type\" content=\"image\/jpeg\" \/>\n<meta name=\"twitter:label1\" content=\"Estimated reading time\" \/>\n\t<meta name=\"twitter:data1\" content=\"1 minute\" \/>\n<script type=\"application\/ld+json\" class=\"yoast-schema-graph\">{\"@context\":\"https:\\\/\\\/schema.org\",\"@graph\":[{\"@type\":\"WebPage\",\"@id\":\"https:\\\/\\\/papierblau.ch\\\/produkt\\\/to-do-liste-federn\\\/\",\"url\":\"https:\\\/\\\/papierblau.ch\\\/produkt\\\/to-do-liste-federn\\\/\",\"name\":\"To Do Liste Federn | Digital Planning | Papierblau\",\"isPartOf\":{\"@id\":\"https:\\\/\\\/papierblau.ch\\\/#website\"},\"primaryImageOfPage\":{\"@id\":\"https:\\\/\\\/papierblau.ch\\\/produkt\\\/to-do-liste-federn\\\/#primaryimage\"},\"image\":{\"@id\":\"https:\\\/\\\/papierblau.ch\\\/produkt\\\/to-do-liste-federn\\\/#primaryimage\"},\"thumbnailUrl\":\"https:\\\/\\\/papierblau.ch\\\/wp-content\\\/uploads\\\/2023\\\/07\\\/1.jpg\",\"datePublished\":\"2023-07-13T08:57:24+00:00\",\"dateModified\":\"2026-02-13T11:51:00+00:00\",\"description\":\"To Do Liste zum Ausdrucken oder digital nutzen, z. B. in GoodNotes. To Do List Printable, digitaler Download. Daily Planer\",\"breadcrumb\":{\"@id\":\"https:\\\/\\\/papierblau.ch\\\/produkt\\\/to-do-liste-federn\\\/#breadcrumb\"},\"inLanguage\":\"en-GB\",\"potentialAction\":[{\"@type\":\"ReadAction\",\"target\":[\"https:\\\/\\\/papierblau.ch\\\/produkt\\\/to-do-liste-federn\\\/\"]}]},{\"@type\":\"ImageObject\",\"inLanguage\":\"en-GB\",\"@id\":\"https:\\\/\\\/papierblau.ch\\\/produkt\\\/to-do-liste-federn\\\/#primaryimage\",\"url\":\"https:\\\/\\\/papierblau.ch\\\/wp-content\\\/uploads\\\/2023\\\/07\\\/1.jpg\",\"contentUrl\":\"https:\\\/\\\/papierblau.ch\\\/wp-content\\\/uploads\\\/2023\\\/07\\\/1.jpg\",\"width\":2500,\"height\":2500,\"caption\":\"To Do Liste printable Federn\"},{\"@type\":\"BreadcrumbList\",\"@id\":\"https:\\\/\\\/papierblau.ch\\\/produkt\\\/to-do-liste-federn\\\/#breadcrumb\",\"itemListElement\":[{\"@type\":\"ListItem\",\"position\":1,\"name\":\"Startseite\",\"item\":\"https:\\\/\\\/papierblau.ch\\\/\"},{\"@type\":\"ListItem\",\"position\":2,\"name\":\"Produkte\",\"item\":\"https:\\\/\\\/papierblau.ch\\\/produkte\\\/\"},{\"@type\":\"ListItem\",\"position\":3,\"name\":\"To Do Liste Federn\"}]},{\"@type\":\"WebSite\",\"@id\":\"https:\\\/\\\/papierblau.ch\\\/#website\",\"url\":\"https:\\\/\\\/papierblau.ch\\\/\",\"name\":\"Papierblau\",\"description\":\"Karten, Sticker und mehr\",\"publisher\":{\"@id\":\"https:\\\/\\\/papierblau.ch\\\/#organization\"},\"potentialAction\":[{\"@type\":\"SearchAction\",\"target\":{\"@type\":\"EntryPoint\",\"urlTemplate\":\"https:\\\/\\\/papierblau.ch\\\/?s={search_term_string}\"},\"query-input\":{\"@type\":\"PropertyValueSpecification\",\"valueRequired\":true,\"valueName\":\"search_term_string\"}}],\"inLanguage\":\"en-GB\"},{\"@type\":\"Organization\",\"@id\":\"https:\\\/\\\/papierblau.ch\\\/#organization\",\"name\":\"Papierblau\",\"url\":\"https:\\\/\\\/papierblau.ch\\\/\",\"logo\":{\"@type\":\"ImageObject\",\"inLanguage\":\"en-GB\",\"@id\":\"https:\\\/\\\/papierblau.ch\\\/#\\\/schema\\\/logo\\\/image\\\/\",\"url\":\"https:\\\/\\\/papierblau.ch\\\/wp-content\\\/uploads\\\/2020\\\/05\\\/cropped-Logo_bild.png\",\"contentUrl\":\"https:\\\/\\\/papierblau.ch\\\/wp-content\\\/uploads\\\/2020\\\/05\\\/cropped-Logo_bild.png\",\"width\":512,\"height\":512,\"caption\":\"Papierblau\"},\"image\":{\"@id\":\"https:\\\/\\\/papierblau.ch\\\/#\\\/schema\\\/logo\\\/image\\\/\"},\"sameAs\":[\"https:\\\/\\\/facebook.com\\\/papierblau.ch\",\"https:\\\/\\\/instagram.com\\\/papierblau\"]}]}<\/script>\n<!-- \/ Yoast SEO plugin. -->","yoast_head_json":{"title":"To Do Liste Federn | Digital Planning | Papierblau","description":"To Do Liste zum Ausdrucken oder digital nutzen, z. B. in GoodNotes. To Do List Printable, digitaler Download. Daily Planer","robots":{"index":"index","follow":"follow","max-snippet":"max-snippet:-1","max-image-preview":"max-image-preview:large","max-video-preview":"max-video-preview:-1"},"canonical":"https:\/\/papierblau.ch\/en\/product\/to-do-liste-federn\/","og_locale":"en_GB","og_type":"article","og_title":"To Do Liste Federn | Digital Planning | Papierblau","og_description":"To Do Liste zum Ausdrucken oder digital nutzen, z. B. in GoodNotes. To Do List Printable, digitaler Download. Daily Planer","og_url":"https:\/\/papierblau.ch\/en\/product\/to-do-liste-federn\/","og_site_name":"Papierblau","article_publisher":"https:\/\/facebook.com\/papierblau.ch","article_modified_time":"2026-02-13T11:51:00+00:00","og_image":[{"width":2500,"height":2500,"url":"https:\/\/papierblau.ch\/wp-content\/uploads\/2023\/07\/1.jpg","type":"image\/jpeg"}],"twitter_misc":{"Estimated reading time":"1 minute"},"schema":{"@context":"https:\/\/schema.org","@graph":[{"@type":"WebPage","@id":"https:\/\/papierblau.ch\/produkt\/to-do-liste-federn\/","url":"https:\/\/papierblau.ch\/produkt\/to-do-liste-federn\/","name":"To Do Liste Federn | Digital Planning | Papierblau","isPartOf":{"@id":"https:\/\/papierblau.ch\/#website"},"primaryImageOfPage":{"@id":"https:\/\/papierblau.ch\/produkt\/to-do-liste-federn\/#primaryimage"},"image":{"@id":"https:\/\/papierblau.ch\/produkt\/to-do-liste-federn\/#primaryimage"},"thumbnailUrl":"https:\/\/papierblau.ch\/wp-content\/uploads\/2023\/07\/1.jpg","datePublished":"2023-07-13T08:57:24+00:00","dateModified":"2026-02-13T11:51:00+00:00","description":"To Do Liste zum Ausdrucken oder digital nutzen, z. B. in GoodNotes. To Do List Printable, digitaler Download. Daily Planer","breadcrumb":{"@id":"https:\/\/papierblau.ch\/produkt\/to-do-liste-federn\/#breadcrumb"},"inLanguage":"en-GB","potentialAction":[{"@type":"ReadAction","target":["https:\/\/papierblau.ch\/produkt\/to-do-liste-federn\/"]}]},{"@type":"ImageObject","inLanguage":"en-GB","@id":"https:\/\/papierblau.ch\/produkt\/to-do-liste-federn\/#primaryimage","url":"https:\/\/papierblau.ch\/wp-content\/uploads\/2023\/07\/1.jpg","contentUrl":"https:\/\/papierblau.ch\/wp-content\/uploads\/2023\/07\/1.jpg","width":2500,"height":2500,"caption":"To Do Liste printable Federn"},{"@type":"BreadcrumbList","@id":"https:\/\/papierblau.ch\/produkt\/to-do-liste-federn\/#breadcrumb","itemListElement":[{"@type":"ListItem","position":1,"name":"Startseite","item":"https:\/\/papierblau.ch\/"},{"@type":"ListItem","position":2,"name":"Produkte","item":"https:\/\/papierblau.ch\/produkte\/"},{"@type":"ListItem","position":3,"name":"To Do Liste Federn"}]},{"@type":"WebSite","@id":"https:\/\/papierblau.ch\/#website","url":"https:\/\/papierblau.ch\/","name":"Papierblau","description":"Karten, Sticker und mehr","publisher":{"@id":"https:\/\/papierblau.ch\/#organization"},"potentialAction":[{"@type":"SearchAction","target":{"@type":"EntryPoint","urlTemplate":"https:\/\/papierblau.ch\/?s={search_term_string}"},"query-input":{"@type":"PropertyValueSpecification","valueRequired":true,"valueName":"search_term_string"}}],"inLanguage":"en-GB"},{"@type":"Organization","@id":"https:\/\/papierblau.ch\/#organization","name":"Papierblau","url":"https:\/\/papierblau.ch\/","logo":{"@type":"ImageObject","inLanguage":"en-GB","@id":"https:\/\/papierblau.ch\/#\/schema\/logo\/image\/","url":"https:\/\/papierblau.ch\/wp-content\/uploads\/2020\/05\/cropped-Logo_bild.png","contentUrl":"https:\/\/papierblau.ch\/wp-content\/uploads\/2020\/05\/cropped-Logo_bild.png","width":512,"height":512,"caption":"Papierblau"},"image":{"@id":"https:\/\/papierblau.ch\/#\/schema\/logo\/image\/"},"sameAs":["https:\/\/facebook.com\/papierblau.ch","https:\/\/instagram.com\/papierblau"]}]}},"_links":{"self":[{"href":"https:\/\/papierblau.ch\/en\/wp-json\/wp\/v2\/product\/32688","targetHints":{"allow":["GET"]}}],"collection":[{"href":"https:\/\/papierblau.ch\/en\/wp-json\/wp\/v2\/product"}],"about":[{"href":"https:\/\/papierblau.ch\/en\/wp-json\/wp\/v2\/types\/product"}],"replies":[{"embeddable":true,"href":"https:\/\/papierblau.ch\/en\/wp-json\/wp\/v2\/comments?post=32688"}],"wp:featuredmedia":[{"embeddable":true,"href":"https:\/\/papierblau.ch\/en\/wp-json\/wp\/v2\/media\/32691"}],"wp:attachment":[{"href":"https:\/\/papierblau.ch\/en\/wp-json\/wp\/v2\/media?parent=32688"}],"wp:term":[{"taxonomy":"product_brand","embeddable":true,"href":"https:\/\/papierblau.ch\/en\/wp-json\/wp\/v2\/product_brand?post=32688"},{"taxonomy":"product_cat","embeddable":true,"href":"https:\/\/papierblau.ch\/en\/wp-json\/wp\/v2\/product_cat?post=32688"},{"taxonomy":"product_tag","embeddable":true,"href":"https:\/\/papierblau.ch\/en\/wp-json\/wp\/v2\/product_tag?post=32688"}],"curies":[{"name":"wp","href":"https:\/\/api.w.org\/{rel}","templated":true}]}}