{"id":32701,"date":"2023-07-13T11:24:27","date_gmt":"2023-07-13T09:24:27","guid":{"rendered":"https:\/\/papierblau.ch\/?post_type=product&#038;p=32701"},"modified":"2024-01-24T09:17:12","modified_gmt":"2024-01-24T08:17:12","slug":"geburtstagskalender-schmetterling","status":"publish","type":"product","link":"https:\/\/papierblau.ch\/en\/product\/geburtstagskalender-schmetterling\/","title":{"rendered":"Birthday Calendar Butterfly in German"},"content":{"rendered":"<p>[et_pb_section fb_built=&#8220;1&#8243; _builder_version=&#8220;4.16&#8243; custom_padding=&#8220;0px||||false|false&#8220; global_colors_info=&#8220;{}&#8220;][et_pb_row _builder_version=&#8220;4.16&#8243; background_size=&#8220;initial&#8220; background_position=&#8220;top_left&#8220; background_repeat=&#8220;repeat&#8220; width=&#8220;100%&#8220; custom_padding=&#8220;0px||0px||false|false&#8220; global_colors_info=&#8220;{}&#8220;][et_pb_column type=&#8220;4_4&#8243; _builder_version=&#8220;4.16&#8243; custom_padding=&#8220;|||&#8220; global_colors_info=&#8220;{}&#8220; custom_padding__hover=&#8220;|||&#8220;][et_pb_wc_breadcrumb breadcrumb_home_text=&#8220;Produkte&#8220; breadcrumb_home_url=&#8220;https:\/\/papierblau.ch\/produkt-kategorie\/produkte\/&#8220; _builder_version=&#8220;4.16&#8243; _module_preset=&#8220;default&#8220; global_colors_info=&#8220;{}&#8220;][\/et_pb_wc_breadcrumb][et_pb_wc_cart_notice _builder_version=&#8220;4.16&#8243; global_colors_info=&#8220;{}&#8220;][\/et_pb_wc_cart_notice][\/et_pb_column][\/et_pb_row][et_pb_row column_structure=&#8220;1_2,1_2&#8243; _builder_version=&#8220;4.16&#8243; background_size=&#8220;initial&#8220; background_position=&#8220;top_left&#8220; background_repeat=&#8220;repeat&#8220; width=&#8220;100%&#8220; custom_padding=&#8220;0px||||false|false&#8220; global_colors_info=&#8220;{}&#8220;][et_pb_column type=&#8220;1_2&#8243; _builder_version=&#8220;4.16&#8243; custom_padding=&#8220;|||&#8220; global_colors_info=&#8220;{}&#8220; custom_padding__hover=&#8220;|||&#8220;][et_pb_wc_images _builder_version=&#8220;4.16&#8243; global_colors_info=&#8220;{}&#8220;][\/et_pb_wc_images][\/et_pb_column][et_pb_column type=&#8220;1_2&#8243; _builder_version=&#8220;4.16&#8243; custom_padding=&#8220;|||&#8220; global_colors_info=&#8220;{}&#8220; custom_padding__hover=&#8220;|||&#8220;][et_pb_wc_title _builder_version=&#8220;4.16&#8243; global_colors_info=&#8220;{}&#8220;][\/et_pb_wc_title][et_pb_wc_rating _builder_version=&#8220;4.16&#8243; global_colors_info=&#8220;{}&#8220;][\/et_pb_wc_rating][et_pb_wc_price _builder_version=&#8220;4.16&#8243; global_colors_info=&#8220;{}&#8220;][\/et_pb_wc_price][et_pb_wc_description _builder_version=&#8220;4.16&#8243; global_colors_info=&#8220;{}&#8220;][\/et_pb_wc_description][et_pb_wc_add_to_cart _builder_version=&#8220;4.16&#8243; global_colors_info=&#8220;{}&#8220;][\/et_pb_wc_add_to_cart][\/et_pb_column][\/et_pb_row][et_pb_row _builder_version=&#8220;4.16&#8243; background_size=&#8220;initial&#8220; background_position=&#8220;top_left&#8220; background_repeat=&#8220;repeat&#8220; width=&#8220;100%&#8220; global_colors_info=&#8220;{}&#8220;][et_pb_column type=&#8220;4_4&#8243; _builder_version=&#8220;4.16&#8243; custom_padding=&#8220;|||&#8220; global_colors_info=&#8220;{}&#8220; custom_padding__hover=&#8220;|||&#8220;][et_pb_wc_tabs _builder_version=&#8220;4.16&#8243; global_colors_info=&#8220;{}&#8220;]\t\t\t\t\t[\/et_pb_wc_tabs][et_pb_text _builder_version=&#8220;4.23.4&#8243; _module_preset=&#8220;default&#8220; global_colors_info=&#8220;{}&#8220;]<\/p>\n<h3>So sieht es aus, wenn du den Kalender am Computer oder auf dem Tablet ausf\u00fcllst:<\/h3>\n<p>[\/et_pb_text][et_pb_video src=&#8220;https:\/\/papierblau.ch\/wp-content\/uploads\/2023\/07\/geburtstagskalender_schmetterling_how_to.mp4&#8243; _builder_version=&#8220;4.23.4&#8243; _module_preset=&#8220;default&#8220; global_colors_info=&#8220;{}&#8220;][\/et_pb_video][et_pb_text _builder_version=&#8220;4.16&#8243; _module_preset=&#8220;default&#8220; global_colors_info=&#8220;{}&#8220;]<\/p>\n<h3>Das k\u00f6nnte dir auch gefallen<\/h3>\n<p>[\/et_pb_text][et_pb_shop type=&#8220;product_category&#8220; posts_number=&#8220;3&#8243; include_categories=&#8220;34&#8243; _builder_version=&#8220;4.16&#8243; _module_preset=&#8220;default&#8220; global_colors_info=&#8220;{}&#8220;][\/et_pb_shop][\/et_pb_column][\/et_pb_row][\/et_pb_section]<\/p>\n","protected":false},"excerpt":{"rendered":"<p>Never forget an important birthday again with this simple birthday calendar. It's easy to forget in the hustle and bustle of everyday life, but with this birthday calendar you can keep track of your loved ones' birthdays at a glance. You can print it out and hang it up where you can easily see it, or you can use it on your computer with a free app like Adobe Acrobat Reader. Of course, you can also use it on your tablet in an app like GoodNotes.<\/p>","protected":false},"featured_media":32702,"comment_status":"open","ping_status":"closed","template":"","meta":{"_et_pb_use_builder":"on","_et_pb_old_content":"Dein Download enth\u00e4lt 2 hochwertige PDF-Dateien: eine Datei hat Felder, die am Computer ausgef\u00fcllt werden k\u00f6nnen.\r\n\r\nW\u00e4hle einfach dein Lieblingslayout aus und los gehts. Auf jeder Seite des Kalenders ist gen\u00fcgend Platz zum Lochen, so dass du ihn in einem Ordner oder Notizbuch aufbewahren kannst, wenn du m\u00f6chtest. Wenn du lieber A5 hast, passe die Gr\u00f6sse einfach in deinen Druckereinstellungen an.\r\n\r\nWenn du es lieber digital magst, kannst du den Kalender auch auf deinem iPad mit einer App wie GoodNotes oder auf deinem Computer mit einer PDF-Anmerkungs-App wie Adobe Acrobat Reader verwenden. Du kannst Adobe Acrobat Reader kostenlos unter <a href=\"https:\/\/www.adobe.com\/ch_de\/acrobat\/pdf-reader.html\">www.adobe.com<\/a> herunterladen.\r\n\r\nWICHTIGE INFORMATIONEN:\r\nBitte beachte, dass die Anzeige auf deinem Bildschirm und der tats\u00e4chliche Druck Farbabweichungen aufweisen k\u00f6nnen. Die endg\u00fcltige Druckqualit\u00e4t h\u00e4ngt vom verwendeten Drucker und dem Papier ab. Denke daran, dass es sich um ein digitales Produkt handelt, es werden also keine physischen Artikel versandt. Nimm dir die Zeit, die Beschreibung und die Produktdetails sorgf\u00e4ltig zu lesen, bevor du deinen Kauf abschliesst, denn digitale Produkte k\u00f6nnen nicht zur\u00fcckgenommen werden.\r\n\r\nLIEFERUNG:\r\nWenn du per Kreditkarte \/ Twint bezahlst bekommst du den Link zum Download sofort nach dem Kauf, bei Bank\u00fcberweisung nach Zahlungseingang.\r\n\r\nNUTZUNGSBEDINGUNGEN\r\n<ul>\r\n \t<li style=\"list-style-type: none\">\r\n<ul>\r\n \t<li>F\u00fcr den privaten Gebrauch oder als Geschenk kannst du so viele Exemplare wie n\u00f6tig drucken.<\/li>\r\n \t<li>Eine kommerzielle Weitergabe an Dritte oder eine kommerzielle Nutzung ist nicht gestattet.<\/li>\r\n \t<li>Digitale Artikel sind vom Umtausch ausgeschlossen.<\/li>\r\n \t<li>Es ist nicht gestattet, die Dateien auf irgendeine Art und Weise zu teilen (per E-Mail, Filesharing-Websites oder auf andere Weise) oder zu verschenken.<\/li>\r\n \t<li>Die Dateien d\u00fcrfen nicht in digitaler oder physischer Form weiterverkauft werden.<\/li>\r\n \t<li>Die Dateien d\u00fcrfen nicht zur Herstellung von Produkten oder Werbematerial verwendet werden.<\/li>\r\n \t<li>Die Dateien d\u00fcrfen nicht auf Websites, Blogs, Logos, Banners etc. verwendet oder hochgeladen werden.<\/li>\r\n<\/ul>\r\n<\/li>\r\n<\/ul>","_et_gb_content_width":""},"product_brand":[],"product_cat":[144,226,234],"product_tag":[],"class_list":{"0":"post-32701","1":"product","2":"type-product","3":"status-publish","4":"has-post-thumbnail","6":"product_cat-produkte","7":"product_cat-digitale-produkte","8":"product_cat-geburtstagskalender","10":"first","11":"instock","12":"downloadable","13":"virtual","14":"purchasable","15":"product-type-simple"},"yoast_head":"<!-- This site is optimized with the Yoast SEO plugin v27.4 - https:\/\/yoast.com\/product\/yoast-seo-wordpress\/ -->\n<title>Geburtstagskalender Schmetterling | Papierblau<\/title>\n<meta name=\"description\" content=\"Geburtstagskalender zum Ausdrucken oder digital nutzen mit Schmetterlingen. Download direkt nach dem Kauf. A4. Behalte die Geburtstage im Blick.\" \/>\n<meta name=\"robots\" content=\"index, follow, max-snippet:-1, max-image-preview:large, max-video-preview:-1\" \/>\n<link rel=\"canonical\" href=\"https:\/\/papierblau.ch\/en\/product\/geburtstagskalender-schmetterling\/\" \/>\n<meta property=\"og:locale\" content=\"en_GB\" \/>\n<meta property=\"og:type\" content=\"article\" \/>\n<meta property=\"og:title\" content=\"Geburtstagskalender Schmetterling | Papierblau\" \/>\n<meta property=\"og:description\" content=\"Geburtstagskalender zum Ausdrucken oder digital nutzen mit Schmetterlingen. Download direkt nach dem Kauf. A4. Behalte die Geburtstage im Blick.\" \/>\n<meta property=\"og:url\" content=\"https:\/\/papierblau.ch\/en\/product\/geburtstagskalender-schmetterling\/\" \/>\n<meta property=\"og:site_name\" content=\"Papierblau\" \/>\n<meta property=\"article:publisher\" content=\"https:\/\/facebook.com\/papierblau.ch\" \/>\n<meta property=\"article:modified_time\" content=\"2024-01-24T08:17:12+00:00\" \/>\n<meta property=\"og:image\" content=\"https:\/\/papierblau.ch\/wp-content\/uploads\/2023\/07\/1-2.jpg\" \/>\n\t<meta property=\"og:image:width\" content=\"2500\" \/>\n\t<meta property=\"og:image:height\" content=\"2500\" \/>\n\t<meta property=\"og:image:type\" content=\"image\/jpeg\" \/>\n<meta name=\"twitter:label1\" content=\"Estimated reading time\" \/>\n\t<meta name=\"twitter:data1\" content=\"3 minutes\" \/>\n<script type=\"application\/ld+json\" class=\"yoast-schema-graph\">{\"@context\":\"https:\\\/\\\/schema.org\",\"@graph\":[{\"@type\":\"WebPage\",\"@id\":\"https:\\\/\\\/papierblau.ch\\\/produkt\\\/geburtstagskalender-schmetterling\\\/\",\"url\":\"https:\\\/\\\/papierblau.ch\\\/produkt\\\/geburtstagskalender-schmetterling\\\/\",\"name\":\"Geburtstagskalender Schmetterling | Papierblau\",\"isPartOf\":{\"@id\":\"https:\\\/\\\/papierblau.ch\\\/#website\"},\"primaryImageOfPage\":{\"@id\":\"https:\\\/\\\/papierblau.ch\\\/produkt\\\/geburtstagskalender-schmetterling\\\/#primaryimage\"},\"image\":{\"@id\":\"https:\\\/\\\/papierblau.ch\\\/produkt\\\/geburtstagskalender-schmetterling\\\/#primaryimage\"},\"thumbnailUrl\":\"https:\\\/\\\/papierblau.ch\\\/wp-content\\\/uploads\\\/2023\\\/07\\\/1-2.jpg\",\"datePublished\":\"2023-07-13T09:24:27+00:00\",\"dateModified\":\"2024-01-24T08:17:12+00:00\",\"description\":\"Geburtstagskalender zum Ausdrucken oder digital nutzen mit Schmetterlingen. Download direkt nach dem Kauf. A4. Behalte die Geburtstage im Blick.\",\"breadcrumb\":{\"@id\":\"https:\\\/\\\/papierblau.ch\\\/produkt\\\/geburtstagskalender-schmetterling\\\/#breadcrumb\"},\"inLanguage\":\"en-GB\",\"potentialAction\":[{\"@type\":\"ReadAction\",\"target\":[\"https:\\\/\\\/papierblau.ch\\\/produkt\\\/geburtstagskalender-schmetterling\\\/\"]}]},{\"@type\":\"ImageObject\",\"inLanguage\":\"en-GB\",\"@id\":\"https:\\\/\\\/papierblau.ch\\\/produkt\\\/geburtstagskalender-schmetterling\\\/#primaryimage\",\"url\":\"https:\\\/\\\/papierblau.ch\\\/wp-content\\\/uploads\\\/2023\\\/07\\\/1-2.jpg\",\"contentUrl\":\"https:\\\/\\\/papierblau.ch\\\/wp-content\\\/uploads\\\/2023\\\/07\\\/1-2.jpg\",\"width\":2500,\"height\":2500,\"caption\":\"Geburtstagskalender Schmetterling, Printable Geburtstagskalender\"},{\"@type\":\"BreadcrumbList\",\"@id\":\"https:\\\/\\\/papierblau.ch\\\/produkt\\\/geburtstagskalender-schmetterling\\\/#breadcrumb\",\"itemListElement\":[{\"@type\":\"ListItem\",\"position\":1,\"name\":\"Startseite\",\"item\":\"https:\\\/\\\/papierblau.ch\\\/\"},{\"@type\":\"ListItem\",\"position\":2,\"name\":\"Produkte\",\"item\":\"https:\\\/\\\/papierblau.ch\\\/produkte\\\/\"},{\"@type\":\"ListItem\",\"position\":3,\"name\":\"Geburtstagskalender Schmetterling\"}]},{\"@type\":\"WebSite\",\"@id\":\"https:\\\/\\\/papierblau.ch\\\/#website\",\"url\":\"https:\\\/\\\/papierblau.ch\\\/\",\"name\":\"Papierblau\",\"description\":\"Karten, Sticker und mehr\",\"publisher\":{\"@id\":\"https:\\\/\\\/papierblau.ch\\\/#organization\"},\"potentialAction\":[{\"@type\":\"SearchAction\",\"target\":{\"@type\":\"EntryPoint\",\"urlTemplate\":\"https:\\\/\\\/papierblau.ch\\\/?s={search_term_string}\"},\"query-input\":{\"@type\":\"PropertyValueSpecification\",\"valueRequired\":true,\"valueName\":\"search_term_string\"}}],\"inLanguage\":\"en-GB\"},{\"@type\":\"Organization\",\"@id\":\"https:\\\/\\\/papierblau.ch\\\/#organization\",\"name\":\"Papierblau\",\"url\":\"https:\\\/\\\/papierblau.ch\\\/\",\"logo\":{\"@type\":\"ImageObject\",\"inLanguage\":\"en-GB\",\"@id\":\"https:\\\/\\\/papierblau.ch\\\/#\\\/schema\\\/logo\\\/image\\\/\",\"url\":\"https:\\\/\\\/papierblau.ch\\\/wp-content\\\/uploads\\\/2020\\\/05\\\/cropped-Logo_bild.png\",\"contentUrl\":\"https:\\\/\\\/papierblau.ch\\\/wp-content\\\/uploads\\\/2020\\\/05\\\/cropped-Logo_bild.png\",\"width\":512,\"height\":512,\"caption\":\"Papierblau\"},\"image\":{\"@id\":\"https:\\\/\\\/papierblau.ch\\\/#\\\/schema\\\/logo\\\/image\\\/\"},\"sameAs\":[\"https:\\\/\\\/facebook.com\\\/papierblau.ch\",\"https:\\\/\\\/instagram.com\\\/papierblau\"]}]}<\/script>\n<!-- \/ Yoast SEO plugin. -->","yoast_head_json":{"title":"Geburtstagskalender Schmetterling | Papierblau","description":"Geburtstagskalender zum Ausdrucken oder digital nutzen mit Schmetterlingen. Download direkt nach dem Kauf. A4. Behalte die Geburtstage im Blick.","robots":{"index":"index","follow":"follow","max-snippet":"max-snippet:-1","max-image-preview":"max-image-preview:large","max-video-preview":"max-video-preview:-1"},"canonical":"https:\/\/papierblau.ch\/en\/product\/geburtstagskalender-schmetterling\/","og_locale":"en_GB","og_type":"article","og_title":"Geburtstagskalender Schmetterling | Papierblau","og_description":"Geburtstagskalender zum Ausdrucken oder digital nutzen mit Schmetterlingen. Download direkt nach dem Kauf. A4. Behalte die Geburtstage im Blick.","og_url":"https:\/\/papierblau.ch\/en\/product\/geburtstagskalender-schmetterling\/","og_site_name":"Papierblau","article_publisher":"https:\/\/facebook.com\/papierblau.ch","article_modified_time":"2024-01-24T08:17:12+00:00","og_image":[{"width":2500,"height":2500,"url":"https:\/\/papierblau.ch\/wp-content\/uploads\/2023\/07\/1-2.jpg","type":"image\/jpeg"}],"twitter_misc":{"Estimated reading time":"3 minutes"},"schema":{"@context":"https:\/\/schema.org","@graph":[{"@type":"WebPage","@id":"https:\/\/papierblau.ch\/produkt\/geburtstagskalender-schmetterling\/","url":"https:\/\/papierblau.ch\/produkt\/geburtstagskalender-schmetterling\/","name":"Geburtstagskalender Schmetterling | Papierblau","isPartOf":{"@id":"https:\/\/papierblau.ch\/#website"},"primaryImageOfPage":{"@id":"https:\/\/papierblau.ch\/produkt\/geburtstagskalender-schmetterling\/#primaryimage"},"image":{"@id":"https:\/\/papierblau.ch\/produkt\/geburtstagskalender-schmetterling\/#primaryimage"},"thumbnailUrl":"https:\/\/papierblau.ch\/wp-content\/uploads\/2023\/07\/1-2.jpg","datePublished":"2023-07-13T09:24:27+00:00","dateModified":"2024-01-24T08:17:12+00:00","description":"Geburtstagskalender zum Ausdrucken oder digital nutzen mit Schmetterlingen. Download direkt nach dem Kauf. A4. Behalte die Geburtstage im Blick.","breadcrumb":{"@id":"https:\/\/papierblau.ch\/produkt\/geburtstagskalender-schmetterling\/#breadcrumb"},"inLanguage":"en-GB","potentialAction":[{"@type":"ReadAction","target":["https:\/\/papierblau.ch\/produkt\/geburtstagskalender-schmetterling\/"]}]},{"@type":"ImageObject","inLanguage":"en-GB","@id":"https:\/\/papierblau.ch\/produkt\/geburtstagskalender-schmetterling\/#primaryimage","url":"https:\/\/papierblau.ch\/wp-content\/uploads\/2023\/07\/1-2.jpg","contentUrl":"https:\/\/papierblau.ch\/wp-content\/uploads\/2023\/07\/1-2.jpg","width":2500,"height":2500,"caption":"Geburtstagskalender Schmetterling, Printable Geburtstagskalender"},{"@type":"BreadcrumbList","@id":"https:\/\/papierblau.ch\/produkt\/geburtstagskalender-schmetterling\/#breadcrumb","itemListElement":[{"@type":"ListItem","position":1,"name":"Startseite","item":"https:\/\/papierblau.ch\/"},{"@type":"ListItem","position":2,"name":"Produkte","item":"https:\/\/papierblau.ch\/produkte\/"},{"@type":"ListItem","position":3,"name":"Geburtstagskalender Schmetterling"}]},{"@type":"WebSite","@id":"https:\/\/papierblau.ch\/#website","url":"https:\/\/papierblau.ch\/","name":"Papierblau","description":"Karten, Sticker und mehr","publisher":{"@id":"https:\/\/papierblau.ch\/#organization"},"potentialAction":[{"@type":"SearchAction","target":{"@type":"EntryPoint","urlTemplate":"https:\/\/papierblau.ch\/?s={search_term_string}"},"query-input":{"@type":"PropertyValueSpecification","valueRequired":true,"valueName":"search_term_string"}}],"inLanguage":"en-GB"},{"@type":"Organization","@id":"https:\/\/papierblau.ch\/#organization","name":"Papierblau","url":"https:\/\/papierblau.ch\/","logo":{"@type":"ImageObject","inLanguage":"en-GB","@id":"https:\/\/papierblau.ch\/#\/schema\/logo\/image\/","url":"https:\/\/papierblau.ch\/wp-content\/uploads\/2020\/05\/cropped-Logo_bild.png","contentUrl":"https:\/\/papierblau.ch\/wp-content\/uploads\/2020\/05\/cropped-Logo_bild.png","width":512,"height":512,"caption":"Papierblau"},"image":{"@id":"https:\/\/papierblau.ch\/#\/schema\/logo\/image\/"},"sameAs":["https:\/\/facebook.com\/papierblau.ch","https:\/\/instagram.com\/papierblau"]}]}},"_links":{"self":[{"href":"https:\/\/papierblau.ch\/en\/wp-json\/wp\/v2\/product\/32701","targetHints":{"allow":["GET"]}}],"collection":[{"href":"https:\/\/papierblau.ch\/en\/wp-json\/wp\/v2\/product"}],"about":[{"href":"https:\/\/papierblau.ch\/en\/wp-json\/wp\/v2\/types\/product"}],"replies":[{"embeddable":true,"href":"https:\/\/papierblau.ch\/en\/wp-json\/wp\/v2\/comments?post=32701"}],"wp:featuredmedia":[{"embeddable":true,"href":"https:\/\/papierblau.ch\/en\/wp-json\/wp\/v2\/media\/32702"}],"wp:attachment":[{"href":"https:\/\/papierblau.ch\/en\/wp-json\/wp\/v2\/media?parent=32701"}],"wp:term":[{"taxonomy":"product_brand","embeddable":true,"href":"https:\/\/papierblau.ch\/en\/wp-json\/wp\/v2\/product_brand?post=32701"},{"taxonomy":"product_cat","embeddable":true,"href":"https:\/\/papierblau.ch\/en\/wp-json\/wp\/v2\/product_cat?post=32701"},{"taxonomy":"product_tag","embeddable":true,"href":"https:\/\/papierblau.ch\/en\/wp-json\/wp\/v2\/product_tag?post=32701"}],"curies":[{"name":"wp","href":"https:\/\/api.w.org\/{rel}","templated":true}]}}