{"id":33005,"date":"2024-01-01T06:00:39","date_gmt":"2024-01-01T05:00:39","guid":{"rendered":"https:\/\/papierblau.ch\/?post_type=product&#038;p=33005"},"modified":"2024-06-20T16:51:10","modified_gmt":"2024-06-20T14:51:10","slug":"vorlagen-set-blumen-und-pflanzen-big","status":"publish","type":"product","link":"https:\/\/papierblau.ch\/en\/product\/vorlagen-set-blumen-und-pflanzen-big\/","title":{"rendered":"Template set flowers and plants big"},"content":{"rendered":"<p>[et_pb_section fb_built=&#8220;1&#8243; _builder_version=&#8220;4.16&#8243; custom_padding=&#8220;0px||||false|false&#8220; global_colors_info=&#8220;{}&#8220;][et_pb_row _builder_version=&#8220;4.16&#8243; background_size=&#8220;initial&#8220; background_position=&#8220;top_left&#8220; background_repeat=&#8220;repeat&#8220; width=&#8220;100%&#8220; custom_padding=&#8220;0px||0px||false|false&#8220; global_colors_info=&#8220;{}&#8220;][et_pb_column type=&#8220;4_4&#8243; _builder_version=&#8220;4.16&#8243; custom_padding=&#8220;|||&#8220; global_colors_info=&#8220;{}&#8220; custom_padding__hover=&#8220;|||&#8220;][et_pb_wc_breadcrumb breadcrumb_home_text=&#8220;Produkte&#8220; breadcrumb_home_url=&#8220;https:\/\/papierblau.ch\/produkt-kategorie\/produkte\/&#8220; _builder_version=&#8220;4.16&#8243; _module_preset=&#8220;default&#8220; global_colors_info=&#8220;{}&#8220;][\/et_pb_wc_breadcrumb][et_pb_wc_cart_notice _builder_version=&#8220;4.16&#8243; global_colors_info=&#8220;{}&#8220;][\/et_pb_wc_cart_notice][\/et_pb_column][\/et_pb_row][et_pb_row column_structure=&#8220;1_2,1_2&#8243; _builder_version=&#8220;4.16&#8243; background_size=&#8220;initial&#8220; background_position=&#8220;top_left&#8220; background_repeat=&#8220;repeat&#8220; width=&#8220;100%&#8220; custom_padding=&#8220;0px||||false|false&#8220; global_colors_info=&#8220;{}&#8220;][et_pb_column type=&#8220;1_2&#8243; _builder_version=&#8220;4.16&#8243; custom_padding=&#8220;|||&#8220; global_colors_info=&#8220;{}&#8220; custom_padding__hover=&#8220;|||&#8220;][et_pb_wc_images _builder_version=&#8220;4.16&#8243; global_colors_info=&#8220;{}&#8220;][\/et_pb_wc_images][\/et_pb_column][et_pb_column type=&#8220;1_2&#8243; _builder_version=&#8220;4.16&#8243; custom_padding=&#8220;|||&#8220; global_colors_info=&#8220;{}&#8220; custom_padding__hover=&#8220;|||&#8220;][et_pb_wc_title _builder_version=&#8220;4.16&#8243; global_colors_info=&#8220;{}&#8220;][\/et_pb_wc_title][et_pb_wc_rating _builder_version=&#8220;4.16&#8243; global_colors_info=&#8220;{}&#8220;][\/et_pb_wc_rating][et_pb_wc_price _builder_version=&#8220;4.16&#8243; global_colors_info=&#8220;{}&#8220;][\/et_pb_wc_price][et_pb_wc_description admin_label=&#8220;Woo Produktbeschreibung&#8220; _builder_version=&#8220;4.16&#8243; global_colors_info=&#8220;{}&#8220;][\/et_pb_wc_description][et_pb_wc_add_to_cart _builder_version=&#8220;4.16&#8243; global_colors_info=&#8220;{}&#8220;][\/et_pb_wc_add_to_cart][\/et_pb_column][\/et_pb_row][et_pb_row _builder_version=&#8220;4.16&#8243; background_size=&#8220;initial&#8220; background_position=&#8220;top_left&#8220; background_repeat=&#8220;repeat&#8220; width=&#8220;100%&#8220; global_colors_info=&#8220;{}&#8220;][et_pb_column type=&#8220;4_4&#8243; _builder_version=&#8220;4.16&#8243; custom_padding=&#8220;|||&#8220; global_colors_info=&#8220;{}&#8220; custom_padding__hover=&#8220;|||&#8220;][et_pb_wc_tabs _builder_version=&#8220;4.23.1&#8243; body_ol_position=&#8220;outside&#8220; global_colors_info=&#8220;{}&#8220;] [\/et_pb_wc_tabs][et_pb_text _builder_version=&#8220;4.16&#8243; _module_preset=&#8220;default&#8220; global_colors_info=&#8220;{}&#8220;]<\/p>\n<h3>Das k\u00f6nnte dir auch gefallen<\/h3>\n<p>[\/et_pb_text][et_pb_shop type=&#8220;product_category&#8220; posts_number=&#8220;3&#8243; include_categories=&#8220;250&#8243; _builder_version=&#8220;4.23.1&#8243; _module_preset=&#8220;default&#8220; global_colors_info=&#8220;{}&#8220;][\/et_pb_shop][\/et_pb_column][\/et_pb_row][\/et_pb_section]<\/p>\n","protected":false},"excerpt":{"rendered":"<div>\n<div>\n<p>Immerse yourself in the fascinating world of watercolour painting with the template set \u201cFlowers and plants big\u201d. This digital product is just right for you if you don't have much experience yet and would like to paint simple but eye-catching motifs.<\/p>\n<\/div>\n<\/div>","protected":false},"featured_media":33010,"comment_status":"open","ping_status":"closed","template":"","meta":{"_et_pb_use_builder":"on","_et_pb_old_content":"<strong>Inhalt des Sets:<\/strong>\r\n<ul>\r\n \t<li><strong>10 Motive: in den Formaten A6, A5 und A4 (f\u00fcr jedes Format ein PDF): <\/strong>W\u00e4hle einfach deine gew\u00fcnschte Gr\u00f6sse und drucke die Vorlage aus.<\/li>\r\n \t<li><strong>Schritt-f\u00fcr-Schritt Anleitung (als PDF):<\/strong> Die klaren Anweisungen helfen dir dabei, die Vorlagen m\u00fchelos auf Aquarellpapier zu \u00fcbertragen, damit du schnell zum spassigen Teil kommst: dem Malen!<\/li>\r\n<\/ul>\r\n<strong>Deine Vorteile?<\/strong>\r\n<ul>\r\n \t<li><strong>F\u00fcr Anf\u00e4nger optimiert:<\/strong> Entwickelt, um dir ein einfaches und positives Einf\u00fchrungserlebnis in die Welt der Aquarellmalerei zu bieten.<\/li>\r\n \t<li><strong>Vielseitigkeit:<\/strong> mit den 10 unterschiedlichen Motiven kannst du dich kreativ entfalten. Mache mit Text dazu K\u00e4rtchen, kombiniere sie oder lass etwas weg \u2013 deiner Kreativit\u00e4t sind keine Grenzen gesetzt.<\/li>\r\n \t<li><strong>Keine Angst vor dem leeren Blatt:<\/strong> Du musst nicht lange \u00fcberlegen, mit welchen Motiven du deine ersten Pinselerfahrungen sammelst. Einfach aussuchen und loslegen.<\/li>\r\n<\/ul>\r\nDie im Vorlagen-Set enthaltene Anleitung erkl\u00e4rt dir, wie du die Vorlagen auf das Papier \u00fcbertragen kannst. Wenn du eine Anleitung zum Malen mit Aquarellfarbe brauchst, empfehle ich dir den <a href=\"https:\/\/papierblau.ch\/?post_type=product&amp;p=33014&amp;preview=true\">Starter-Guide \u00abMut zum Pinsel\u00bb<\/a>.\r\n\r\nWICHTIGE INFORMATIONEN:\r\nBitte beachte, dass die Anzeige auf deinem Bildschirm und der tats\u00e4chliche Druck Farbabweichungen aufweisen k\u00f6nnen. Die endg\u00fcltige Druckqualit\u00e4t h\u00e4ngt vom verwendeten Drucker und dem Papier ab. Denke daran, dass es sich um ein digitales Produkt handelt, es werden also keine physischen Artikel versandt. Nimm dir die Zeit, die Beschreibung und die Produktdetails sorgf\u00e4ltig zu lesen, bevor du deinen Kauf abschliesst, denn digitale Produkte k\u00f6nnen nicht zur\u00fcckgenommen werden.\r\n\r\nLIEFERUNG:\r\nWenn du per Kreditkarte \/ Twint bezahlst bekommst du den Link zum Download sofort nach dem Kauf, bei Bank\u00fcberweisung nach Zahlungseingang.\r\n\r\nNUTZUNGSBEDINGUNGEN\r\n<ul>\r\n \t<li style=\"list-style-type: none\">\r\n<ul>\r\n \t<li>F\u00fcr den privaten Gebrauch kannst du so viele Exemplare wie n\u00f6tig drucken.<\/li>\r\n \t<li>Eine kommerzielle Weitergabe an Dritte oder eine kommerzielle Nutzung ist nicht gestattet.<\/li>\r\n \t<li>Digitale Artikel sind vom Umtausch ausgeschlossen.<\/li>\r\n \t<li>Es ist nicht gestattet, die Dateien oder den Download-Link auf irgendeine Art und Weise zu teilen (per E-Mail, Filesharing-Websites oder auf andere Weise) oder zu verschenken.<\/li>\r\n \t<li>Die Dateien d\u00fcrfen nicht in digitaler oder physischer Form weiterverkauft werden.<\/li>\r\n \t<li>Die Dateien d\u00fcrfen nicht zur Herstellung von Produkten oder Werbematerial verwendet werden.<\/li>\r\n \t<li>Die Dateien d\u00fcrfen nicht auf Websites, Blogs, Logos, Banners etc. verwendet oder hochgeladen werden.<\/li>\r\n<\/ul>\r\n<\/li>\r\n<\/ul>","_et_gb_content_width":""},"product_brand":[],"product_cat":[144,226,250],"product_tag":[],"class_list":{"0":"post-33005","1":"product","2":"type-product","3":"status-publish","4":"has-post-thumbnail","6":"product_cat-produkte","7":"product_cat-digitale-produkte","8":"product_cat-guides-vorlagen","10":"first","11":"instock","12":"shipping-taxable","13":"purchasable","14":"product-type-variable"},"yoast_head":"<!-- This site is optimized with the Yoast SEO plugin v27.3 - https:\/\/yoast.com\/product\/yoast-seo-wordpress\/ -->\n<title>Vorlagen-Set big | Blumen und Pflanzen | Papierblau<\/title>\n<meta name=\"description\" content=\"Einfache Malvorlagen f\u00fcr kreative Bilder. Geeignet f\u00fcr absolute Anf\u00e4nger. Du bekommst ein PDF zum selber Ausdrucken und kannst gleich loslegen.\" \/>\n<meta name=\"robots\" content=\"index, follow, max-snippet:-1, max-image-preview:large, max-video-preview:-1\" \/>\n<link rel=\"canonical\" href=\"https:\/\/papierblau.ch\/en\/product\/vorlagen-set-blumen-und-pflanzen-big\/\" \/>\n<meta property=\"og:locale\" content=\"en_GB\" \/>\n<meta property=\"og:type\" content=\"article\" \/>\n<meta property=\"og:title\" content=\"Vorlagen-Set big | Blumen und Pflanzen | Papierblau\" \/>\n<meta property=\"og:description\" content=\"Einfache Malvorlagen f\u00fcr kreative Bilder. Geeignet f\u00fcr absolute Anf\u00e4nger. Du bekommst ein PDF zum selber Ausdrucken und kannst gleich loslegen.\" \/>\n<meta property=\"og:url\" content=\"https:\/\/papierblau.ch\/en\/product\/vorlagen-set-blumen-und-pflanzen-big\/\" \/>\n<meta property=\"og:site_name\" content=\"Papierblau\" \/>\n<meta property=\"article:publisher\" content=\"https:\/\/facebook.com\/papierblau.ch\" \/>\n<meta property=\"article:modified_time\" content=\"2024-06-20T14:51:10+00:00\" \/>\n<meta property=\"og:image\" content=\"https:\/\/papierblau.ch\/wp-content\/uploads\/2023\/12\/1-2.jpg\" \/>\n\t<meta property=\"og:image:width\" content=\"1500\" \/>\n\t<meta property=\"og:image:height\" content=\"1500\" \/>\n\t<meta property=\"og:image:type\" content=\"image\/jpeg\" \/>\n<meta name=\"twitter:label1\" content=\"Estimated reading time\" \/>\n\t<meta name=\"twitter:data1\" content=\"1 minute\" \/>\n<script type=\"application\/ld+json\" class=\"yoast-schema-graph\">{\"@context\":\"https:\\\/\\\/schema.org\",\"@graph\":[{\"@type\":\"WebPage\",\"@id\":\"https:\\\/\\\/papierblau.ch\\\/produkt\\\/vorlagen-set-blumen-und-pflanzen-big\\\/\",\"url\":\"https:\\\/\\\/papierblau.ch\\\/produkt\\\/vorlagen-set-blumen-und-pflanzen-big\\\/\",\"name\":\"Vorlagen-Set big | Blumen und Pflanzen | Papierblau\",\"isPartOf\":{\"@id\":\"https:\\\/\\\/papierblau.ch\\\/#website\"},\"primaryImageOfPage\":{\"@id\":\"https:\\\/\\\/papierblau.ch\\\/produkt\\\/vorlagen-set-blumen-und-pflanzen-big\\\/#primaryimage\"},\"image\":{\"@id\":\"https:\\\/\\\/papierblau.ch\\\/produkt\\\/vorlagen-set-blumen-und-pflanzen-big\\\/#primaryimage\"},\"thumbnailUrl\":\"https:\\\/\\\/papierblau.ch\\\/wp-content\\\/uploads\\\/2023\\\/12\\\/1-2.jpg\",\"datePublished\":\"2024-01-01T05:00:39+00:00\",\"dateModified\":\"2024-06-20T14:51:10+00:00\",\"description\":\"Einfache Malvorlagen f\u00fcr kreative Bilder. Geeignet f\u00fcr absolute Anf\u00e4nger. Du bekommst ein PDF zum selber Ausdrucken und kannst gleich loslegen.\",\"breadcrumb\":{\"@id\":\"https:\\\/\\\/papierblau.ch\\\/produkt\\\/vorlagen-set-blumen-und-pflanzen-big\\\/#breadcrumb\"},\"inLanguage\":\"en-GB\",\"potentialAction\":[{\"@type\":\"ReadAction\",\"target\":[\"https:\\\/\\\/papierblau.ch\\\/produkt\\\/vorlagen-set-blumen-und-pflanzen-big\\\/\"]}]},{\"@type\":\"ImageObject\",\"inLanguage\":\"en-GB\",\"@id\":\"https:\\\/\\\/papierblau.ch\\\/produkt\\\/vorlagen-set-blumen-und-pflanzen-big\\\/#primaryimage\",\"url\":\"https:\\\/\\\/papierblau.ch\\\/wp-content\\\/uploads\\\/2023\\\/12\\\/1-2.jpg\",\"contentUrl\":\"https:\\\/\\\/papierblau.ch\\\/wp-content\\\/uploads\\\/2023\\\/12\\\/1-2.jpg\",\"width\":1500,\"height\":1500,\"caption\":\"Vorlagen-Set Blumen und Pflanzen big\"},{\"@type\":\"BreadcrumbList\",\"@id\":\"https:\\\/\\\/papierblau.ch\\\/produkt\\\/vorlagen-set-blumen-und-pflanzen-big\\\/#breadcrumb\",\"itemListElement\":[{\"@type\":\"ListItem\",\"position\":1,\"name\":\"Startseite\",\"item\":\"https:\\\/\\\/papierblau.ch\\\/\"},{\"@type\":\"ListItem\",\"position\":2,\"name\":\"Produkte\",\"item\":\"https:\\\/\\\/papierblau.ch\\\/produkte\\\/\"},{\"@type\":\"ListItem\",\"position\":3,\"name\":\"Vorlagen-Set Blumen und Pflanzen big\"}]},{\"@type\":\"WebSite\",\"@id\":\"https:\\\/\\\/papierblau.ch\\\/#website\",\"url\":\"https:\\\/\\\/papierblau.ch\\\/\",\"name\":\"Papierblau\",\"description\":\"Karten, Sticker und mehr\",\"publisher\":{\"@id\":\"https:\\\/\\\/papierblau.ch\\\/#organization\"},\"potentialAction\":[{\"@type\":\"SearchAction\",\"target\":{\"@type\":\"EntryPoint\",\"urlTemplate\":\"https:\\\/\\\/papierblau.ch\\\/?s={search_term_string}\"},\"query-input\":{\"@type\":\"PropertyValueSpecification\",\"valueRequired\":true,\"valueName\":\"search_term_string\"}}],\"inLanguage\":\"en-GB\"},{\"@type\":\"Organization\",\"@id\":\"https:\\\/\\\/papierblau.ch\\\/#organization\",\"name\":\"Papierblau\",\"url\":\"https:\\\/\\\/papierblau.ch\\\/\",\"logo\":{\"@type\":\"ImageObject\",\"inLanguage\":\"en-GB\",\"@id\":\"https:\\\/\\\/papierblau.ch\\\/#\\\/schema\\\/logo\\\/image\\\/\",\"url\":\"https:\\\/\\\/papierblau.ch\\\/wp-content\\\/uploads\\\/2020\\\/05\\\/cropped-Logo_bild.png\",\"contentUrl\":\"https:\\\/\\\/papierblau.ch\\\/wp-content\\\/uploads\\\/2020\\\/05\\\/cropped-Logo_bild.png\",\"width\":512,\"height\":512,\"caption\":\"Papierblau\"},\"image\":{\"@id\":\"https:\\\/\\\/papierblau.ch\\\/#\\\/schema\\\/logo\\\/image\\\/\"},\"sameAs\":[\"https:\\\/\\\/facebook.com\\\/papierblau.ch\",\"https:\\\/\\\/instagram.com\\\/papierblau\"]}]}<\/script>\n<!-- \/ Yoast SEO plugin. -->","yoast_head_json":{"title":"Vorlagen-Set big | Blumen und Pflanzen | Papierblau","description":"Einfache Malvorlagen f\u00fcr kreative Bilder. Geeignet f\u00fcr absolute Anf\u00e4nger. Du bekommst ein PDF zum selber Ausdrucken und kannst gleich loslegen.","robots":{"index":"index","follow":"follow","max-snippet":"max-snippet:-1","max-image-preview":"max-image-preview:large","max-video-preview":"max-video-preview:-1"},"canonical":"https:\/\/papierblau.ch\/en\/product\/vorlagen-set-blumen-und-pflanzen-big\/","og_locale":"en_GB","og_type":"article","og_title":"Vorlagen-Set big | Blumen und Pflanzen | Papierblau","og_description":"Einfache Malvorlagen f\u00fcr kreative Bilder. Geeignet f\u00fcr absolute Anf\u00e4nger. Du bekommst ein PDF zum selber Ausdrucken und kannst gleich loslegen.","og_url":"https:\/\/papierblau.ch\/en\/product\/vorlagen-set-blumen-und-pflanzen-big\/","og_site_name":"Papierblau","article_publisher":"https:\/\/facebook.com\/papierblau.ch","article_modified_time":"2024-06-20T14:51:10+00:00","og_image":[{"width":1500,"height":1500,"url":"https:\/\/papierblau.ch\/wp-content\/uploads\/2023\/12\/1-2.jpg","type":"image\/jpeg"}],"twitter_misc":{"Estimated reading time":"1 minute"},"schema":{"@context":"https:\/\/schema.org","@graph":[{"@type":"WebPage","@id":"https:\/\/papierblau.ch\/produkt\/vorlagen-set-blumen-und-pflanzen-big\/","url":"https:\/\/papierblau.ch\/produkt\/vorlagen-set-blumen-und-pflanzen-big\/","name":"Vorlagen-Set big | Blumen und Pflanzen | Papierblau","isPartOf":{"@id":"https:\/\/papierblau.ch\/#website"},"primaryImageOfPage":{"@id":"https:\/\/papierblau.ch\/produkt\/vorlagen-set-blumen-und-pflanzen-big\/#primaryimage"},"image":{"@id":"https:\/\/papierblau.ch\/produkt\/vorlagen-set-blumen-und-pflanzen-big\/#primaryimage"},"thumbnailUrl":"https:\/\/papierblau.ch\/wp-content\/uploads\/2023\/12\/1-2.jpg","datePublished":"2024-01-01T05:00:39+00:00","dateModified":"2024-06-20T14:51:10+00:00","description":"Einfache Malvorlagen f\u00fcr kreative Bilder. Geeignet f\u00fcr absolute Anf\u00e4nger. Du bekommst ein PDF zum selber Ausdrucken und kannst gleich loslegen.","breadcrumb":{"@id":"https:\/\/papierblau.ch\/produkt\/vorlagen-set-blumen-und-pflanzen-big\/#breadcrumb"},"inLanguage":"en-GB","potentialAction":[{"@type":"ReadAction","target":["https:\/\/papierblau.ch\/produkt\/vorlagen-set-blumen-und-pflanzen-big\/"]}]},{"@type":"ImageObject","inLanguage":"en-GB","@id":"https:\/\/papierblau.ch\/produkt\/vorlagen-set-blumen-und-pflanzen-big\/#primaryimage","url":"https:\/\/papierblau.ch\/wp-content\/uploads\/2023\/12\/1-2.jpg","contentUrl":"https:\/\/papierblau.ch\/wp-content\/uploads\/2023\/12\/1-2.jpg","width":1500,"height":1500,"caption":"Vorlagen-Set Blumen und Pflanzen big"},{"@type":"BreadcrumbList","@id":"https:\/\/papierblau.ch\/produkt\/vorlagen-set-blumen-und-pflanzen-big\/#breadcrumb","itemListElement":[{"@type":"ListItem","position":1,"name":"Startseite","item":"https:\/\/papierblau.ch\/"},{"@type":"ListItem","position":2,"name":"Produkte","item":"https:\/\/papierblau.ch\/produkte\/"},{"@type":"ListItem","position":3,"name":"Vorlagen-Set Blumen und Pflanzen big"}]},{"@type":"WebSite","@id":"https:\/\/papierblau.ch\/#website","url":"https:\/\/papierblau.ch\/","name":"Papierblau","description":"Karten, Sticker und mehr","publisher":{"@id":"https:\/\/papierblau.ch\/#organization"},"potentialAction":[{"@type":"SearchAction","target":{"@type":"EntryPoint","urlTemplate":"https:\/\/papierblau.ch\/?s={search_term_string}"},"query-input":{"@type":"PropertyValueSpecification","valueRequired":true,"valueName":"search_term_string"}}],"inLanguage":"en-GB"},{"@type":"Organization","@id":"https:\/\/papierblau.ch\/#organization","name":"Papierblau","url":"https:\/\/papierblau.ch\/","logo":{"@type":"ImageObject","inLanguage":"en-GB","@id":"https:\/\/papierblau.ch\/#\/schema\/logo\/image\/","url":"https:\/\/papierblau.ch\/wp-content\/uploads\/2020\/05\/cropped-Logo_bild.png","contentUrl":"https:\/\/papierblau.ch\/wp-content\/uploads\/2020\/05\/cropped-Logo_bild.png","width":512,"height":512,"caption":"Papierblau"},"image":{"@id":"https:\/\/papierblau.ch\/#\/schema\/logo\/image\/"},"sameAs":["https:\/\/facebook.com\/papierblau.ch","https:\/\/instagram.com\/papierblau"]}]}},"_links":{"self":[{"href":"https:\/\/papierblau.ch\/en\/wp-json\/wp\/v2\/product\/33005","targetHints":{"allow":["GET"]}}],"collection":[{"href":"https:\/\/papierblau.ch\/en\/wp-json\/wp\/v2\/product"}],"about":[{"href":"https:\/\/papierblau.ch\/en\/wp-json\/wp\/v2\/types\/product"}],"replies":[{"embeddable":true,"href":"https:\/\/papierblau.ch\/en\/wp-json\/wp\/v2\/comments?post=33005"}],"wp:featuredmedia":[{"embeddable":true,"href":"https:\/\/papierblau.ch\/en\/wp-json\/wp\/v2\/media\/33010"}],"wp:attachment":[{"href":"https:\/\/papierblau.ch\/en\/wp-json\/wp\/v2\/media?parent=33005"}],"wp:term":[{"taxonomy":"product_brand","embeddable":true,"href":"https:\/\/papierblau.ch\/en\/wp-json\/wp\/v2\/product_brand?post=33005"},{"taxonomy":"product_cat","embeddable":true,"href":"https:\/\/papierblau.ch\/en\/wp-json\/wp\/v2\/product_cat?post=33005"},{"taxonomy":"product_tag","embeddable":true,"href":"https:\/\/papierblau.ch\/en\/wp-json\/wp\/v2\/product_tag?post=33005"}],"curies":[{"name":"wp","href":"https:\/\/api.w.org\/{rel}","templated":true}]}}