{"id":33014,"date":"2024-01-01T06:00:03","date_gmt":"2024-01-01T05:00:03","guid":{"rendered":"https:\/\/papierblau.ch\/?post_type=product&#038;p=33014"},"modified":"2024-05-06T09:46:01","modified_gmt":"2024-05-06T07:46:01","slug":"starter-guide-mut-zum-pinsel","status":"publish","type":"product","link":"https:\/\/papierblau.ch\/en\/product\/starter-guide-mut-zum-pinsel\/","title":{"rendered":"Starter guide \u201cDare to paint\u201d"},"content":{"rendered":"<p>[et_pb_section fb_built=&#8220;1&#8243; _builder_version=&#8220;4.16&#8243; custom_padding=&#8220;0px||||false|false&#8220; global_colors_info=&#8220;{}&#8220;][et_pb_row _builder_version=&#8220;4.16&#8243; background_size=&#8220;initial&#8220; background_position=&#8220;top_left&#8220; background_repeat=&#8220;repeat&#8220; width=&#8220;100%&#8220; custom_padding=&#8220;0px||0px||false|false&#8220; global_colors_info=&#8220;{}&#8220;][et_pb_column type=&#8220;4_4&#8243; _builder_version=&#8220;4.16&#8243; custom_padding=&#8220;|||&#8220; global_colors_info=&#8220;{}&#8220; custom_padding__hover=&#8220;|||&#8220;][et_pb_wc_breadcrumb breadcrumb_home_text=&#8220;Produkte&#8220; breadcrumb_home_url=&#8220;https:\/\/papierblau.ch\/produkt-kategorie\/produkte\/&#8220; _builder_version=&#8220;4.16&#8243; _module_preset=&#8220;default&#8220; global_colors_info=&#8220;{}&#8220;][\/et_pb_wc_breadcrumb][et_pb_wc_cart_notice _builder_version=&#8220;4.16&#8243; global_colors_info=&#8220;{}&#8220;][\/et_pb_wc_cart_notice][\/et_pb_column][\/et_pb_row][et_pb_row column_structure=&#8220;1_2,1_2&#8243; _builder_version=&#8220;4.16&#8243; background_size=&#8220;initial&#8220; background_position=&#8220;top_left&#8220; background_repeat=&#8220;repeat&#8220; width=&#8220;100%&#8220; custom_padding=&#8220;0px||||false|false&#8220; global_colors_info=&#8220;{}&#8220;][et_pb_column type=&#8220;1_2&#8243; _builder_version=&#8220;4.16&#8243; custom_padding=&#8220;|||&#8220; global_colors_info=&#8220;{}&#8220; custom_padding__hover=&#8220;|||&#8220;][et_pb_wc_images _builder_version=&#8220;4.16&#8243; global_colors_info=&#8220;{}&#8220;][\/et_pb_wc_images][\/et_pb_column][et_pb_column type=&#8220;1_2&#8243; _builder_version=&#8220;4.16&#8243; custom_padding=&#8220;|||&#8220; global_colors_info=&#8220;{}&#8220; custom_padding__hover=&#8220;|||&#8220;][et_pb_wc_title _builder_version=&#8220;4.16&#8243; global_colors_info=&#8220;{}&#8220;][\/et_pb_wc_title][et_pb_wc_rating _builder_version=&#8220;4.16&#8243; global_colors_info=&#8220;{}&#8220;][\/et_pb_wc_rating][et_pb_wc_price _builder_version=&#8220;4.16&#8243; global_colors_info=&#8220;{}&#8220;][\/et_pb_wc_price][et_pb_wc_description admin_label=&#8220;Woo Produktbeschreibung&#8220; _builder_version=&#8220;4.16&#8243; global_colors_info=&#8220;{}&#8220;][\/et_pb_wc_description][et_pb_wc_add_to_cart _builder_version=&#8220;4.16&#8243; global_colors_info=&#8220;{}&#8220;][\/et_pb_wc_add_to_cart][\/et_pb_column][\/et_pb_row][et_pb_row _builder_version=&#8220;4.23.4&#8243; _module_preset=&#8220;default&#8220; global_colors_info=&#8220;{}&#8220;][et_pb_column type=&#8220;4_4&#8243; _builder_version=&#8220;4.23.4&#8243; _module_preset=&#8220;default&#8220; global_colors_info=&#8220;{}&#8220;][et_pb_text _builder_version=&#8220;4.23.4&#8243; _module_preset=&#8220;default&#8220; hover_enabled=&#8220;0&#8243; sticky_enabled=&#8220;0&#8243;]<\/p>\n<h3>Vorschau<\/h3>\n<p>[\/et_pb_text][et_pb_code _builder_version=&#8220;4.23.4&#8243; _module_preset=&#8220;default&#8220; global_colors_info=&#8220;{}&#8220;]<div class=\"_df_book df-lite\" id=\"df_33291\"  _slug=\"starter-guide-vorschau\" data-title=\"starter-guide-vorschau\" wpoptions=\"true\" thumb=\"https:\/\/papierblau.ch\/wp-content\/uploads\/2023\/12\/Kopie-von-Shop-Bilder_Starter_Guide.jpg\" thumbtype=\"\" ><\/div><script class=\"df-shortcode-script\" nowprocket type=\"application\/javascript\">window.option_df_33291 = {\"outline\":[],\"backgroundColor\":\"#ffffff\",\"autoEnableOutline\":\"false\",\"autoEnableThumbnail\":\"false\",\"overwritePDFOutline\":\"false\",\"enableDownload\":\"false\",\"direction\":\"1\",\"pageSize\":\"0\",\"maxTextureSize\":\"1400\",\"source\":\"https:\\\/\\\/papierblau.ch\\\/wp-content\\\/uploads\\\/2024\\\/01\\\/Starter-Guide_Mut_zum_Pinsel_Papierblau_Vorschau.pdf\",\"wpOptions\":\"true\"}; if(window.DFLIP && window.DFLIP.parseBooks){window.DFLIP.parseBooks();}<\/script>[\/et_pb_code][\/et_pb_column][\/et_pb_row][et_pb_row _builder_version=&#8220;4.16&#8243; background_size=&#8220;initial&#8220; background_position=&#8220;top_left&#8220; background_repeat=&#8220;repeat&#8220; width=&#8220;100%&#8220; global_colors_info=&#8220;{}&#8220;][et_pb_column type=&#8220;4_4&#8243; _builder_version=&#8220;4.16&#8243; custom_padding=&#8220;|||&#8220; global_colors_info=&#8220;{}&#8220; custom_padding__hover=&#8220;|||&#8220;][et_pb_wc_tabs _builder_version=&#8220;4.23.1&#8243; body_ol_position=&#8220;outside&#8220; global_colors_info=&#8220;{}&#8220;] [\/et_pb_wc_tabs][et_pb_text _builder_version=&#8220;4.16&#8243; _module_preset=&#8220;default&#8220; global_colors_info=&#8220;{}&#8220;]<\/p>\n<h3>Das k\u00f6nnte dir auch gefallen<\/h3>\n<p>[\/et_pb_text][et_pb_shop type=&#8220;product_category&#8220; posts_number=&#8220;3&#8243; include_categories=&#8220;250&#8243; _builder_version=&#8220;4.23.1&#8243; _module_preset=&#8220;default&#8220; global_colors_info=&#8220;{}&#8220;][\/et_pb_shop][\/et_pb_column][\/et_pb_row][\/et_pb_section]<\/p>\n","protected":false},"excerpt":{"rendered":"<div>\n<div>\n<p>Is painting something you've always wanted to do but didn't think you were creative or talented enough to do it? Then this is just the perfect guide for you. You'll get all the information you need for an easy and successful start to painting in watercolours. True to my motto: Anyone can paint!\n<\/br><\/br>\nThe guide is currently available in\nGerman. However, the English translation is\nalready underway. Select \"English\" under \"Languages\" and join the waiting list.<\/p>\n<\/div>\n<\/div>","protected":false},"featured_media":33030,"comment_status":"open","ping_status":"closed","template":"","meta":{"_et_pb_use_builder":"on","_et_pb_old_content":"Hier ist ein Blick auf das, was dich in diesem umfassenden Guide erwartet:\r\n\r\n<strong>Inhalt (26 Seiten):<\/strong>\r\n<ul>\r\n \t<li><strong>Wie nutze ich diesen Starter-Guide?\r\n<\/strong>Erfahre, wie du das Beste aus diesem Guide herausholen kannst und deine kreative Reise optimal beginnst.<\/li>\r\n \t<li><strong>Die Grundausstattung\r\n<\/strong>Alles was du zur Grundausstattung wissen musst: Aquarellfarben, Pinsel, Aquarellpapier und weitere ben\u00f6tigte Materialien.<\/li>\r\n \t<li><strong>Erste Schritte: Deine kreative Reise beginnt\r\n<\/strong>Tipps und Tricks zur Vorbereitung der Farben und zur Pinself\u00fchrung<\/li>\r\n \t<li><strong>Grundlegende Maltechniken\r\n<\/strong>Eine Einf\u00fchrung in oft genutzte Techniken<\/li>\r\n \t<li><strong>Farbpalette und Farbmischung\r\n<\/strong>Grundlegende Informationen zum Mischen von Farben<\/li>\r\n \t<li><strong>Einfache Motive f\u00fcr den Start\r\n<\/strong>Keine Angst vor dem leeren Blatt. Beginne deine k\u00fcnstlerische Reise mit einfachen Motiven und erziele spezielle Effekte.<\/li>\r\n \t<li><strong>Malen mit Vorlagen: Schritt f\u00fcr Schritt Anleitung\r\n<\/strong>Erfahre, wie dir Vorlagen den Einstieg ins Malen erleichtern.<\/li>\r\n<\/ul>\r\nDieser Starter-Guide ist der Schl\u00fcssel, um deine Hemmungen abzulegen und in die wunderbare Welt des Aquarellmalens einzutauchen. Egal, ob du ein absoluter Anf\u00e4nger bist oder einfach nur nach neuen Inspirationen suchst \u2013 dieser Guide begleitet dich auf jedem Schritt deiner kreativen Reise.\r\n\r\nIm Guide sind <strong>keine<\/strong> Motiv-Vorlagen enthalten. Vorlagen, die du ganz einfach auf das Aquarellpapier \u00fcbertragen kannst, findest du <a href=\"https:\/\/papierblau.ch\/produkt-kategorie\/digitale-produkte\/guides-vorlagen\/\">hier<\/a>, z. B. das <a href=\"https:\/\/papierblau.ch\/?post_type=product&amp;p=33005&amp;preview=true\">Vorlagen-Set \u00abBlumen und Pflanzen big\u00bb<\/a>.\r\n\r\nWICHTIGE INFORMATIONEN:\r\nDenke daran, dass es sich um ein digitales Produkt handelt, es werden also keine physischen Artikel versandt. Nimm dir die Zeit, die Beschreibung und die Produktdetails sorgf\u00e4ltig zu lesen, bevor du deinen Kauf abschliesst, denn digitale Produkte k\u00f6nnen nicht zur\u00fcckgenommen werden.\r\n\r\nLIEFERUNG:\r\nWenn du per Kreditkarte \/ Twint bezahlst bekommst du den Link zum Download sofort nach dem Kauf, bei Bank\u00fcberweisung nach Zahlungseingang.\r\n\r\nNUTZUNGSBEDINGUNGEN\r\n<ul>\r\n \t<li style=\"list-style-type: none\">\r\n<ul>\r\n \t<li>Eine kommerzielle Weitergabe an Dritte oder eine kommerzielle Nutzung ist nicht gestattet.<\/li>\r\n \t<li>Digitale Artikel sind vom Umtausch ausgeschlossen.<\/li>\r\n \t<li>Es ist nicht gestattet, die Dateien oder den Download-Link auf irgendeine Art und Weise zu teilen (per E-Mail, Filesharing-Websites oder auf andere Weise) oder zu verschenken.<\/li>\r\n \t<li>Die Dateien d\u00fcrfen nicht in digitaler oder physischer Form weiterverkauft werden.<\/li>\r\n \t<li>Die Dateien d\u00fcrfen nicht zur Herstellung von Produkten oder Werbematerial verwendet werden.<\/li>\r\n \t<li>Die Dateien d\u00fcrfen nicht auf Websites, Blogs, Logos, Banners etc. verwendet oder hochgeladen werden.<\/li>\r\n<\/ul>\r\n<\/li>\r\n<\/ul>","_et_gb_content_width":""},"product_brand":[],"product_cat":[144,226,250],"product_tag":[],"class_list":{"0":"post-33014","1":"product","2":"type-product","3":"status-publish","4":"has-post-thumbnail","6":"product_cat-produkte","7":"product_cat-digitale-produkte","8":"product_cat-guides-vorlagen","10":"first","11":"instock","12":"shipping-taxable","13":"purchasable","14":"product-type-variable"},"yoast_head":"<!-- This site is optimized with the Yoast SEO plugin v27.3 - https:\/\/yoast.com\/product\/yoast-seo-wordpress\/ -->\n<title>Starter-Guide \u00abMut zum Pinsel\u00bb | Auch du kannst malen! | Papierblau<\/title>\n<meta name=\"description\" content=\"Malen mit Aquarellfarbe \u2013 die wichtigsten Informationen f\u00fcr Anf\u00e4nger: Pinsel, Farben, Farbmischung, Papier, Maltechnicken und Inspiration f\u00fcr erste Motive.\" \/>\n<meta name=\"robots\" content=\"index, follow, max-snippet:-1, max-image-preview:large, max-video-preview:-1\" \/>\n<link rel=\"canonical\" href=\"https:\/\/papierblau.ch\/en\/product\/starter-guide-mut-zum-pinsel\/\" \/>\n<meta property=\"og:locale\" content=\"en_GB\" \/>\n<meta property=\"og:type\" content=\"article\" \/>\n<meta property=\"og:title\" content=\"Starter-Guide \u00abMut zum Pinsel\u00bb | Auch du kannst malen! | Papierblau\" \/>\n<meta property=\"og:description\" content=\"Malen mit Aquarellfarbe \u2013 die wichtigsten Informationen f\u00fcr Anf\u00e4nger: Pinsel, Farben, Farbmischung, Papier, Maltechnicken und Inspiration f\u00fcr erste Motive.\" \/>\n<meta property=\"og:url\" content=\"https:\/\/papierblau.ch\/en\/product\/starter-guide-mut-zum-pinsel\/\" \/>\n<meta property=\"og:site_name\" content=\"Papierblau\" \/>\n<meta property=\"article:publisher\" content=\"https:\/\/facebook.com\/papierblau.ch\" \/>\n<meta property=\"article:modified_time\" content=\"2024-05-06T07:46:01+00:00\" \/>\n<meta property=\"og:image\" content=\"https:\/\/papierblau.ch\/wp-content\/uploads\/2023\/12\/1-3.jpg\" \/>\n\t<meta property=\"og:image:width\" content=\"1500\" \/>\n\t<meta property=\"og:image:height\" content=\"1500\" \/>\n\t<meta property=\"og:image:type\" content=\"image\/jpeg\" \/>\n<meta name=\"twitter:label1\" content=\"Estimated reading time\" \/>\n\t<meta name=\"twitter:data1\" content=\"1 minute\" \/>\n<script type=\"application\/ld+json\" class=\"yoast-schema-graph\">{\"@context\":\"https:\\\/\\\/schema.org\",\"@graph\":[{\"@type\":\"WebPage\",\"@id\":\"https:\\\/\\\/papierblau.ch\\\/produkt\\\/starter-guide-mut-zum-pinsel\\\/\",\"url\":\"https:\\\/\\\/papierblau.ch\\\/produkt\\\/starter-guide-mut-zum-pinsel\\\/\",\"name\":\"Starter-Guide \u00abMut zum Pinsel\u00bb | Auch du kannst malen! | Papierblau\",\"isPartOf\":{\"@id\":\"https:\\\/\\\/papierblau.ch\\\/#website\"},\"primaryImageOfPage\":{\"@id\":\"https:\\\/\\\/papierblau.ch\\\/produkt\\\/starter-guide-mut-zum-pinsel\\\/#primaryimage\"},\"image\":{\"@id\":\"https:\\\/\\\/papierblau.ch\\\/produkt\\\/starter-guide-mut-zum-pinsel\\\/#primaryimage\"},\"thumbnailUrl\":\"https:\\\/\\\/papierblau.ch\\\/wp-content\\\/uploads\\\/2023\\\/12\\\/1-3.jpg\",\"datePublished\":\"2024-01-01T05:00:03+00:00\",\"dateModified\":\"2024-05-06T07:46:01+00:00\",\"description\":\"Malen mit Aquarellfarbe \u2013 die wichtigsten Informationen f\u00fcr Anf\u00e4nger: Pinsel, Farben, Farbmischung, Papier, Maltechnicken und Inspiration f\u00fcr erste Motive.\",\"breadcrumb\":{\"@id\":\"https:\\\/\\\/papierblau.ch\\\/produkt\\\/starter-guide-mut-zum-pinsel\\\/#breadcrumb\"},\"inLanguage\":\"en-GB\",\"potentialAction\":[{\"@type\":\"ReadAction\",\"target\":[\"https:\\\/\\\/papierblau.ch\\\/produkt\\\/starter-guide-mut-zum-pinsel\\\/\"]}]},{\"@type\":\"ImageObject\",\"inLanguage\":\"en-GB\",\"@id\":\"https:\\\/\\\/papierblau.ch\\\/produkt\\\/starter-guide-mut-zum-pinsel\\\/#primaryimage\",\"url\":\"https:\\\/\\\/papierblau.ch\\\/wp-content\\\/uploads\\\/2023\\\/12\\\/1-3.jpg\",\"contentUrl\":\"https:\\\/\\\/papierblau.ch\\\/wp-content\\\/uploads\\\/2023\\\/12\\\/1-3.jpg\",\"width\":1500,\"height\":1500,\"caption\":\"Starter-Guide Aquarellmalen\"},{\"@type\":\"BreadcrumbList\",\"@id\":\"https:\\\/\\\/papierblau.ch\\\/produkt\\\/starter-guide-mut-zum-pinsel\\\/#breadcrumb\",\"itemListElement\":[{\"@type\":\"ListItem\",\"position\":1,\"name\":\"Startseite\",\"item\":\"https:\\\/\\\/papierblau.ch\\\/\"},{\"@type\":\"ListItem\",\"position\":2,\"name\":\"Produkte\",\"item\":\"https:\\\/\\\/papierblau.ch\\\/produkte\\\/\"},{\"@type\":\"ListItem\",\"position\":3,\"name\":\"Starter-Guide \u00abMut zum Pinsel\u00bb\"}]},{\"@type\":\"WebSite\",\"@id\":\"https:\\\/\\\/papierblau.ch\\\/#website\",\"url\":\"https:\\\/\\\/papierblau.ch\\\/\",\"name\":\"Papierblau\",\"description\":\"Karten, Sticker und mehr\",\"publisher\":{\"@id\":\"https:\\\/\\\/papierblau.ch\\\/#organization\"},\"potentialAction\":[{\"@type\":\"SearchAction\",\"target\":{\"@type\":\"EntryPoint\",\"urlTemplate\":\"https:\\\/\\\/papierblau.ch\\\/?s={search_term_string}\"},\"query-input\":{\"@type\":\"PropertyValueSpecification\",\"valueRequired\":true,\"valueName\":\"search_term_string\"}}],\"inLanguage\":\"en-GB\"},{\"@type\":\"Organization\",\"@id\":\"https:\\\/\\\/papierblau.ch\\\/#organization\",\"name\":\"Papierblau\",\"url\":\"https:\\\/\\\/papierblau.ch\\\/\",\"logo\":{\"@type\":\"ImageObject\",\"inLanguage\":\"en-GB\",\"@id\":\"https:\\\/\\\/papierblau.ch\\\/#\\\/schema\\\/logo\\\/image\\\/\",\"url\":\"https:\\\/\\\/papierblau.ch\\\/wp-content\\\/uploads\\\/2020\\\/05\\\/cropped-Logo_bild.png\",\"contentUrl\":\"https:\\\/\\\/papierblau.ch\\\/wp-content\\\/uploads\\\/2020\\\/05\\\/cropped-Logo_bild.png\",\"width\":512,\"height\":512,\"caption\":\"Papierblau\"},\"image\":{\"@id\":\"https:\\\/\\\/papierblau.ch\\\/#\\\/schema\\\/logo\\\/image\\\/\"},\"sameAs\":[\"https:\\\/\\\/facebook.com\\\/papierblau.ch\",\"https:\\\/\\\/instagram.com\\\/papierblau\"]}]}<\/script>\n<!-- \/ Yoast SEO plugin. -->","yoast_head_json":{"title":"Starter-Guide \u00abMut zum Pinsel\u00bb | Auch du kannst malen! | Papierblau","description":"Malen mit Aquarellfarbe \u2013 die wichtigsten Informationen f\u00fcr Anf\u00e4nger: Pinsel, Farben, Farbmischung, Papier, Maltechnicken und Inspiration f\u00fcr erste Motive.","robots":{"index":"index","follow":"follow","max-snippet":"max-snippet:-1","max-image-preview":"max-image-preview:large","max-video-preview":"max-video-preview:-1"},"canonical":"https:\/\/papierblau.ch\/en\/product\/starter-guide-mut-zum-pinsel\/","og_locale":"en_GB","og_type":"article","og_title":"Starter-Guide \u00abMut zum Pinsel\u00bb | Auch du kannst malen! | Papierblau","og_description":"Malen mit Aquarellfarbe \u2013 die wichtigsten Informationen f\u00fcr Anf\u00e4nger: Pinsel, Farben, Farbmischung, Papier, Maltechnicken und Inspiration f\u00fcr erste Motive.","og_url":"https:\/\/papierblau.ch\/en\/product\/starter-guide-mut-zum-pinsel\/","og_site_name":"Papierblau","article_publisher":"https:\/\/facebook.com\/papierblau.ch","article_modified_time":"2024-05-06T07:46:01+00:00","og_image":[{"width":1500,"height":1500,"url":"https:\/\/papierblau.ch\/wp-content\/uploads\/2023\/12\/1-3.jpg","type":"image\/jpeg"}],"twitter_misc":{"Estimated reading time":"1 minute"},"schema":{"@context":"https:\/\/schema.org","@graph":[{"@type":"WebPage","@id":"https:\/\/papierblau.ch\/produkt\/starter-guide-mut-zum-pinsel\/","url":"https:\/\/papierblau.ch\/produkt\/starter-guide-mut-zum-pinsel\/","name":"Starter-Guide \u00abMut zum Pinsel\u00bb | Auch du kannst malen! | Papierblau","isPartOf":{"@id":"https:\/\/papierblau.ch\/#website"},"primaryImageOfPage":{"@id":"https:\/\/papierblau.ch\/produkt\/starter-guide-mut-zum-pinsel\/#primaryimage"},"image":{"@id":"https:\/\/papierblau.ch\/produkt\/starter-guide-mut-zum-pinsel\/#primaryimage"},"thumbnailUrl":"https:\/\/papierblau.ch\/wp-content\/uploads\/2023\/12\/1-3.jpg","datePublished":"2024-01-01T05:00:03+00:00","dateModified":"2024-05-06T07:46:01+00:00","description":"Malen mit Aquarellfarbe \u2013 die wichtigsten Informationen f\u00fcr Anf\u00e4nger: Pinsel, Farben, Farbmischung, Papier, Maltechnicken und Inspiration f\u00fcr erste Motive.","breadcrumb":{"@id":"https:\/\/papierblau.ch\/produkt\/starter-guide-mut-zum-pinsel\/#breadcrumb"},"inLanguage":"en-GB","potentialAction":[{"@type":"ReadAction","target":["https:\/\/papierblau.ch\/produkt\/starter-guide-mut-zum-pinsel\/"]}]},{"@type":"ImageObject","inLanguage":"en-GB","@id":"https:\/\/papierblau.ch\/produkt\/starter-guide-mut-zum-pinsel\/#primaryimage","url":"https:\/\/papierblau.ch\/wp-content\/uploads\/2023\/12\/1-3.jpg","contentUrl":"https:\/\/papierblau.ch\/wp-content\/uploads\/2023\/12\/1-3.jpg","width":1500,"height":1500,"caption":"Starter-Guide Aquarellmalen"},{"@type":"BreadcrumbList","@id":"https:\/\/papierblau.ch\/produkt\/starter-guide-mut-zum-pinsel\/#breadcrumb","itemListElement":[{"@type":"ListItem","position":1,"name":"Startseite","item":"https:\/\/papierblau.ch\/"},{"@type":"ListItem","position":2,"name":"Produkte","item":"https:\/\/papierblau.ch\/produkte\/"},{"@type":"ListItem","position":3,"name":"Starter-Guide \u00abMut zum Pinsel\u00bb"}]},{"@type":"WebSite","@id":"https:\/\/papierblau.ch\/#website","url":"https:\/\/papierblau.ch\/","name":"Papierblau","description":"Karten, Sticker und mehr","publisher":{"@id":"https:\/\/papierblau.ch\/#organization"},"potentialAction":[{"@type":"SearchAction","target":{"@type":"EntryPoint","urlTemplate":"https:\/\/papierblau.ch\/?s={search_term_string}"},"query-input":{"@type":"PropertyValueSpecification","valueRequired":true,"valueName":"search_term_string"}}],"inLanguage":"en-GB"},{"@type":"Organization","@id":"https:\/\/papierblau.ch\/#organization","name":"Papierblau","url":"https:\/\/papierblau.ch\/","logo":{"@type":"ImageObject","inLanguage":"en-GB","@id":"https:\/\/papierblau.ch\/#\/schema\/logo\/image\/","url":"https:\/\/papierblau.ch\/wp-content\/uploads\/2020\/05\/cropped-Logo_bild.png","contentUrl":"https:\/\/papierblau.ch\/wp-content\/uploads\/2020\/05\/cropped-Logo_bild.png","width":512,"height":512,"caption":"Papierblau"},"image":{"@id":"https:\/\/papierblau.ch\/#\/schema\/logo\/image\/"},"sameAs":["https:\/\/facebook.com\/papierblau.ch","https:\/\/instagram.com\/papierblau"]}]}},"_links":{"self":[{"href":"https:\/\/papierblau.ch\/en\/wp-json\/wp\/v2\/product\/33014","targetHints":{"allow":["GET"]}}],"collection":[{"href":"https:\/\/papierblau.ch\/en\/wp-json\/wp\/v2\/product"}],"about":[{"href":"https:\/\/papierblau.ch\/en\/wp-json\/wp\/v2\/types\/product"}],"replies":[{"embeddable":true,"href":"https:\/\/papierblau.ch\/en\/wp-json\/wp\/v2\/comments?post=33014"}],"wp:featuredmedia":[{"embeddable":true,"href":"https:\/\/papierblau.ch\/en\/wp-json\/wp\/v2\/media\/33030"}],"wp:attachment":[{"href":"https:\/\/papierblau.ch\/en\/wp-json\/wp\/v2\/media?parent=33014"}],"wp:term":[{"taxonomy":"product_brand","embeddable":true,"href":"https:\/\/papierblau.ch\/en\/wp-json\/wp\/v2\/product_brand?post=33014"},{"taxonomy":"product_cat","embeddable":true,"href":"https:\/\/papierblau.ch\/en\/wp-json\/wp\/v2\/product_cat?post=33014"},{"taxonomy":"product_tag","embeddable":true,"href":"https:\/\/papierblau.ch\/en\/wp-json\/wp\/v2\/product_tag?post=33014"}],"curies":[{"name":"wp","href":"https:\/\/api.w.org\/{rel}","templated":true}]}}