{"id":33296,"date":"2024-01-31T11:24:57","date_gmt":"2024-01-31T10:24:57","guid":{"rendered":"https:\/\/papierblau.ch\/?post_type=product&#038;p=33296"},"modified":"2025-02-10T14:45:45","modified_gmt":"2025-02-10T13:45:45","slug":"starter-set-guide-vorlagen","status":"publish","type":"product","link":"https:\/\/papierblau.ch\/en\/product\/starter-set-guide-vorlagen\/","title":{"rendered":"Starter-Set: Guide + Vorlagen (only available in German)"},"content":{"rendered":"<p>[et_pb_section fb_built=&#8220;1&#8243; _builder_version=&#8220;4.16&#8243; custom_padding=&#8220;0px||||false|false&#8220; global_colors_info=&#8220;{}&#8220;][et_pb_row _builder_version=&#8220;4.16&#8243; background_size=&#8220;initial&#8220; background_position=&#8220;top_left&#8220; background_repeat=&#8220;repeat&#8220; width=&#8220;100%&#8220; custom_padding=&#8220;0px||0px||false|false&#8220; global_colors_info=&#8220;{}&#8220;][et_pb_column type=&#8220;4_4&#8243; _builder_version=&#8220;4.16&#8243; custom_padding=&#8220;|||&#8220; global_colors_info=&#8220;{}&#8220; custom_padding__hover=&#8220;|||&#8220;][et_pb_wc_breadcrumb breadcrumb_home_text=&#8220;Produkte&#8220; breadcrumb_home_url=&#8220;https:\/\/papierblau.ch\/produkt-kategorie\/produkte\/&#8220; _builder_version=&#8220;4.16&#8243; _module_preset=&#8220;default&#8220; global_colors_info=&#8220;{}&#8220;][\/et_pb_wc_breadcrumb][et_pb_wc_cart_notice _builder_version=&#8220;4.16&#8243; global_colors_info=&#8220;{}&#8220;][\/et_pb_wc_cart_notice][\/et_pb_column][\/et_pb_row][et_pb_row column_structure=&#8220;1_2,1_2&#8243; _builder_version=&#8220;4.16&#8243; background_size=&#8220;initial&#8220; background_position=&#8220;top_left&#8220; background_repeat=&#8220;repeat&#8220; width=&#8220;100%&#8220; custom_padding=&#8220;0px||||false|false&#8220; global_colors_info=&#8220;{}&#8220;][et_pb_column type=&#8220;1_2&#8243; _builder_version=&#8220;4.16&#8243; custom_padding=&#8220;|||&#8220; global_colors_info=&#8220;{}&#8220; custom_padding__hover=&#8220;|||&#8220;][et_pb_wc_images _builder_version=&#8220;4.16&#8243; global_colors_info=&#8220;{}&#8220;][\/et_pb_wc_images][\/et_pb_column][et_pb_column type=&#8220;1_2&#8243; _builder_version=&#8220;4.16&#8243; custom_padding=&#8220;|||&#8220; global_colors_info=&#8220;{}&#8220; custom_padding__hover=&#8220;|||&#8220;][et_pb_wc_title _builder_version=&#8220;4.16&#8243; global_colors_info=&#8220;{}&#8220;][\/et_pb_wc_title][et_pb_wc_rating _builder_version=&#8220;4.16&#8243; global_colors_info=&#8220;{}&#8220;][\/et_pb_wc_rating][et_pb_wc_price _builder_version=&#8220;4.16&#8243; global_colors_info=&#8220;{}&#8220;][\/et_pb_wc_price][et_pb_wc_description admin_label=&#8220;Woo Produktbeschreibung&#8220; _builder_version=&#8220;4.16&#8243; global_colors_info=&#8220;{}&#8220;][\/et_pb_wc_description][et_pb_wc_add_to_cart _builder_version=&#8220;4.16&#8243; global_colors_info=&#8220;{}&#8220;][\/et_pb_wc_add_to_cart][\/et_pb_column][\/et_pb_row][et_pb_row _builder_version=&#8220;4.16&#8243; background_size=&#8220;initial&#8220; background_position=&#8220;top_left&#8220; background_repeat=&#8220;repeat&#8220; width=&#8220;100%&#8220; global_colors_info=&#8220;{}&#8220;][et_pb_column type=&#8220;4_4&#8243; _builder_version=&#8220;4.16&#8243; custom_padding=&#8220;|||&#8220; global_colors_info=&#8220;{}&#8220; custom_padding__hover=&#8220;|||&#8220;][et_pb_wc_tabs _builder_version=&#8220;4.23.1&#8243; body_ol_position=&#8220;outside&#8220; global_colors_info=&#8220;{}&#8220;] [\/et_pb_wc_tabs][et_pb_text _builder_version=&#8220;4.16&#8243; _module_preset=&#8220;default&#8220; global_colors_info=&#8220;{}&#8220;]<\/p>\n<h3>Das k\u00f6nnte dir auch gefallen<\/h3>\n<p>[\/et_pb_text][et_pb_shop type=&#8220;product_category&#8220; posts_number=&#8220;3&#8243; include_categories=&#8220;234,233,245&#8243; _builder_version=&#8220;4.24.0&#8243; _module_preset=&#8220;default&#8220; global_colors_info=&#8220;{}&#8220;][\/et_pb_shop][\/et_pb_column][\/et_pb_row][\/et_pb_section]<\/p>\n","protected":false},"excerpt":{"rendered":"<div>\n<p>Profitiere vom Paketpreis: Mit dem Starter-Guide \u00abMut zum Pinsel\u00bb und dem Vorlagen-Set Big gelingt dir sicher ein einfacher Start in deine kreative Reise. Du bekommst alle Informationen, die du f\u00fcr einen einfachen und erfolgreichen Einstieg ins Aquarellmalen brauchst. Getreu meinem Motto: Jede Person kann malen!<\/p>\n<\/div>","protected":false},"featured_media":33300,"comment_status":"open","ping_status":"closed","template":"","meta":{"_et_pb_use_builder":"on","_et_pb_old_content":"<h3 style=\"font-weight: 400\"><strong>Im Set enthalten:<\/strong><\/h3>\r\n<p style=\"font-weight: 400\">-\u00a0<a href=\"https:\/\/papierblau.ch\/produkt\/vorlagen-set-blumen-und-pflanzen-big\/\">Vorlagen-Set Blumen und Pflanzen big<\/a>\r\n-\u00a0<a href=\"https:\/\/papierblau.ch\/produkt\/starter-guide-mut-zum-pinsel\/\">Starter-Guide \u00abMut zum Pinsel\u00bb<\/a><\/p>\r\n\r\n<h3 style=\"font-weight: 400\"><strong>Inhalt des Guides (26 Seiten):<\/strong><\/h3>\r\n<ul style=\"font-weight: 400\">\r\n \t<li><strong>Wie nutze ich diesen Starter-Guide?\r\n<\/strong>Erfahre, wie du das Beste aus diesem Guide herausholen kannst und deine kreative Reise optimal beginnst.<\/li>\r\n \t<li><strong>Die Grundausstattung\r\n<\/strong>Alles was du zur Grundausstattung wissen musst: Aquarellfarben, Pinsel, Aquarellpapier und weitere ben\u00f6tigte Materialien.<\/li>\r\n \t<li><strong>Erste Schritte: Deine kreative Reise beginnt\r\n<\/strong>Tipps und Tricks zur Vorbereitung der Farben und zur Pinself\u00fchrung<\/li>\r\n \t<li><strong>Grundlegende Maltechniken\r\n<\/strong>Eine Einf\u00fchrung in oft genutzte Techniken<\/li>\r\n \t<li><strong>Farbpalette und Farbmischung\r\n<\/strong>Grundlegende Informationen zum Mischen von Farben<\/li>\r\n \t<li><strong>Einfache Motive f\u00fcr den Start\r\n<\/strong>Keine Angst vor dem leeren Blatt. Beginne deine k\u00fcnstlerische Reise mit einfachen Motiven und erziele spezielle Effekte.<\/li>\r\n \t<li><strong>Malen mit Vorlagen: Schritt f\u00fcr Schritt Anleitung\r\n<\/strong>Erfahre, wie dir Vorlagen den Einstieg ins Malen erleichtern.<\/li>\r\n<\/ul>\r\n<p style=\"font-weight: 400\">Dieser Starter-Guide ist der Schl\u00fcssel, um deine Hemmungen abzulegen und in die wunderbare Welt des Aquarellmalens einzutauchen. Egal, ob du ein absoluter Anf\u00e4nger bist oder einfach nur nach neuen Inspirationen suchst \u2013 dieser Guide begleitet dich auf jedem Schritt deiner kreativen Reise.<\/p>\r\n\r\n<h3 style=\"font-weight: 400\"><strong>Inhalt des Vorlagen-Sets:<\/strong><\/h3>\r\n<p style=\"font-weight: 400\"><strong>Inhalt des Sets:<\/strong><\/p>\r\n\r\n<ul style=\"font-weight: 400\">\r\n \t<li><strong>10 Motive: in den Formaten A6, A5 und A4 (f\u00fcr jedes Format ein PDF):\u00a0<\/strong>W\u00e4hle einfach deine gew\u00fcnschte Gr\u00f6sse und drucke die Vorlage aus.<\/li>\r\n \t<li><strong>Schritt-f\u00fcr-Schritt Anleitung (als PDF):<\/strong>\u00a0Die klaren Anweisungen helfen dir dabei, die Vorlagen m\u00fchelos auf Aquarellpapier zu \u00fcbertragen, damit du schnell zum spassigen Teil kommst: dem Malen!<\/li>\r\n<\/ul>\r\n<p style=\"font-weight: 400\"><strong>Vorteil von Vorlagen f\u00fcr den Einstieg ins Malen:<\/strong><\/p>\r\n\r\n<ul style=\"font-weight: 400\">\r\n \t<li><strong>F\u00fcr Anf\u00e4nger optimiert:<\/strong>\u00a0Entwickelt, um dir ein einfaches und positives Einf\u00fchrungserlebnis in die Welt der Aquarellmalerei zu bieten.<\/li>\r\n \t<li><strong>Vielseitigkeit:<\/strong>\u00a0mit den 10 unterschiedlichen Motiven kannst du dich kreativ entfalten. Mache mit Text dazu K\u00e4rtchen, kombiniere sie oder lass etwas weg \u2013 deiner Kreativit\u00e4t sind keine Grenzen gesetzt.<\/li>\r\n \t<li><strong>Keine Angst vor dem leeren Blatt:<\/strong>\u00a0Du musst nicht lange \u00fcberlegen, mit welchen Motiven du deine ersten Pinselerfahrungen sammelst. Einfach aussuchen und loslegen.<\/li>\r\n<\/ul>\r\n<p style=\"font-weight: 400\">WICHTIGE INFORMATIONEN:\r\nDenke daran, dass es sich um ein digitales Produkt handelt, es werden also keine physischen Artikel versandt. Nimm dir die Zeit, die Beschreibung und die Produktdetails sorgf\u00e4ltig zu lesen, bevor du deinen Kauf abschliesst, denn digitale Produkte k\u00f6nnen nicht zur\u00fcckgenommen werden.<\/p>\r\n<p style=\"font-weight: 400\">LIEFERUNG:\r\nWenn du per Kreditkarte \/ Twint bezahlst bekommst du den Link zum Download sofort nach dem Kauf, bei Bank\u00fcberweisung nach Zahlungseingang.<\/p>\r\n<p style=\"font-weight: 400\">NUTZUNGSBEDINGUNGEN<\/p>\r\n\r\n<ul>\r\n \t<li><\/li>\r\n<\/ul>\r\n<ul style=\"font-weight: 400\">\r\n \t<li style=\"list-style-type: none\">\r\n<ul>\r\n \t<li>Eine kommerzielle Weitergabe an Dritte oder eine kommerzielle Nutzung ist nicht gestattet.<\/li>\r\n \t<li>Digitale Artikel sind vom Umtausch ausgeschlossen.<\/li>\r\n \t<li>Es ist nicht gestattet, die Dateien oder den Download-Link auf irgendeine Art und Weise zu teilen (per E-Mail, Filesharing-Websites oder auf andere Weise) oder zu verschenken.<\/li>\r\n \t<li>Die Dateien d\u00fcrfen nicht in digitaler oder physischer Form weiterverkauft werden.<\/li>\r\n \t<li>Die Dateien d\u00fcrfen nicht zur Herstellung von Produkten oder Werbematerial verwendet werden.<\/li>\r\n \t<li>Die Dateien d\u00fcrfen nicht auf Websites, Blogs, Logos, Banners etc. verwendet oder hochgeladen werden.<\/li>\r\n<\/ul>\r\n<\/li>\r\n<\/ul>","_et_gb_content_width":""},"product_brand":[],"product_cat":[144,226,250],"product_tag":[],"class_list":{"0":"post-33296","1":"product","2":"type-product","3":"status-publish","4":"has-post-thumbnail","6":"product_cat-produkte","7":"product_cat-digitale-produkte","8":"product_cat-guides-vorlagen","10":"first","11":"instock","12":"downloadable","13":"virtual","14":"purchasable","15":"product-type-simple"},"yoast_head":"<!-- This site is optimized with the Yoast SEO plugin v27.3 - https:\/\/yoast.com\/product\/yoast-seo-wordpress\/ -->\n<title>Starter-Set: Guide + Vorlagen | Auch du kannst malen! | Papierblau<\/title>\n<meta name=\"description\" content=\"Malen lernen leicht gemacht. Erfahre alles \u00fcber Pinsel, Aquarellfarbe, Farbmischung, Papier &amp; Maltechniken und erhalte Vorlagen f\u00fcr einen einfachen Start.\" \/>\n<meta name=\"robots\" content=\"index, follow, max-snippet:-1, max-image-preview:large, max-video-preview:-1\" \/>\n<link rel=\"canonical\" href=\"https:\/\/papierblau.ch\/en\/product\/starter-set-guide-vorlagen\/\" \/>\n<meta property=\"og:locale\" content=\"en_GB\" \/>\n<meta property=\"og:type\" content=\"article\" \/>\n<meta property=\"og:title\" content=\"Starter-Set: Guide + Vorlagen | Auch du kannst malen! | Papierblau\" \/>\n<meta property=\"og:description\" content=\"Malen lernen leicht gemacht. Erfahre alles \u00fcber Pinsel, Aquarellfarbe, Farbmischung, Papier &amp; Maltechniken und erhalte Vorlagen f\u00fcr einen einfachen Start.\" \/>\n<meta property=\"og:url\" content=\"https:\/\/papierblau.ch\/en\/product\/starter-set-guide-vorlagen\/\" \/>\n<meta property=\"og:site_name\" content=\"Papierblau\" \/>\n<meta property=\"article:publisher\" content=\"https:\/\/facebook.com\/papierblau.ch\" \/>\n<meta property=\"article:modified_time\" content=\"2025-02-10T13:45:45+00:00\" \/>\n<meta property=\"og:image\" content=\"https:\/\/papierblau.ch\/wp-content\/uploads\/2024\/01\/guide_plus_vorlagen_1-1.jpg\" \/>\n\t<meta property=\"og:image:width\" content=\"1500\" \/>\n\t<meta property=\"og:image:height\" content=\"1500\" \/>\n\t<meta property=\"og:image:type\" content=\"image\/jpeg\" \/>\n<meta name=\"twitter:label1\" content=\"Estimated reading time\" \/>\n\t<meta name=\"twitter:data1\" content=\"3 minutes\" \/>\n<script type=\"application\/ld+json\" class=\"yoast-schema-graph\">{\"@context\":\"https:\\\/\\\/schema.org\",\"@graph\":[{\"@type\":\"WebPage\",\"@id\":\"https:\\\/\\\/papierblau.ch\\\/produkt\\\/starter-set-guide-vorlagen\\\/\",\"url\":\"https:\\\/\\\/papierblau.ch\\\/produkt\\\/starter-set-guide-vorlagen\\\/\",\"name\":\"Starter-Set: Guide + Vorlagen | Auch du kannst malen! | Papierblau\",\"isPartOf\":{\"@id\":\"https:\\\/\\\/papierblau.ch\\\/#website\"},\"primaryImageOfPage\":{\"@id\":\"https:\\\/\\\/papierblau.ch\\\/produkt\\\/starter-set-guide-vorlagen\\\/#primaryimage\"},\"image\":{\"@id\":\"https:\\\/\\\/papierblau.ch\\\/produkt\\\/starter-set-guide-vorlagen\\\/#primaryimage\"},\"thumbnailUrl\":\"https:\\\/\\\/papierblau.ch\\\/wp-content\\\/uploads\\\/2024\\\/01\\\/guide_plus_vorlagen_1-1.jpg\",\"datePublished\":\"2024-01-31T10:24:57+00:00\",\"dateModified\":\"2025-02-10T13:45:45+00:00\",\"description\":\"Malen lernen leicht gemacht. Erfahre alles \u00fcber Pinsel, Aquarellfarbe, Farbmischung, Papier & Maltechniken und erhalte Vorlagen f\u00fcr einen einfachen Start.\",\"breadcrumb\":{\"@id\":\"https:\\\/\\\/papierblau.ch\\\/produkt\\\/starter-set-guide-vorlagen\\\/#breadcrumb\"},\"inLanguage\":\"en-GB\",\"potentialAction\":[{\"@type\":\"ReadAction\",\"target\":[\"https:\\\/\\\/papierblau.ch\\\/produkt\\\/starter-set-guide-vorlagen\\\/\"]}]},{\"@type\":\"ImageObject\",\"inLanguage\":\"en-GB\",\"@id\":\"https:\\\/\\\/papierblau.ch\\\/produkt\\\/starter-set-guide-vorlagen\\\/#primaryimage\",\"url\":\"https:\\\/\\\/papierblau.ch\\\/wp-content\\\/uploads\\\/2024\\\/01\\\/guide_plus_vorlagen_1-1.jpg\",\"contentUrl\":\"https:\\\/\\\/papierblau.ch\\\/wp-content\\\/uploads\\\/2024\\\/01\\\/guide_plus_vorlagen_1-1.jpg\",\"width\":1500,\"height\":1500,\"caption\":\"Starter-Set: Guide und Vorlagen, Malen lernen leicht gemacht\"},{\"@type\":\"BreadcrumbList\",\"@id\":\"https:\\\/\\\/papierblau.ch\\\/produkt\\\/starter-set-guide-vorlagen\\\/#breadcrumb\",\"itemListElement\":[{\"@type\":\"ListItem\",\"position\":1,\"name\":\"Startseite\",\"item\":\"https:\\\/\\\/papierblau.ch\\\/\"},{\"@type\":\"ListItem\",\"position\":2,\"name\":\"Produkte\",\"item\":\"https:\\\/\\\/papierblau.ch\\\/produkte\\\/\"},{\"@type\":\"ListItem\",\"position\":3,\"name\":\"Starter-Set: Guide + Vorlagen\"}]},{\"@type\":\"WebSite\",\"@id\":\"https:\\\/\\\/papierblau.ch\\\/#website\",\"url\":\"https:\\\/\\\/papierblau.ch\\\/\",\"name\":\"Papierblau\",\"description\":\"Karten, Sticker und mehr\",\"publisher\":{\"@id\":\"https:\\\/\\\/papierblau.ch\\\/#organization\"},\"potentialAction\":[{\"@type\":\"SearchAction\",\"target\":{\"@type\":\"EntryPoint\",\"urlTemplate\":\"https:\\\/\\\/papierblau.ch\\\/?s={search_term_string}\"},\"query-input\":{\"@type\":\"PropertyValueSpecification\",\"valueRequired\":true,\"valueName\":\"search_term_string\"}}],\"inLanguage\":\"en-GB\"},{\"@type\":\"Organization\",\"@id\":\"https:\\\/\\\/papierblau.ch\\\/#organization\",\"name\":\"Papierblau\",\"url\":\"https:\\\/\\\/papierblau.ch\\\/\",\"logo\":{\"@type\":\"ImageObject\",\"inLanguage\":\"en-GB\",\"@id\":\"https:\\\/\\\/papierblau.ch\\\/#\\\/schema\\\/logo\\\/image\\\/\",\"url\":\"https:\\\/\\\/papierblau.ch\\\/wp-content\\\/uploads\\\/2020\\\/05\\\/cropped-Logo_bild.png\",\"contentUrl\":\"https:\\\/\\\/papierblau.ch\\\/wp-content\\\/uploads\\\/2020\\\/05\\\/cropped-Logo_bild.png\",\"width\":512,\"height\":512,\"caption\":\"Papierblau\"},\"image\":{\"@id\":\"https:\\\/\\\/papierblau.ch\\\/#\\\/schema\\\/logo\\\/image\\\/\"},\"sameAs\":[\"https:\\\/\\\/facebook.com\\\/papierblau.ch\",\"https:\\\/\\\/instagram.com\\\/papierblau\"]}]}<\/script>\n<!-- \/ Yoast SEO plugin. -->","yoast_head_json":{"title":"Starter-Set: Guide + Vorlagen | Auch du kannst malen! | Papierblau","description":"Malen lernen leicht gemacht. Erfahre alles \u00fcber Pinsel, Aquarellfarbe, Farbmischung, Papier & Maltechniken und erhalte Vorlagen f\u00fcr einen einfachen Start.","robots":{"index":"index","follow":"follow","max-snippet":"max-snippet:-1","max-image-preview":"max-image-preview:large","max-video-preview":"max-video-preview:-1"},"canonical":"https:\/\/papierblau.ch\/en\/product\/starter-set-guide-vorlagen\/","og_locale":"en_GB","og_type":"article","og_title":"Starter-Set: Guide + Vorlagen | Auch du kannst malen! | Papierblau","og_description":"Malen lernen leicht gemacht. Erfahre alles \u00fcber Pinsel, Aquarellfarbe, Farbmischung, Papier & Maltechniken und erhalte Vorlagen f\u00fcr einen einfachen Start.","og_url":"https:\/\/papierblau.ch\/en\/product\/starter-set-guide-vorlagen\/","og_site_name":"Papierblau","article_publisher":"https:\/\/facebook.com\/papierblau.ch","article_modified_time":"2025-02-10T13:45:45+00:00","og_image":[{"width":1500,"height":1500,"url":"https:\/\/papierblau.ch\/wp-content\/uploads\/2024\/01\/guide_plus_vorlagen_1-1.jpg","type":"image\/jpeg"}],"twitter_misc":{"Estimated reading time":"3 minutes"},"schema":{"@context":"https:\/\/schema.org","@graph":[{"@type":"WebPage","@id":"https:\/\/papierblau.ch\/produkt\/starter-set-guide-vorlagen\/","url":"https:\/\/papierblau.ch\/produkt\/starter-set-guide-vorlagen\/","name":"Starter-Set: Guide + Vorlagen | Auch du kannst malen! | Papierblau","isPartOf":{"@id":"https:\/\/papierblau.ch\/#website"},"primaryImageOfPage":{"@id":"https:\/\/papierblau.ch\/produkt\/starter-set-guide-vorlagen\/#primaryimage"},"image":{"@id":"https:\/\/papierblau.ch\/produkt\/starter-set-guide-vorlagen\/#primaryimage"},"thumbnailUrl":"https:\/\/papierblau.ch\/wp-content\/uploads\/2024\/01\/guide_plus_vorlagen_1-1.jpg","datePublished":"2024-01-31T10:24:57+00:00","dateModified":"2025-02-10T13:45:45+00:00","description":"Malen lernen leicht gemacht. Erfahre alles \u00fcber Pinsel, Aquarellfarbe, Farbmischung, Papier & Maltechniken und erhalte Vorlagen f\u00fcr einen einfachen Start.","breadcrumb":{"@id":"https:\/\/papierblau.ch\/produkt\/starter-set-guide-vorlagen\/#breadcrumb"},"inLanguage":"en-GB","potentialAction":[{"@type":"ReadAction","target":["https:\/\/papierblau.ch\/produkt\/starter-set-guide-vorlagen\/"]}]},{"@type":"ImageObject","inLanguage":"en-GB","@id":"https:\/\/papierblau.ch\/produkt\/starter-set-guide-vorlagen\/#primaryimage","url":"https:\/\/papierblau.ch\/wp-content\/uploads\/2024\/01\/guide_plus_vorlagen_1-1.jpg","contentUrl":"https:\/\/papierblau.ch\/wp-content\/uploads\/2024\/01\/guide_plus_vorlagen_1-1.jpg","width":1500,"height":1500,"caption":"Starter-Set: Guide und Vorlagen, Malen lernen leicht gemacht"},{"@type":"BreadcrumbList","@id":"https:\/\/papierblau.ch\/produkt\/starter-set-guide-vorlagen\/#breadcrumb","itemListElement":[{"@type":"ListItem","position":1,"name":"Startseite","item":"https:\/\/papierblau.ch\/"},{"@type":"ListItem","position":2,"name":"Produkte","item":"https:\/\/papierblau.ch\/produkte\/"},{"@type":"ListItem","position":3,"name":"Starter-Set: Guide + Vorlagen"}]},{"@type":"WebSite","@id":"https:\/\/papierblau.ch\/#website","url":"https:\/\/papierblau.ch\/","name":"Papierblau","description":"Karten, Sticker und mehr","publisher":{"@id":"https:\/\/papierblau.ch\/#organization"},"potentialAction":[{"@type":"SearchAction","target":{"@type":"EntryPoint","urlTemplate":"https:\/\/papierblau.ch\/?s={search_term_string}"},"query-input":{"@type":"PropertyValueSpecification","valueRequired":true,"valueName":"search_term_string"}}],"inLanguage":"en-GB"},{"@type":"Organization","@id":"https:\/\/papierblau.ch\/#organization","name":"Papierblau","url":"https:\/\/papierblau.ch\/","logo":{"@type":"ImageObject","inLanguage":"en-GB","@id":"https:\/\/papierblau.ch\/#\/schema\/logo\/image\/","url":"https:\/\/papierblau.ch\/wp-content\/uploads\/2020\/05\/cropped-Logo_bild.png","contentUrl":"https:\/\/papierblau.ch\/wp-content\/uploads\/2020\/05\/cropped-Logo_bild.png","width":512,"height":512,"caption":"Papierblau"},"image":{"@id":"https:\/\/papierblau.ch\/#\/schema\/logo\/image\/"},"sameAs":["https:\/\/facebook.com\/papierblau.ch","https:\/\/instagram.com\/papierblau"]}]}},"_links":{"self":[{"href":"https:\/\/papierblau.ch\/en\/wp-json\/wp\/v2\/product\/33296","targetHints":{"allow":["GET"]}}],"collection":[{"href":"https:\/\/papierblau.ch\/en\/wp-json\/wp\/v2\/product"}],"about":[{"href":"https:\/\/papierblau.ch\/en\/wp-json\/wp\/v2\/types\/product"}],"replies":[{"embeddable":true,"href":"https:\/\/papierblau.ch\/en\/wp-json\/wp\/v2\/comments?post=33296"}],"wp:featuredmedia":[{"embeddable":true,"href":"https:\/\/papierblau.ch\/en\/wp-json\/wp\/v2\/media\/33300"}],"wp:attachment":[{"href":"https:\/\/papierblau.ch\/en\/wp-json\/wp\/v2\/media?parent=33296"}],"wp:term":[{"taxonomy":"product_brand","embeddable":true,"href":"https:\/\/papierblau.ch\/en\/wp-json\/wp\/v2\/product_brand?post=33296"},{"taxonomy":"product_cat","embeddable":true,"href":"https:\/\/papierblau.ch\/en\/wp-json\/wp\/v2\/product_cat?post=33296"},{"taxonomy":"product_tag","embeddable":true,"href":"https:\/\/papierblau.ch\/en\/wp-json\/wp\/v2\/product_tag?post=33296"}],"curies":[{"name":"wp","href":"https:\/\/api.w.org\/{rel}","templated":true}]}}